{"id":94,"date":"2024-02-08T11:41:54","date_gmt":"2024-02-08T03:41:54","guid":{"rendered":"https:\/\/flavorfiesta.foodiesconnect.net\/vn\/?page_id=94"},"modified":"2024-03-13T16:44:19","modified_gmt":"2024-03-13T08:44:19","slug":"pasta","status":"publish","type":"page","link":"https:\/\/flavorfiesta.foodiesconnect.net\/vn\/pasta\/","title":{"rendered":"Pasta"},"content":{"rendered":"<div class='pt-cv-wrapper'> <div class=\"pt-cv-view pt-cv-blockgrid iscvblock iscvreal grid1 layout1 cveffect-zoomin\" id=\"pt-cv-view-7dr8k85x\"><div data-id=\"pt-cv-page-1\" class=\"pt-cv-page\" data-cvc=\"3\"><div class=\" pt-cv-content-item pt-cv-1-col\" ><div class=\"pt-cv-thumb-wrapper  \"><a href=\"https:\/\/flavorfiesta.foodiesconnect.net\/vn\/flavors-of-the-pasta-world-a-flipbook-journey-through-5-classic-pasta-paste-recipes\/\" class=\"_self pt-cv-href-thumbnail pt-cv-thumb-default\" target=\"_self\" ><img loading=\"lazy\" decoding=\"async\" width=\"681\" height=\"682\" src=\"https:\/\/flavorfiesta.foodiesconnect.net\/vn\/wp-content\/uploads\/sites\/10\/2026\/03\/Screenshot-2024-02-08-at-10.31.40-AM.png\" class=\"pt-cv-thumbnail\" alt=\"\" \/><\/a><\/div>\n<div class=\"pt-cv-taxoterm above_title\"><a href='https:\/\/flavorfiesta.foodiesconnect.net\/vn\/category\/pasta\/' title='Pasta' class='pt-cv-tax-pasta'>Pasta<\/a><\/div>\n<h4 class=\"pt-cv-title\"><a href=\"https:\/\/flavorfiesta.foodiesconnect.net\/vn\/flavors-of-the-pasta-world-a-flipbook-journey-through-5-classic-pasta-paste-recipes\/\" class=\"_self\" target=\"_self\" >H\u01b0\u01a1ng V\u1ecb Th\u1ebf Gi\u1edbi M\u00ec \u00dd: M\u1ed9t H\u00e0nh Tr\u00ecnh Flipbook Qua 5 C\u00f4ng Th\u1ee9c M\u00f3n M\u00ec \u00dd Truy\u1ec1n Th\u1ed1ng<\/a><\/h4>\n<div class=\"pt-cv-rmwrap\"><a href=\"https:\/\/flavorfiesta.foodiesconnect.net\/vn\/flavors-of-the-pasta-world-a-flipbook-journey-through-5-classic-pasta-paste-recipes\/\" class=\"_self pt-cv-readmore btn btn-success\" target=\"_self\" >Xem Chi Ti\u1ebft<\/a><\/div><\/div>\n<div class=\" pt-cv-content-item pt-cv-1-col\" ><div class=\"pt-cv-thumb-wrapper  \"><a href=\"https:\/\/flavorfiesta.foodiesconnect.net\/vn\/the-art-of-pasta-a-journey-through-flavors-and-techniques\/\" class=\"_self pt-cv-href-thumbnail pt-cv-thumb-default\" target=\"_self\" ><img loading=\"lazy\" decoding=\"async\" width=\"680\" height=\"680\" src=\"https:\/\/flavorfiesta.foodiesconnect.net\/vn\/wp-content\/uploads\/sites\/10\/2026\/03\/Screenshot-2024-02-14-at-1.59.43-PM.png\" class=\"pt-cv-thumbnail\" alt=\"\" \/><\/a><\/div>\n<div class=\"pt-cv-taxoterm above_title\"><a href='https:\/\/flavorfiesta.foodiesconnect.net\/vn\/category\/pasta\/' title='Pasta' class='pt-cv-tax-pasta'>Pasta<\/a><\/div>\n<h4 class=\"pt-cv-title\"><a href=\"https:\/\/flavorfiesta.foodiesconnect.net\/vn\/the-art-of-pasta-a-journey-through-flavors-and-techniques\/\" class=\"_self\" target=\"_self\" >Ngh\u1ec7 thu\u1eadt l\u00e0m m\u00ec: M\u1ed9t h\u00e0nh tr\u00ecnh qua h\u01b0\u01a1ng v\u1ecb v\u00e0 k\u1ef9 thu\u1eadt<\/a><\/h4>\n<div class=\"pt-cv-rmwrap\"><a href=\"https:\/\/flavorfiesta.foodiesconnect.net\/vn\/the-art-of-pasta-a-journey-through-flavors-and-techniques\/\" class=\"_self pt-cv-readmore btn btn-success\" target=\"_self\" >Xem Chi Ti\u1ebft<\/a><\/div><\/div>\n<div class=\" pt-cv-content-item pt-cv-1-col\" ><div class=\"pt-cv-thumb-wrapper  \"><a href=\"https:\/\/flavorfiesta.foodiesconnect.net\/vn\/global-pasta-delights-a-culinary-journey-of-international-flavors\/\" class=\"_self pt-cv-href-thumbnail pt-cv-thumb-default\" target=\"_self\" ><img loading=\"lazy\" decoding=\"async\" width=\"680\" height=\"681\" src=\"https:\/\/flavorfiesta.foodiesconnect.net\/vn\/wp-content\/uploads\/sites\/10\/2026\/03\/Screenshot-2024-02-14-at-2.19.30-PM.png\" class=\"pt-cv-thumbnail\" alt=\"\" \/><\/a><\/div>\n<div class=\"pt-cv-taxoterm above_title\"><a href='https:\/\/flavorfiesta.foodiesconnect.net\/vn\/category\/pasta\/' title='Pasta' class='pt-cv-tax-pasta'>Pasta<\/a><\/div>\n<h4 class=\"pt-cv-title\"><a href=\"https:\/\/flavorfiesta.foodiesconnect.net\/vn\/global-pasta-delights-a-culinary-journey-of-international-flavors\/\" class=\"_self\" target=\"_self\" >Nh\u1eefng \u0110\u1eb7c S\u1ea3n M\u00ec Th\u1ebf Gi\u1edbi: M\u1ed9t H\u00e0nh Tr\u00ecnh \u1ea8m Th\u1ef1c V\u1edbi H\u01b0\u01a1ng V\u1ecb Qu\u1ed1c T\u1ebf<\/a><\/h4>\n<div class=\"pt-cv-rmwrap\"><a href=\"https:\/\/flavorfiesta.foodiesconnect.net\/vn\/global-pasta-delights-a-culinary-journey-of-international-flavors\/\" class=\"_self pt-cv-readmore btn btn-success\" target=\"_self\" >Xem Chi Ti\u1ebft<\/a><\/div><\/div>\n<div class=\" pt-cv-content-item pt-cv-1-col\" ><div class=\"pt-cv-thumb-wrapper  \"><a href=\"https:\/\/flavorfiesta.foodiesconnect.net\/vn\/pasta-primer-a-beginners-guide-to-noodles\/\" class=\"_self pt-cv-href-thumbnail pt-cv-thumb-default\" target=\"_self\" ><img loading=\"lazy\" decoding=\"async\" width=\"680\" height=\"680\" src=\"https:\/\/flavorfiesta.foodiesconnect.net\/vn\/wp-content\/uploads\/sites\/10\/2026\/03\/Pasta-Primer_-A-Beginners-Guide-to-Noodles-Cover-Page-1.jpg\" class=\"pt-cv-thumbnail\" alt=\"\" \/><\/a><\/div>\n<div class=\"pt-cv-taxoterm above_title\"><a href='https:\/\/flavorfiesta.foodiesconnect.net\/vn\/category\/pasta\/' title='Pasta' class='pt-cv-tax-pasta'>Pasta<\/a><\/div>\n<h4 class=\"pt-cv-title\"><a href=\"https:\/\/flavorfiesta.foodiesconnect.net\/vn\/pasta-primer-a-beginners-guide-to-noodles\/\" class=\"_self\" target=\"_self\" >Gi\u1edbi thi\u1ec7u v\u1ec1 m\u00ec \u1ed1ng: H\u01b0\u1edbng d\u1eabn d\u00e0nh cho ng\u01b0\u1eddi m\u1edbi b\u1eaft \u0111\u1ea7u v\u1ec1 m\u00ec<\/a><\/h4>\n<div class=\"pt-cv-rmwrap\"><a href=\"https:\/\/flavorfiesta.foodiesconnect.net\/vn\/pasta-primer-a-beginners-guide-to-noodles\/\" class=\"_self pt-cv-readmore btn btn-success\" target=\"_self\" >Xem Chi Ti\u1ebft<\/a><\/div><\/div>\n<div class=\" pt-cv-content-item pt-cv-1-col\" ><div class=\"pt-cv-thumb-wrapper  \"><a href=\"https:\/\/flavorfiesta.foodiesconnect.net\/vn\/saucy-secrets-exploring-pasta-sauces-from-around-the-world\/\" class=\"_self pt-cv-href-thumbnail pt-cv-thumb-default\" target=\"_self\" ><img loading=\"lazy\" decoding=\"async\" width=\"680\" height=\"680\" src=\"https:\/\/flavorfiesta.foodiesconnect.net\/vn\/wp-content\/uploads\/sites\/10\/2026\/03\/Saucy-Secrets_-Exploring-Pasta-Sauces-from-Around-the-World-Cover-Page.jpg\" class=\"pt-cv-thumbnail\" alt=\"\" \/><\/a><\/div>\n<div class=\"pt-cv-taxoterm above_title\"><a href='https:\/\/flavorfiesta.foodiesconnect.net\/vn\/category\/pasta\/' title='Pasta' class='pt-cv-tax-pasta'>Pasta<\/a><\/div>\n<h4 class=\"pt-cv-title\"><a href=\"https:\/\/flavorfiesta.foodiesconnect.net\/vn\/saucy-secrets-exploring-pasta-sauces-from-around-the-world\/\" class=\"_self\" target=\"_self\" >B\u00ed m\u1eadt h\u1ea5p d\u1eabn: Kh\u00e1m ph\u00e1 c\u00e1c lo\u1ea1i s\u1ed1t m\u00ec \u00dd t\u1eeb kh\u1eafp n\u01a1i tr\u00ean th\u1ebf gi\u1edbi<\/a><\/h4>\n<div class=\"pt-cv-rmwrap\"><a href=\"https:\/\/flavorfiesta.foodiesconnect.net\/vn\/saucy-secrets-exploring-pasta-sauces-from-around-the-world\/\" class=\"_self pt-cv-readmore btn btn-success\" target=\"_self\" >Xem Chi Ti\u1ebft<\/a><\/div><\/div>\n<div class=\" pt-cv-content-item pt-cv-1-col\" ><div class=\"pt-cv-thumb-wrapper  \"><a href=\"https:\/\/flavorfiesta.foodiesconnect.net\/vn\/one-pot-wonders-easy-and-effortless-pasta-meals\/\" class=\"_self pt-cv-href-thumbnail pt-cv-thumb-default\" target=\"_self\" ><img loading=\"lazy\" decoding=\"async\" width=\"680\" height=\"680\" src=\"https:\/\/flavorfiesta.foodiesconnect.net\/vn\/wp-content\/uploads\/sites\/10\/2026\/03\/One-Pot-Wonders_-Easy-and-Effortless-Pasta-Meals-Cover-Page.jpg\" class=\"pt-cv-thumbnail\" alt=\"\" \/><\/a><\/div>\n<div class=\"pt-cv-taxoterm above_title\"><a href='https:\/\/flavorfiesta.foodiesconnect.net\/vn\/category\/pasta\/' title='Pasta' class='pt-cv-tax-pasta'>Pasta<\/a><\/div>\n<h4 class=\"pt-cv-title\"><a href=\"https:\/\/flavorfiesta.foodiesconnect.net\/vn\/one-pot-wonders-easy-and-effortless-pasta-meals\/\" class=\"_self\" target=\"_self\" >Nh\u1eefng \u0111i\u1ec1u k\u1ef3 di\u1ec7u trong m\u1ed9t n\u1ed3i: C\u00e1c m\u00f3n m\u00ec d\u1ec5 l\u00e0m v\u00e0 kh\u00f4ng t\u1ed1n c\u00f4ng<\/a><\/h4>\n<div class=\"pt-cv-rmwrap\"><a href=\"https:\/\/flavorfiesta.foodiesconnect.net\/vn\/one-pot-wonders-easy-and-effortless-pasta-meals\/\" class=\"_self pt-cv-readmore btn btn-success\" target=\"_self\" >Xem Chi Ti\u1ebft<\/a><\/div><\/div>\n<div class=\" pt-cv-content-item pt-cv-1-col\" ><div class=\"pt-cv-thumb-wrapper  \"><a href=\"https:\/\/flavorfiesta.foodiesconnect.net\/vn\/pasta-for-health-nutrient-packed-recipes-for-wellness\/\" class=\"_self pt-cv-href-thumbnail pt-cv-thumb-default\" target=\"_self\" ><img loading=\"lazy\" decoding=\"async\" width=\"680\" height=\"680\" src=\"https:\/\/flavorfiesta.foodiesconnect.net\/vn\/wp-content\/uploads\/sites\/10\/2026\/03\/Pasta-for-Health_-Nutrient-Packed-Recipes-for-Wellness-Cover-Page-1.jpg\" class=\"pt-cv-thumbnail\" alt=\"\" \/><\/a><\/div>\n<div class=\"pt-cv-taxoterm above_title\"><a href='https:\/\/flavorfiesta.foodiesconnect.net\/vn\/category\/pasta\/' title='Pasta' class='pt-cv-tax-pasta'>Pasta<\/a><\/div>\n<h4 class=\"pt-cv-title\"><a href=\"https:\/\/flavorfiesta.foodiesconnect.net\/vn\/pasta-for-health-nutrient-packed-recipes-for-wellness\/\" class=\"_self\" target=\"_self\" >M\u00ec \u1ed1ng cho s\u1ee9c kh\u1ecfe: C\u00e1c c\u00f4ng th\u1ee9c gi\u00e0u dinh d\u01b0\u1ee1ng v\u00ec s\u1ef1 kh\u1ecfe m\u1ea1nh<\/a><\/h4>\n<div class=\"pt-cv-rmwrap\"><a href=\"https:\/\/flavorfiesta.foodiesconnect.net\/vn\/pasta-for-health-nutrient-packed-recipes-for-wellness\/\" class=\"_self pt-cv-readmore btn btn-success\" target=\"_self\" >Xem Chi Ti\u1ebft<\/a><\/div><\/div>\n<div class=\" pt-cv-content-item pt-cv-1-col\" ><div class=\"pt-cv-thumb-wrapper  \"><a href=\"https:\/\/flavorfiesta.foodiesconnect.net\/vn\/diy-pasta-homemade-noodles-from-scratch\/\" class=\"_self pt-cv-href-thumbnail pt-cv-thumb-default\" target=\"_self\" ><img loading=\"lazy\" decoding=\"async\" width=\"680\" height=\"680\" src=\"https:\/\/flavorfiesta.foodiesconnect.net\/vn\/wp-content\/uploads\/sites\/10\/2026\/03\/DIY-Pasta_-Homemade-Noodles-from-Scratch-.jpg\" class=\"pt-cv-thumbnail\" alt=\"\" \/><\/a><\/div>\n<div class=\"pt-cv-taxoterm above_title\"><a href='https:\/\/flavorfiesta.foodiesconnect.net\/vn\/category\/pasta\/' title='Pasta' class='pt-cv-tax-pasta'>Pasta<\/a><\/div>\n<h4 class=\"pt-cv-title\"><a href=\"https:\/\/flavorfiesta.foodiesconnect.net\/vn\/diy-pasta-homemade-noodles-from-scratch\/\" class=\"_self\" target=\"_self\" >M\u00ec homemade: M\u00ec th\u1ee7 c\u00f4ng t\u1eeb \u0111\u1ea7u<\/a><\/h4>\n<div class=\"pt-cv-rmwrap\"><a href=\"https:\/\/flavorfiesta.foodiesconnect.net\/vn\/diy-pasta-homemade-noodles-from-scratch\/\" class=\"_self pt-cv-readmore btn btn-success\" target=\"_self\" >Xem Chi Ti\u1ebft<\/a><\/div><\/div>\n<div class=\" pt-cv-content-item pt-cv-1-col\" ><div class=\"pt-cv-thumb-wrapper  \"><a href=\"https:\/\/flavorfiesta.foodiesconnect.net\/vn\/tips-and-tricks-from-professional-chefs\/\" class=\"_self pt-cv-href-thumbnail pt-cv-thumb-default\" target=\"_self\" ><img loading=\"lazy\" decoding=\"async\" width=\"680\" height=\"680\" src=\"https:\/\/flavorfiesta.foodiesconnect.net\/vn\/wp-content\/uploads\/sites\/10\/2026\/03\/Tips-and-Tricks-from-Professional-Chefs-Cover-Page.jpg\" class=\"pt-cv-thumbnail\" alt=\"\" \/><\/a><\/div>\n<div class=\"pt-cv-taxoterm above_title\"><a href='https:\/\/flavorfiesta.foodiesconnect.net\/vn\/category\/pasta\/' title='Pasta' class='pt-cv-tax-pasta'>Pasta<\/a><\/div>\n<h4 class=\"pt-cv-title\"><a href=\"https:\/\/flavorfiesta.foodiesconnect.net\/vn\/tips-and-tricks-from-professional-chefs\/\" class=\"_self\" target=\"_self\" >M\u1eb9o v\u00e0 th\u1ee7 thu\u1eadt t\u1eeb c\u00e1c \u0111\u1ea7u b\u1ebfp chuy\u00ean nghi\u1ec7p<\/a><\/h4>\n<div class=\"pt-cv-rmwrap\"><a href=\"https:\/\/flavorfiesta.foodiesconnect.net\/vn\/tips-and-tricks-from-professional-chefs\/\" class=\"_self pt-cv-readmore btn btn-success\" target=\"_self\" >Xem Chi Ti\u1ebft<\/a><\/div><\/div><\/div><\/div>\n<div class=\" pt-cv-pagination-wrapper\"><ul class=\"pt-cv-pagination pt-cv-ajax pagination\" data-totalpages=\"2\" data-currentpage=\"1\" data-sid=\"7dr8k85x\" data-unid=\"\" data-isblock=\"grid1\" data-postid=\"0\"><li class=\"active\"><a href=\"#\">1<\/a><\/li>\n\t<li ><a class=\"\" href=\"https:\/\/flavorfiesta.foodiesconnect.net\/vn\/wp-json\/wp\/v2\/pages\/94\/?_page=2\">2<\/a><\/li>\n\t<li ><a class=\" \" href=\"https:\/\/flavorfiesta.foodiesconnect.net\/vn\/wp-json\/wp\/v2\/pages\/94\/?_page=2\">&rsaquo;<\/a><\/li>\n\t<\/ul><img loading=\"lazy\" decoding=\"async\" width=\"15\" height=\"15\" class=\"pt-cv-spinner\" alt=\"Loading...\" src=\"data:image\/gif;base64,R0lGODlhDwAPALMPAMrKygwMDJOTkz09PZWVla+vr3p6euTk5M7OzuXl5TMzMwAAAJmZmWZmZszMzP\/\/\/yH\/C05FVFNDQVBFMi4wAwEAAAAh+QQFCgAPACwAAAAADwAPAAAEQvDJaZaZOIcV8iQK8VRX4iTYoAwZ4iCYoAjZ4RxejhVNoT+mRGP4cyF4Pp0N98sBGIBMEMOotl6YZ3S61Bmbkm4mAgAh+QQFCgAPACwAAAAADQANAAAENPDJSRSZeA418itN8QiK8BiLITVsFiyBBIoYqnoewAD4xPw9iY4XLGYSjkQR4UAUD45DLwIAIfkEBQoADwAsAAAAAA8ACQAABC\/wyVlamTi3nSdgwFNdhEJgTJoNyoB9ISYoQmdjiZPcj7EYCAeCF1gEDo4Dz2eIAAAh+QQFCgAPACwCAAAADQANAAAEM\/DJBxiYeLKdX3IJZT1FU0iIg2RNKx3OkZVnZ98ToRD4MyiDnkAh6BkNC0MvsAj0kMpHBAAh+QQFCgAPACwGAAAACQAPAAAEMDC59KpFDll73HkAA2wVY5KgiK5b0RRoI6MuzG6EQqCDMlSGheEhUAgqgUUAFRySIgAh+QQFCgAPACwCAAIADQANAAAEM\/DJKZNLND\/kkKaHc3xk+QAMYDKsiaqmZCxGVjSFFCxB1vwy2oOgIDxuucxAMTAJFAJNBAAh+QQFCgAPACwAAAYADwAJAAAEMNAs86q1yaWwwv2Ig0jUZx3OYa4XoRAfwADXoAwfo1+CIjyFRuEho60aSNYlOPxEAAAh+QQFCgAPACwAAAIADQANAAAENPA9s4y8+IUVcqaWJ4qEQozSoAzoIyhCK2NFU2SJk0hNnyEOhKR2AzAAj4Pj4GE4W0bkJQIAOw==\" \/><div class=\"clear pt-cv-clear-pagination\"><\/div><\/div> <\/div> <style>\n\n#pt-cv-view-7dr8k85x .pt-cv-meta-fields {  }#pt-cv-view-7dr8k85x .pt-cv-meta-fields * { font-size: 13px; }#pt-cv-view-7dr8k85x .pt-cv-thumb-wrapper:not(.miniwrap) {  }#pt-cv-view-7dr8k85x .pt-cv-thumbnail:not(.pt-cv-thumbnailsm) { height: 400px; }#pt-cv-view-7dr8k85x .pt-cv-title a { display: block; }#pt-cv-view-7dr8k85x .pt-cv-title:not(.pt-cv-titlesm) a { font-weight: 600;text-decoration: none;font-size: 20px; }#pt-cv-view-7dr8k85x .pt-cv-titlesm a { font-weight: 600;font-size: 18px; }#pt-cv-view-7dr8k85x .pt-cv-content { font-size: 15px; }#pt-cv-view-7dr8k85x .pt-cv-readmore { color: #fff;background-color: #0075ff;font-size: 14px; }#pt-cv-view-7dr8k85x .pt-cv-taxoterm {  }#pt-cv-view-7dr8k85x .pt-cv-taxoterm * { color: #222;background-color: #fff6f6;font-size: 14px; }#pt-cv-view-7dr8k85x + .pt-cv-pagination-wrapper {  }#pt-cv-view-7dr8k85x + .pt-cv-pagination-wrapper a { font-size: 14px; }#pt-cv-view-7dr8k85x > .pt-cv-page {grid-template-columns: repeat(3, 1fr);grid-gap: 20px;}\n@media all and (max-width: 1024px) { \n#pt-cv-view-7dr8k85x > .pt-cv-page {grid-template-columns: repeat(2, 1fr);}\n} \n@media all and (max-width: 767px) { \n#pt-cv-view-7dr8k85x > .pt-cv-page {grid-template-columns: repeat(1, 1fr);}\n} <\/style>","protected":false},"excerpt":{"rendered":"","protected":false},"author":1,"featured_media":0,"parent":0,"menu_order":0,"comment_status":"closed","ping_status":"closed","template":"","meta":{"footnotes":""},"class_list":["post-94","page","type-page","status-publish","hentry"],"yoast_head":"<!-- This site is optimized with the Yoast SEO plugin v23.9 - https:\/\/yoast.com\/wordpress\/plugins\/seo\/ -->\n<title>Pasta - Flavor Fiesta Vietnamese<\/title>\n<meta name=\"robots\" content=\"index, follow, max-snippet:-1, max-image-preview:large, max-video-preview:-1\" \/>\n<link rel=\"canonical\" href=\"https:\/\/flavorfiesta.foodiesconnect.net\/vn\/pasta\/\" \/>\n<meta property=\"og:locale\" content=\"vi_VN\" \/>\n<meta property=\"og:type\" content=\"article\" \/>\n<meta property=\"og:title\" content=\"Pasta - Flavor Fiesta Vietnamese\" \/>\n<meta property=\"og:url\" content=\"https:\/\/flavorfiesta.foodiesconnect.net\/vn\/pasta\/\" \/>\n<meta property=\"og:site_name\" content=\"Flavor Fiesta Vietnamese\" \/>\n<meta property=\"article:modified_time\" content=\"2024-03-13T08:44:19+00:00\" \/>\n<meta name=\"twitter:card\" content=\"summary_large_image\" \/>\n<script type=\"application\/ld+json\" class=\"yoast-schema-graph\">{\"@context\":\"https:\/\/schema.org\",\"@graph\":[{\"@type\":\"WebPage\",\"@id\":\"https:\/\/flavorfiesta.foodiesconnect.net\/vn\/pasta\/\",\"url\":\"https:\/\/flavorfiesta.foodiesconnect.net\/vn\/pasta\/\",\"name\":\"Pasta - Flavor Fiesta Vietnamese\",\"isPartOf\":{\"@id\":\"https:\/\/flavorfiesta.foodiesconnect.net\/vn\/#website\"},\"datePublished\":\"2024-02-08T03:41:54+00:00\",\"dateModified\":\"2024-03-13T08:44:19+00:00\",\"breadcrumb\":{\"@id\":\"https:\/\/flavorfiesta.foodiesconnect.net\/vn\/pasta\/#breadcrumb\"},\"inLanguage\":\"vi\",\"potentialAction\":[{\"@type\":\"ReadAction\",\"target\":[\"https:\/\/flavorfiesta.foodiesconnect.net\/vn\/pasta\/\"]}]},{\"@type\":\"BreadcrumbList\",\"@id\":\"https:\/\/flavorfiesta.foodiesconnect.net\/vn\/pasta\/#breadcrumb\",\"itemListElement\":[{\"@type\":\"ListItem\",\"position\":1,\"name\":\"Home\",\"item\":\"https:\/\/flavorfiesta.foodiesconnect.net\/vn\/\"},{\"@type\":\"ListItem\",\"position\":2,\"name\":\"Pasta\"}]},{\"@type\":\"WebSite\",\"@id\":\"https:\/\/flavorfiesta.foodiesconnect.net\/vn\/#website\",\"url\":\"https:\/\/flavorfiesta.foodiesconnect.net\/vn\/\",\"name\":\"Flavor Fiesta Vietnamese\",\"description\":\"\",\"potentialAction\":[{\"@type\":\"SearchAction\",\"target\":{\"@type\":\"EntryPoint\",\"urlTemplate\":\"https:\/\/flavorfiesta.foodiesconnect.net\/vn\/?s={search_term_string}\"},\"query-input\":{\"@type\":\"PropertyValueSpecification\",\"valueRequired\":true,\"valueName\":\"search_term_string\"}}],\"inLanguage\":\"vi\"}]}<\/script>\n<!-- \/ Yoast SEO plugin. -->","yoast_head_json":{"title":"Pasta - Flavor Fiesta Vietnamese","robots":{"index":"index","follow":"follow","max-snippet":"max-snippet:-1","max-image-preview":"max-image-preview:large","max-video-preview":"max-video-preview:-1"},"canonical":"https:\/\/flavorfiesta.foodiesconnect.net\/vn\/pasta\/","og_locale":"vi_VN","og_type":"article","og_title":"Pasta - Flavor Fiesta Vietnamese","og_url":"https:\/\/flavorfiesta.foodiesconnect.net\/vn\/pasta\/","og_site_name":"Flavor Fiesta Vietnamese","article_modified_time":"2024-03-13T08:44:19+00:00","twitter_card":"summary_large_image","schema":{"@context":"https:\/\/schema.org","@graph":[{"@type":"WebPage","@id":"https:\/\/flavorfiesta.foodiesconnect.net\/vn\/pasta\/","url":"https:\/\/flavorfiesta.foodiesconnect.net\/vn\/pasta\/","name":"Pasta - Flavor Fiesta Vietnamese","isPartOf":{"@id":"https:\/\/flavorfiesta.foodiesconnect.net\/vn\/#website"},"datePublished":"2024-02-08T03:41:54+00:00","dateModified":"2024-03-13T08:44:19+00:00","breadcrumb":{"@id":"https:\/\/flavorfiesta.foodiesconnect.net\/vn\/pasta\/#breadcrumb"},"inLanguage":"vi","potentialAction":[{"@type":"ReadAction","target":["https:\/\/flavorfiesta.foodiesconnect.net\/vn\/pasta\/"]}]},{"@type":"BreadcrumbList","@id":"https:\/\/flavorfiesta.foodiesconnect.net\/vn\/pasta\/#breadcrumb","itemListElement":[{"@type":"ListItem","position":1,"name":"Home","item":"https:\/\/flavorfiesta.foodiesconnect.net\/vn\/"},{"@type":"ListItem","position":2,"name":"Pasta"}]},{"@type":"WebSite","@id":"https:\/\/flavorfiesta.foodiesconnect.net\/vn\/#website","url":"https:\/\/flavorfiesta.foodiesconnect.net\/vn\/","name":"Flavor Fiesta Vietnamese","description":"","potentialAction":[{"@type":"SearchAction","target":{"@type":"EntryPoint","urlTemplate":"https:\/\/flavorfiesta.foodiesconnect.net\/vn\/?s={search_term_string}"},"query-input":{"@type":"PropertyValueSpecification","valueRequired":true,"valueName":"search_term_string"}}],"inLanguage":"vi"}]}},"_links":{"self":[{"href":"https:\/\/flavorfiesta.foodiesconnect.net\/vn\/wp-json\/wp\/v2\/pages\/94","targetHints":{"allow":["GET"]}}],"collection":[{"href":"https:\/\/flavorfiesta.foodiesconnect.net\/vn\/wp-json\/wp\/v2\/pages"}],"about":[{"href":"https:\/\/flavorfiesta.foodiesconnect.net\/vn\/wp-json\/wp\/v2\/types\/page"}],"author":[{"embeddable":true,"href":"https:\/\/flavorfiesta.foodiesconnect.net\/vn\/wp-json\/wp\/v2\/users\/1"}],"replies":[{"embeddable":true,"href":"https:\/\/flavorfiesta.foodiesconnect.net\/vn\/wp-json\/wp\/v2\/comments?post=94"}],"version-history":[{"count":3,"href":"https:\/\/flavorfiesta.foodiesconnect.net\/vn\/wp-json\/wp\/v2\/pages\/94\/revisions"}],"predecessor-version":[{"id":339,"href":"https:\/\/flavorfiesta.foodiesconnect.net\/vn\/wp-json\/wp\/v2\/pages\/94\/revisions\/339"}],"wp:attachment":[{"href":"https:\/\/flavorfiesta.foodiesconnect.net\/vn\/wp-json\/wp\/v2\/media?parent=94"}],"curies":[{"name":"wp","href":"https:\/\/api.w.org\/{rel}","templated":true}]}}