{"id":70,"date":"2024-02-08T11:10:59","date_gmt":"2024-02-08T03:10:59","guid":{"rendered":"https:\/\/flavorfiesta.foodiesconnect.net\/vn\/?page_id=70"},"modified":"2024-03-13T16:44:31","modified_gmt":"2024-03-13T08:44:31","slug":"soup","status":"publish","type":"page","link":"https:\/\/flavorfiesta.foodiesconnect.net\/vn\/soup\/","title":{"rendered":"Soup"},"content":{"rendered":"<div class='pt-cv-wrapper'> <div class=\"pt-cv-view pt-cv-blockgrid iscvblock iscvreal grid1 layout1 cveffect-zoomin\" id=\"pt-cv-view-7dr8k85x\"><div data-id=\"pt-cv-page-1\" class=\"pt-cv-page\" data-cvc=\"3\"><div class=\" pt-cv-content-item pt-cv-1-col\" ><div class=\"pt-cv-thumb-wrapper  \"><a href=\"https:\/\/flavorfiesta.foodiesconnect.net\/vn\/soup-delights-a-collection-of-nourishing-recipes-for-every-palate\/\" class=\"_self pt-cv-href-thumbnail pt-cv-thumb-default\" target=\"_self\" ><img loading=\"lazy\" decoding=\"async\" width=\"681\" height=\"681\" src=\"https:\/\/flavorfiesta.foodiesconnect.net\/vn\/wp-content\/uploads\/sites\/10\/2026\/03\/Screenshot-2024-02-08-at-9.46.28-AM.png\" class=\"pt-cv-thumbnail\" alt=\"\" \/><\/a><\/div>\n<div class=\"pt-cv-taxoterm above_title\"><a href='https:\/\/flavorfiesta.foodiesconnect.net\/vn\/category\/soup\/' title='Soup' class='pt-cv-tax-soup'>Soup<\/a><\/div>\n<h4 class=\"pt-cv-title\"><a href=\"https:\/\/flavorfiesta.foodiesconnect.net\/vn\/soup-delights-a-collection-of-nourishing-recipes-for-every-palate\/\" class=\"_self\" target=\"_self\" >Nh\u1eefng M\u00f3n S\u00fap Th\u01a1m Ngon: B\u1ed9 S\u01b0u T\u1eadp C\u00e1c C\u00f4ng Th\u1ee9c Nourishing Cho M\u1ecdi V\u1ecb Gi\u00e1c<\/a><\/h4>\n<div class=\"pt-cv-rmwrap\"><a href=\"https:\/\/flavorfiesta.foodiesconnect.net\/vn\/soup-delights-a-collection-of-nourishing-recipes-for-every-palate\/\" class=\"_self pt-cv-readmore btn btn-success\" target=\"_self\" >Xem Chi Ti\u1ebft<\/a><\/div><\/div>\n<div class=\" pt-cv-content-item pt-cv-1-col\" ><div class=\"pt-cv-thumb-wrapper  \"><a href=\"https:\/\/flavorfiesta.foodiesconnect.net\/vn\/soul-warming-soup-recipes\/\" class=\"_self pt-cv-href-thumbnail pt-cv-thumb-default\" target=\"_self\" ><img loading=\"lazy\" decoding=\"async\" width=\"679\" height=\"680\" src=\"https:\/\/flavorfiesta.foodiesconnect.net\/vn\/wp-content\/uploads\/sites\/10\/2026\/03\/Screenshot-2024-02-09-at-2.19.53-PM.png\" class=\"pt-cv-thumbnail\" alt=\"\" \/><\/a><\/div>\n<div class=\"pt-cv-taxoterm above_title\"><a href='https:\/\/flavorfiesta.foodiesconnect.net\/vn\/category\/soup\/' title='Soup' class='pt-cv-tax-soup'>Soup<\/a><\/div>\n<h4 class=\"pt-cv-title\"><a href=\"https:\/\/flavorfiesta.foodiesconnect.net\/vn\/soul-warming-soup-recipes\/\" class=\"_self\" target=\"_self\" >C\u00e1c c\u00f4ng th\u1ee9c s\u00fap l\u00e0m \u1ea5m t\u00e2m h\u1ed3n<\/a><\/h4>\n<div class=\"pt-cv-rmwrap\"><a href=\"https:\/\/flavorfiesta.foodiesconnect.net\/vn\/soul-warming-soup-recipes\/\" class=\"_self pt-cv-readmore btn btn-success\" target=\"_self\" >Xem Chi Ti\u1ebft<\/a><\/div><\/div>\n<div class=\" pt-cv-content-item pt-cv-1-col\" ><div class=\"pt-cv-thumb-wrapper  \"><a href=\"https:\/\/flavorfiesta.foodiesconnect.net\/vn\/vibrant-vegetarian-soups-a-wholesome-journey-of-flavors-and-nourishment\/\" class=\"_self pt-cv-href-thumbnail pt-cv-thumb-default\" target=\"_self\" ><img loading=\"lazy\" decoding=\"async\" width=\"681\" height=\"680\" src=\"https:\/\/flavorfiesta.foodiesconnect.net\/vn\/wp-content\/uploads\/sites\/10\/2026\/03\/Screenshot-2024-02-14-at-3.16.48-PM.png\" class=\"pt-cv-thumbnail\" alt=\"\" \/><\/a><\/div>\n<div class=\"pt-cv-taxoterm above_title\"><a href='https:\/\/flavorfiesta.foodiesconnect.net\/vn\/category\/soup\/' title='Soup' class='pt-cv-tax-soup'>Soup<\/a><\/div>\n<h4 class=\"pt-cv-title\"><a href=\"https:\/\/flavorfiesta.foodiesconnect.net\/vn\/vibrant-vegetarian-soups-a-wholesome-journey-of-flavors-and-nourishment\/\" class=\"_self\" target=\"_self\" >S\u00fap L\u00e0nh M\u1ea1nh Chay: M\u1ed9t H\u00e0nh Tr\u00ecnh T\u01b0\u01a1i S\u00e1ng V\u1ec1 H\u01b0\u01a1ng V\u1ecb V\u00e0 Dinh D\u01b0\u1ee1ng<\/a><\/h4>\n<div class=\"pt-cv-rmwrap\"><a href=\"https:\/\/flavorfiesta.foodiesconnect.net\/vn\/vibrant-vegetarian-soups-a-wholesome-journey-of-flavors-and-nourishment\/\" class=\"_self pt-cv-readmore btn btn-success\" target=\"_self\" >Xem Chi Ti\u1ebft<\/a><\/div><\/div>\n<div class=\" pt-cv-content-item pt-cv-1-col\" ><div class=\"pt-cv-thumb-wrapper  \"><a href=\"https:\/\/flavorfiesta.foodiesconnect.net\/vn\/global-gastronomy-soups-from-around-the-world\/\" class=\"_self pt-cv-href-thumbnail pt-cv-thumb-default\" target=\"_self\" ><img loading=\"lazy\" decoding=\"async\" width=\"680\" height=\"680\" src=\"https:\/\/flavorfiesta.foodiesconnect.net\/vn\/wp-content\/uploads\/sites\/10\/2026\/03\/Global-Gastronomy_-Soups-from-Around-the-World-Cover-Page.jpg\" class=\"pt-cv-thumbnail\" alt=\"\" \/><\/a><\/div>\n<div class=\"pt-cv-taxoterm above_title\"><a href='https:\/\/flavorfiesta.foodiesconnect.net\/vn\/category\/soup\/' title='Soup' class='pt-cv-tax-soup'>Soup<\/a><\/div>\n<h4 class=\"pt-cv-title\"><a href=\"https:\/\/flavorfiesta.foodiesconnect.net\/vn\/global-gastronomy-soups-from-around-the-world\/\" class=\"_self\" target=\"_self\" >\u1ea8m th\u1ef1c to\u00e0n c\u1ea7u: C\u00e1c m\u00f3n s\u00fap t\u1eeb kh\u1eafp n\u01a1i tr\u00ean th\u1ebf gi\u1edbi<\/a><\/h4>\n<div class=\"pt-cv-rmwrap\"><a href=\"https:\/\/flavorfiesta.foodiesconnect.net\/vn\/global-gastronomy-soups-from-around-the-world\/\" class=\"_self pt-cv-readmore btn btn-success\" target=\"_self\" >Xem Chi Ti\u1ebft<\/a><\/div><\/div>\n<div class=\" pt-cv-content-item pt-cv-1-col\" ><div class=\"pt-cv-thumb-wrapper  \"><a href=\"https:\/\/flavorfiesta.foodiesconnect.net\/vn\/farm-to-table-soups-fresh-ingredients-straight-from-the-garden\/\" class=\"_self pt-cv-href-thumbnail pt-cv-thumb-default\" target=\"_self\" ><img loading=\"lazy\" decoding=\"async\" width=\"680\" height=\"680\" src=\"https:\/\/flavorfiesta.foodiesconnect.net\/vn\/wp-content\/uploads\/sites\/10\/2026\/03\/Farm-to-Table-Soups_-Fresh-Ingredients-Straight-from-the-Garden-Cover-Page.jpg\" class=\"pt-cv-thumbnail\" alt=\"\" \/><\/a><\/div>\n<div class=\"pt-cv-taxoterm above_title\"><a href='https:\/\/flavorfiesta.foodiesconnect.net\/vn\/category\/soup\/' title='Soup' class='pt-cv-tax-soup'>Soup<\/a><\/div>\n<h4 class=\"pt-cv-title\"><a href=\"https:\/\/flavorfiesta.foodiesconnect.net\/vn\/farm-to-table-soups-fresh-ingredients-straight-from-the-garden\/\" class=\"_self\" target=\"_self\" >S\u00fap t\u1eeb trang tr\u1ea1i \u0111\u1ebfn b\u00e0n \u0103n: Nguy\u00ean li\u1ec7u t\u01b0\u01a1i ngon th\u1eb3ng t\u1eeb khu v\u01b0\u1eddn<\/a><\/h4>\n<div class=\"pt-cv-rmwrap\"><a href=\"https:\/\/flavorfiesta.foodiesconnect.net\/vn\/farm-to-table-soups-fresh-ingredients-straight-from-the-garden\/\" class=\"_self pt-cv-readmore btn btn-success\" target=\"_self\" >Xem Chi Ti\u1ebft<\/a><\/div><\/div>\n<div class=\" pt-cv-content-item pt-cv-1-col\" ><div class=\"pt-cv-thumb-wrapper  \"><a href=\"https:\/\/flavorfiesta.foodiesconnect.net\/vn\/quick-easy-soups-for-busy-nights\/\" class=\"_self pt-cv-href-thumbnail pt-cv-thumb-default\" target=\"_self\" ><img loading=\"lazy\" decoding=\"async\" width=\"680\" height=\"680\" src=\"https:\/\/flavorfiesta.foodiesconnect.net\/vn\/wp-content\/uploads\/sites\/10\/2026\/03\/Quick-Easy-Soups-for-Busy-Nights-Cover-Page.jpg\" class=\"pt-cv-thumbnail\" alt=\"\" \/><\/a><\/div>\n<div class=\"pt-cv-taxoterm above_title\"><a href='https:\/\/flavorfiesta.foodiesconnect.net\/vn\/category\/soup\/' title='Soup' class='pt-cv-tax-soup'>Soup<\/a><\/div>\n<h4 class=\"pt-cv-title\"><a href=\"https:\/\/flavorfiesta.foodiesconnect.net\/vn\/quick-easy-soups-for-busy-nights\/\" class=\"_self\" target=\"_self\" >S\u00fap Nhanh v\u00e0 D\u1ec5 L\u00e0m Cho Nh\u1eefng T\u1ed1i B\u1eadn R\u1ed9n<\/a><\/h4>\n<div class=\"pt-cv-rmwrap\"><a href=\"https:\/\/flavorfiesta.foodiesconnect.net\/vn\/quick-easy-soups-for-busy-nights\/\" class=\"_self pt-cv-readmore btn btn-success\" target=\"_self\" >Xem Chi Ti\u1ebft<\/a><\/div><\/div>\n<div class=\" pt-cv-content-item pt-cv-1-col\" ><div class=\"pt-cv-thumb-wrapper  \"><a href=\"https:\/\/flavorfiesta.foodiesconnect.net\/vn\/soup-for-breakfast-start-your-day-deliciously\/\" class=\"_self pt-cv-href-thumbnail pt-cv-thumb-default\" target=\"_self\" ><img loading=\"lazy\" decoding=\"async\" width=\"680\" height=\"680\" src=\"https:\/\/flavorfiesta.foodiesconnect.net\/vn\/wp-content\/uploads\/sites\/10\/2026\/03\/Soup-for-Breakfast_-Start-Your-Day-Deliciously-Cover-Page.jpg\" class=\"pt-cv-thumbnail\" alt=\"\" \/><\/a><\/div>\n<div class=\"pt-cv-taxoterm above_title\"><a href='https:\/\/flavorfiesta.foodiesconnect.net\/vn\/category\/soup\/' title='Soup' class='pt-cv-tax-soup'>Soup<\/a><\/div>\n<h4 class=\"pt-cv-title\"><a href=\"https:\/\/flavorfiesta.foodiesconnect.net\/vn\/soup-for-breakfast-start-your-day-deliciously\/\" class=\"_self\" target=\"_self\" >S\u00fap cho b\u1eefa s\u00e1ng: B\u1eaft \u0111\u1ea7u ng\u00e0y m\u1edbi m\u1ed9t c\u00e1ch ngon mi\u1ec7ng<\/a><\/h4>\n<div class=\"pt-cv-rmwrap\"><a href=\"https:\/\/flavorfiesta.foodiesconnect.net\/vn\/soup-for-breakfast-start-your-day-deliciously\/\" class=\"_self pt-cv-readmore btn btn-success\" target=\"_self\" >Xem Chi Ti\u1ebft<\/a><\/div><\/div>\n<div class=\" pt-cv-content-item pt-cv-1-col\" ><div class=\"pt-cv-thumb-wrapper  \"><a href=\"https:\/\/flavorfiesta.foodiesconnect.net\/vn\/soup-for-sharing-crowd-pleasing-recipes-for-gatherings\/\" class=\"_self pt-cv-href-thumbnail pt-cv-thumb-default\" target=\"_self\" ><img loading=\"lazy\" decoding=\"async\" width=\"680\" height=\"680\" src=\"https:\/\/flavorfiesta.foodiesconnect.net\/vn\/wp-content\/uploads\/sites\/10\/2026\/03\/Soup-for-Sharing_-Crowd-Pleasing-Recipes-for-Gatherings-Cover-Page.jpg\" class=\"pt-cv-thumbnail\" alt=\"\" \/><\/a><\/div>\n<div class=\"pt-cv-taxoterm above_title\"><a href='https:\/\/flavorfiesta.foodiesconnect.net\/vn\/category\/soup\/' title='Soup' class='pt-cv-tax-soup'>Soup<\/a><\/div>\n<h4 class=\"pt-cv-title\"><a href=\"https:\/\/flavorfiesta.foodiesconnect.net\/vn\/soup-for-sharing-crowd-pleasing-recipes-for-gatherings\/\" class=\"_self\" target=\"_self\" >S\u00fap \u0111\u1ec3 chia s\u1ebb: Nh\u1eefng c\u00f4ng th\u1ee9c m\u00f3n \u0103n h\u1ea5p d\u1eabn cho c\u00e1c bu\u1ed5i t\u1ee5 h\u1ecdp<\/a><\/h4>\n<div class=\"pt-cv-rmwrap\"><a href=\"https:\/\/flavorfiesta.foodiesconnect.net\/vn\/soup-for-sharing-crowd-pleasing-recipes-for-gatherings\/\" class=\"_self pt-cv-readmore btn btn-success\" target=\"_self\" >Xem Chi Ti\u1ebft<\/a><\/div><\/div>\n<div class=\" pt-cv-content-item pt-cv-1-col\" ><div class=\"pt-cv-thumb-wrapper  \"><a href=\"https:\/\/flavorfiesta.foodiesconnect.net\/vn\/sensational-seafood-soups-from-the-ocean-to-your-table\/\" class=\"_self pt-cv-href-thumbnail pt-cv-thumb-default\" target=\"_self\" ><img loading=\"lazy\" decoding=\"async\" width=\"680\" height=\"680\" src=\"https:\/\/flavorfiesta.foodiesconnect.net\/vn\/wp-content\/uploads\/sites\/10\/2026\/03\/Sensational-Seafood-Soups_-From-the-Ocean-to-Your-Table-Cover-Page.jpg\" class=\"pt-cv-thumbnail\" alt=\"\" \/><\/a><\/div>\n<div class=\"pt-cv-taxoterm above_title\"><a href='https:\/\/flavorfiesta.foodiesconnect.net\/vn\/category\/soup\/' title='Soup' class='pt-cv-tax-soup'>Soup<\/a><\/div>\n<h4 class=\"pt-cv-title\"><a href=\"https:\/\/flavorfiesta.foodiesconnect.net\/vn\/sensational-seafood-soups-from-the-ocean-to-your-table\/\" class=\"_self\" target=\"_self\" >S\u00fap H\u1ea3i S\u1ea3n \u1ea4n T\u01b0\u1ee3ng: T\u1eeb Bi\u1ec3n \u0110\u1ebfn B\u00e0n \u0102n C\u1ee7a B\u1ea1n<\/a><\/h4>\n<div class=\"pt-cv-rmwrap\"><a href=\"https:\/\/flavorfiesta.foodiesconnect.net\/vn\/sensational-seafood-soups-from-the-ocean-to-your-table\/\" class=\"_self pt-cv-readmore btn btn-success\" target=\"_self\" >Xem Chi Ti\u1ebft<\/a><\/div><\/div><\/div><\/div>\n<div class=\" pt-cv-pagination-wrapper\"><ul class=\"pt-cv-pagination pt-cv-ajax pagination\" data-totalpages=\"2\" data-currentpage=\"1\" data-sid=\"7dr8k85x\" data-unid=\"\" data-isblock=\"grid1\" data-postid=\"0\"><li class=\"active\"><a href=\"#\">1<\/a><\/li>\n\t<li ><a class=\"\" href=\"https:\/\/flavorfiesta.foodiesconnect.net\/vn\/wp-json\/wp\/v2\/pages\/70\/?_page=2\">2<\/a><\/li>\n\t<li ><a class=\" \" href=\"https:\/\/flavorfiesta.foodiesconnect.net\/vn\/wp-json\/wp\/v2\/pages\/70\/?_page=2\">&rsaquo;<\/a><\/li>\n\t<\/ul><img loading=\"lazy\" decoding=\"async\" width=\"15\" height=\"15\" class=\"pt-cv-spinner\" alt=\"Loading...\" src=\"data:image\/gif;base64,R0lGODlhDwAPALMPAMrKygwMDJOTkz09PZWVla+vr3p6euTk5M7OzuXl5TMzMwAAAJmZmWZmZszMzP\/\/\/yH\/C05FVFNDQVBFMi4wAwEAAAAh+QQFCgAPACwAAAAADwAPAAAEQvDJaZaZOIcV8iQK8VRX4iTYoAwZ4iCYoAjZ4RxejhVNoT+mRGP4cyF4Pp0N98sBGIBMEMOotl6YZ3S61Bmbkm4mAgAh+QQFCgAPACwAAAAADQANAAAENPDJSRSZeA418itN8QiK8BiLITVsFiyBBIoYqnoewAD4xPw9iY4XLGYSjkQR4UAUD45DLwIAIfkEBQoADwAsAAAAAA8ACQAABC\/wyVlamTi3nSdgwFNdhEJgTJoNyoB9ISYoQmdjiZPcj7EYCAeCF1gEDo4Dz2eIAAAh+QQFCgAPACwCAAAADQANAAAEM\/DJBxiYeLKdX3IJZT1FU0iIg2RNKx3OkZVnZ98ToRD4MyiDnkAh6BkNC0MvsAj0kMpHBAAh+QQFCgAPACwGAAAACQAPAAAEMDC59KpFDll73HkAA2wVY5KgiK5b0RRoI6MuzG6EQqCDMlSGheEhUAgqgUUAFRySIgAh+QQFCgAPACwCAAIADQANAAAEM\/DJKZNLND\/kkKaHc3xk+QAMYDKsiaqmZCxGVjSFFCxB1vwy2oOgIDxuucxAMTAJFAJNBAAh+QQFCgAPACwAAAYADwAJAAAEMNAs86q1yaWwwv2Ig0jUZx3OYa4XoRAfwADXoAwfo1+CIjyFRuEho60aSNYlOPxEAAAh+QQFCgAPACwAAAIADQANAAAENPA9s4y8+IUVcqaWJ4qEQozSoAzoIyhCK2NFU2SJk0hNnyEOhKR2AzAAj4Pj4GE4W0bkJQIAOw==\" \/><div class=\"clear pt-cv-clear-pagination\"><\/div><\/div> <\/div> <style>\n\n#pt-cv-view-7dr8k85x .pt-cv-meta-fields {  }#pt-cv-view-7dr8k85x .pt-cv-meta-fields * { font-size: 13px; }#pt-cv-view-7dr8k85x .pt-cv-thumb-wrapper:not(.miniwrap) {  }#pt-cv-view-7dr8k85x .pt-cv-thumbnail:not(.pt-cv-thumbnailsm) { height: 400px; }#pt-cv-view-7dr8k85x .pt-cv-title a { display: block; }#pt-cv-view-7dr8k85x .pt-cv-title:not(.pt-cv-titlesm) a { font-weight: 600;text-decoration: none;font-size: 20px; }#pt-cv-view-7dr8k85x .pt-cv-titlesm a { font-weight: 600;font-size: 18px; }#pt-cv-view-7dr8k85x .pt-cv-content { font-size: 15px; }#pt-cv-view-7dr8k85x .pt-cv-readmore { color: #fff;background-color: #0075ff;font-size: 14px; }#pt-cv-view-7dr8k85x .pt-cv-taxoterm {  }#pt-cv-view-7dr8k85x .pt-cv-taxoterm * { color: #222;background-color: #fff6f6;font-size: 14px; }#pt-cv-view-7dr8k85x + .pt-cv-pagination-wrapper {  }#pt-cv-view-7dr8k85x + .pt-cv-pagination-wrapper a { font-size: 14px; }#pt-cv-view-7dr8k85x > .pt-cv-page {grid-template-columns: repeat(3, 1fr);grid-gap: 20px;}\n@media all and (max-width: 1024px) { \n#pt-cv-view-7dr8k85x > .pt-cv-page {grid-template-columns: repeat(2, 1fr);}\n} \n@media all and (max-width: 767px) { \n#pt-cv-view-7dr8k85x > .pt-cv-page {grid-template-columns: repeat(1, 1fr);}\n} <\/style>","protected":false},"excerpt":{"rendered":"","protected":false},"author":1,"featured_media":0,"parent":0,"menu_order":0,"comment_status":"closed","ping_status":"closed","template":"","meta":{"footnotes":""},"class_list":["post-70","page","type-page","status-publish","hentry"],"yoast_head":"<!-- This site is optimized with the Yoast SEO plugin v23.9 - https:\/\/yoast.com\/wordpress\/plugins\/seo\/ -->\n<title>Soup - Flavor Fiesta Vietnamese<\/title>\n<meta name=\"robots\" content=\"index, follow, max-snippet:-1, max-image-preview:large, max-video-preview:-1\" \/>\n<link rel=\"canonical\" href=\"https:\/\/flavorfiesta.foodiesconnect.net\/vn\/soup\/\" \/>\n<meta property=\"og:locale\" content=\"vi_VN\" \/>\n<meta property=\"og:type\" content=\"article\" \/>\n<meta property=\"og:title\" content=\"Soup - Flavor Fiesta Vietnamese\" \/>\n<meta property=\"og:url\" content=\"https:\/\/flavorfiesta.foodiesconnect.net\/vn\/soup\/\" \/>\n<meta property=\"og:site_name\" content=\"Flavor Fiesta Vietnamese\" \/>\n<meta property=\"article:modified_time\" content=\"2024-03-13T08:44:31+00:00\" \/>\n<meta name=\"twitter:card\" content=\"summary_large_image\" \/>\n<script type=\"application\/ld+json\" class=\"yoast-schema-graph\">{\"@context\":\"https:\/\/schema.org\",\"@graph\":[{\"@type\":\"WebPage\",\"@id\":\"https:\/\/flavorfiesta.foodiesconnect.net\/vn\/soup\/\",\"url\":\"https:\/\/flavorfiesta.foodiesconnect.net\/vn\/soup\/\",\"name\":\"Soup - Flavor Fiesta Vietnamese\",\"isPartOf\":{\"@id\":\"https:\/\/flavorfiesta.foodiesconnect.net\/vn\/#website\"},\"datePublished\":\"2024-02-08T03:10:59+00:00\",\"dateModified\":\"2024-03-13T08:44:31+00:00\",\"breadcrumb\":{\"@id\":\"https:\/\/flavorfiesta.foodiesconnect.net\/vn\/soup\/#breadcrumb\"},\"inLanguage\":\"vi\",\"potentialAction\":[{\"@type\":\"ReadAction\",\"target\":[\"https:\/\/flavorfiesta.foodiesconnect.net\/vn\/soup\/\"]}]},{\"@type\":\"BreadcrumbList\",\"@id\":\"https:\/\/flavorfiesta.foodiesconnect.net\/vn\/soup\/#breadcrumb\",\"itemListElement\":[{\"@type\":\"ListItem\",\"position\":1,\"name\":\"Home\",\"item\":\"https:\/\/flavorfiesta.foodiesconnect.net\/vn\/\"},{\"@type\":\"ListItem\",\"position\":2,\"name\":\"Soup\"}]},{\"@type\":\"WebSite\",\"@id\":\"https:\/\/flavorfiesta.foodiesconnect.net\/vn\/#website\",\"url\":\"https:\/\/flavorfiesta.foodiesconnect.net\/vn\/\",\"name\":\"Flavor Fiesta Vietnamese\",\"description\":\"\",\"potentialAction\":[{\"@type\":\"SearchAction\",\"target\":{\"@type\":\"EntryPoint\",\"urlTemplate\":\"https:\/\/flavorfiesta.foodiesconnect.net\/vn\/?s={search_term_string}\"},\"query-input\":{\"@type\":\"PropertyValueSpecification\",\"valueRequired\":true,\"valueName\":\"search_term_string\"}}],\"inLanguage\":\"vi\"}]}<\/script>\n<!-- \/ Yoast SEO plugin. -->","yoast_head_json":{"title":"Soup - Flavor Fiesta Vietnamese","robots":{"index":"index","follow":"follow","max-snippet":"max-snippet:-1","max-image-preview":"max-image-preview:large","max-video-preview":"max-video-preview:-1"},"canonical":"https:\/\/flavorfiesta.foodiesconnect.net\/vn\/soup\/","og_locale":"vi_VN","og_type":"article","og_title":"Soup - Flavor Fiesta Vietnamese","og_url":"https:\/\/flavorfiesta.foodiesconnect.net\/vn\/soup\/","og_site_name":"Flavor Fiesta Vietnamese","article_modified_time":"2024-03-13T08:44:31+00:00","twitter_card":"summary_large_image","schema":{"@context":"https:\/\/schema.org","@graph":[{"@type":"WebPage","@id":"https:\/\/flavorfiesta.foodiesconnect.net\/vn\/soup\/","url":"https:\/\/flavorfiesta.foodiesconnect.net\/vn\/soup\/","name":"Soup - Flavor Fiesta Vietnamese","isPartOf":{"@id":"https:\/\/flavorfiesta.foodiesconnect.net\/vn\/#website"},"datePublished":"2024-02-08T03:10:59+00:00","dateModified":"2024-03-13T08:44:31+00:00","breadcrumb":{"@id":"https:\/\/flavorfiesta.foodiesconnect.net\/vn\/soup\/#breadcrumb"},"inLanguage":"vi","potentialAction":[{"@type":"ReadAction","target":["https:\/\/flavorfiesta.foodiesconnect.net\/vn\/soup\/"]}]},{"@type":"BreadcrumbList","@id":"https:\/\/flavorfiesta.foodiesconnect.net\/vn\/soup\/#breadcrumb","itemListElement":[{"@type":"ListItem","position":1,"name":"Home","item":"https:\/\/flavorfiesta.foodiesconnect.net\/vn\/"},{"@type":"ListItem","position":2,"name":"Soup"}]},{"@type":"WebSite","@id":"https:\/\/flavorfiesta.foodiesconnect.net\/vn\/#website","url":"https:\/\/flavorfiesta.foodiesconnect.net\/vn\/","name":"Flavor Fiesta Vietnamese","description":"","potentialAction":[{"@type":"SearchAction","target":{"@type":"EntryPoint","urlTemplate":"https:\/\/flavorfiesta.foodiesconnect.net\/vn\/?s={search_term_string}"},"query-input":{"@type":"PropertyValueSpecification","valueRequired":true,"valueName":"search_term_string"}}],"inLanguage":"vi"}]}},"_links":{"self":[{"href":"https:\/\/flavorfiesta.foodiesconnect.net\/vn\/wp-json\/wp\/v2\/pages\/70","targetHints":{"allow":["GET"]}}],"collection":[{"href":"https:\/\/flavorfiesta.foodiesconnect.net\/vn\/wp-json\/wp\/v2\/pages"}],"about":[{"href":"https:\/\/flavorfiesta.foodiesconnect.net\/vn\/wp-json\/wp\/v2\/types\/page"}],"author":[{"embeddable":true,"href":"https:\/\/flavorfiesta.foodiesconnect.net\/vn\/wp-json\/wp\/v2\/users\/1"}],"replies":[{"embeddable":true,"href":"https:\/\/flavorfiesta.foodiesconnect.net\/vn\/wp-json\/wp\/v2\/comments?post=70"}],"version-history":[{"count":6,"href":"https:\/\/flavorfiesta.foodiesconnect.net\/vn\/wp-json\/wp\/v2\/pages\/70\/revisions"}],"predecessor-version":[{"id":341,"href":"https:\/\/flavorfiesta.foodiesconnect.net\/vn\/wp-json\/wp\/v2\/pages\/70\/revisions\/341"}],"wp:attachment":[{"href":"https:\/\/flavorfiesta.foodiesconnect.net\/vn\/wp-json\/wp\/v2\/media?parent=70"}],"curies":[{"name":"wp","href":"https:\/\/api.w.org\/{rel}","templated":true}]}}