{"id":346,"date":"2024-11-25T11:45:24","date_gmt":"2024-11-25T03:45:24","guid":{"rendered":"https:\/\/flavorfiesta.foodiesconnect.net\/vn\/?page_id=346"},"modified":"2024-11-25T11:50:44","modified_gmt":"2024-11-25T03:50:44","slug":"blog","status":"publish","type":"page","link":"https:\/\/flavorfiesta.foodiesconnect.net\/vn\/blog\/","title":{"rendered":"Blog"},"content":{"rendered":"\n<div class=\"wp-block-columns is-layout-flex wp-container-core-columns-is-layout-28f84493 wp-block-columns-is-layout-flex\">\n<div class=\"wp-block-column is-layout-flow wp-block-column-is-layout-flow\" style=\"flex-basis:66.66%\"><div class='pt-cv-wrapper'> <h3 class='pt-cv-heading-container heading1' data-blockid='4vwo6lzl'><span class='pt-cv-heading'> Blog List <\/span><\/h3><div class=\"pt-cv-view pt-cv-blockgrid iscvblock iscvreal list1 layout1\" id=\"pt-cv-view-4vwo6lzl\"><div data-id=\"pt-cv-page-1\" class=\"pt-cv-page\" data-cvc=\"1\"><div class=\" pt-cv-content-item pt-cv-2-col\" ><div class=\"pt-cv-thumb-wrapper pull-left \"><a href=\"https:\/\/flavorfiesta.foodiesconnect.net\/vn\/comprehensive-guide-to-uml-class-diagrams-with-visual-paradigm-2\/\" class=\"_self pt-cv-href-thumbnail pt-cv-thumb-left\" target=\"_self\" ><img decoding=\"async\" src=\"https:\/\/flavorfiesta.foodiesconnect.net\/vn\/wp-content\/plugins\/content-views-query-and-display-post-page\/public\/assets\/images\/default_image.png\" class=\"pt-cv-thumbnail pull-left cv-default-img\" alt=\"H\u01b0\u1edbng d\u1eabn to\u00e0n di\u1ec7n v\u1ec1 s\u01a1 \u0111\u1ed3 l\u1edbp UML v\u1edbi Visual Paradigm\" title=\"\" \/><\/a><\/div>\n<div class=\"pt-cv-colwrap\"><div class=\"pt-cv-taxoterm above_title\"><a href='https:\/\/flavorfiesta.foodiesconnect.net\/vn\/category\/unified-modeling-modeling\/' title='Unified Modeling Modeling' class='pt-cv-tax-unified-modeling-modeling'>Unified Modeling Modeling<\/a><\/div><h4 class=\"pt-cv-title\"><a href=\"https:\/\/flavorfiesta.foodiesconnect.net\/vn\/comprehensive-guide-to-uml-class-diagrams-with-visual-paradigm-2\/\" class=\"_self\" target=\"_self\" >H\u01b0\u1edbng d\u1eabn to\u00e0n di\u1ec7n v\u1ec1 s\u01a1 \u0111\u1ed3 l\u1edbp UML v\u1edbi Visual Paradigm<\/a><\/h4><div class=\"pt-cv-content\">M\u1ed9t s\u01a1 \u0111\u1ed3 UML S\u01a1 \u0111\u1ed3 l\u1edbp l\u00e0 m\u1ed9t c\u00f4ng c\u1ee5 n\u1ec1n t\u1ea3ng trong m\u00f4 h\u00ecnh h\u00f3a h\u01b0\u1edbng \u0111\u1ed1i t\u01b0\u1ee3ng, &#8230;<\/div><div class=\"pt-cv-rmwrap\"><a href=\"https:\/\/flavorfiesta.foodiesconnect.net\/vn\/comprehensive-guide-to-uml-class-diagrams-with-visual-paradigm-2\/\" class=\"_self pt-cv-readmore btn btn-success\" target=\"_self\" >Xem Chi Ti\u1ebft<\/a><\/div><\/div><\/div>\n<div class=\" pt-cv-content-item pt-cv-2-col\" ><div class=\"pt-cv-thumb-wrapper pull-left \"><a href=\"https:\/\/flavorfiesta.foodiesconnect.net\/vn\/%f0%9f%8e%af-user-experience-sharing-guide-fliplify-by-visual-paradigm-an-excellent-flipbook-marker\/\" class=\"_self pt-cv-href-thumbnail pt-cv-thumb-left\" target=\"_self\" ><img decoding=\"async\" src=\"https:\/\/flavorfiesta.foodiesconnect.net\/vn\/wp-content\/plugins\/content-views-query-and-display-post-page\/public\/assets\/images\/default_image.png\" class=\"pt-cv-thumbnail pull-left cv-default-img\" alt=\"\ud83c\udfaf H\u01b0\u1edbng d\u1eabn chia s\u1ebb tr\u1ea3i nghi\u1ec7m ng\u01b0\u1eddi d\u00f9ng: Fliplify b\u1edfi Visual Paradigm \u2013 M\u1ed9t c\u00f4ng c\u1ee5 t\u1ea1o flipbook tuy\u1ec7t v\u1eddi\" title=\"\" \/><\/a><\/div>\n<div class=\"pt-cv-colwrap\"><div class=\"pt-cv-taxoterm above_title\"><a href='https:\/\/flavorfiesta.foodiesconnect.net\/vn\/category\/ai-chatbot\/' title='AI Chatbot' class='pt-cv-tax-ai-chatbot'>AI Chatbot<\/a><a href='https:\/\/flavorfiesta.foodiesconnect.net\/vn\/category\/bookshelf\/' title='Bookshelf' class='pt-cv-tax-bookshelf'>Bookshelf<\/a><a href='https:\/\/flavorfiesta.foodiesconnect.net\/vn\/category\/flipbook-maker\/' title='Flipbook Maker' class='pt-cv-tax-flipbook-maker'>Flipbook Maker<\/a><\/div><h4 class=\"pt-cv-title\"><a href=\"https:\/\/flavorfiesta.foodiesconnect.net\/vn\/%f0%9f%8e%af-user-experience-sharing-guide-fliplify-by-visual-paradigm-an-excellent-flipbook-marker\/\" class=\"_self\" target=\"_self\" >\ud83c\udfaf H\u01b0\u1edbng d\u1eabn chia s\u1ebb tr\u1ea3i nghi\u1ec7m ng\u01b0\u1eddi d\u00f9ng: Fliplify b\u1edfi Visual Paradigm \u2013 M\u1ed9t c\u00f4ng c\u1ee5 t\u1ea1o flipbook tuy\u1ec7t v\u1eddi<\/a><\/h4><div class=\"pt-cv-content\">Fliplify, m\u1ed9t ph\u1ea7n trong b\u1ed9 c\u00f4ng c\u1ee5 n\u0103ng su\u1ea5t linh ho\u1ea1t c\u1ee7a Visual Paradigm, \u0111\u1ecbnh ngh\u0129a l\u1ea1i c\u00e1ch ng\u01b0\u1eddi d\u00f9ng &#8230;<\/div><div class=\"pt-cv-rmwrap\"><a href=\"https:\/\/flavorfiesta.foodiesconnect.net\/vn\/%f0%9f%8e%af-user-experience-sharing-guide-fliplify-by-visual-paradigm-an-excellent-flipbook-marker\/\" class=\"_self pt-cv-readmore btn btn-success\" target=\"_self\" >Xem Chi Ti\u1ebft<\/a><\/div><\/div><\/div>\n<div class=\" pt-cv-content-item pt-cv-2-col\" ><div class=\"pt-cv-thumb-wrapper pull-left \"><a href=\"https:\/\/flavorfiesta.foodiesconnect.net\/vn\/comprehensive-guide-ai-flipbook-generator-vs-fliplify-choosing-the-right-tool-for-your-digital-publishing-needs\/\" class=\"_self pt-cv-href-thumbnail pt-cv-thumb-left\" target=\"_self\" ><img loading=\"lazy\" decoding=\"async\" width=\"768\" height=\"479\" src=\"https:\/\/flavorfiesta.foodiesconnect.net\/vn\/wp-content\/uploads\/sites\/10\/2026\/03\/creating-flipbooks-with-ai-768x479.png\" class=\"pt-cv-thumbnail pull-left\" alt=\"\" \/><\/a><\/div>\n<div class=\"pt-cv-colwrap\"><div class=\"pt-cv-taxoterm above_title\"><a href='https:\/\/flavorfiesta.foodiesconnect.net\/vn\/category\/ai-powered-tool\/' title='AI Powered Tool' class='pt-cv-tax-ai-powered-tool'>AI Powered Tool<\/a><a href='https:\/\/flavorfiesta.foodiesconnect.net\/vn\/category\/flipbook-maker\/' title='Flipbook Maker' class='pt-cv-tax-flipbook-maker'>Flipbook Maker<\/a><\/div><h4 class=\"pt-cv-title\"><a href=\"https:\/\/flavorfiesta.foodiesconnect.net\/vn\/comprehensive-guide-ai-flipbook-generator-vs-fliplify-choosing-the-right-tool-for-your-digital-publishing-needs\/\" class=\"_self\" target=\"_self\" >H\u01b0\u1edbng d\u1eabn to\u00e0n di\u1ec7n: Tr\u00ecnh t\u1ea1o flipbook AI so v\u1edbi Fliplify \u2013 Ch\u1ecdn c\u00f4ng c\u1ee5 ph\u00f9 h\u1ee3p cho nhu c\u1ea7u xu\u1ea5t b\u1ea3n s\u1ed1 c\u1ee7a b\u1ea1n<\/a><\/h4><div class=\"pt-cv-content\">Trong b\u1ed1i c\u1ea3nh n\u1ed9i dung s\u1ed1 ng\u00e0y c\u00e0ng ph\u00e1t tri\u1ec3n nhanh ch\u00f3ng, vi\u1ec7c t\u1ea1o ra c\u00e1c flipbook h\u1ea5p d\u1eabn, t\u01b0\u01a1ng &#8230;<\/div><div class=\"pt-cv-rmwrap\"><a href=\"https:\/\/flavorfiesta.foodiesconnect.net\/vn\/comprehensive-guide-ai-flipbook-generator-vs-fliplify-choosing-the-right-tool-for-your-digital-publishing-needs\/\" class=\"_self pt-cv-readmore btn btn-success\" target=\"_self\" >Xem Chi Ti\u1ebft<\/a><\/div><\/div><\/div>\n<div class=\" pt-cv-content-item pt-cv-2-col\" ><div class=\"pt-cv-thumb-wrapper pull-left \"><a href=\"https:\/\/flavorfiesta.foodiesconnect.net\/vn\/%f0%9f%9a%80-revolutionize-your-presentations-with-illumy-ai-slideshow-maker-from-visual-paradigm\/\" class=\"_self pt-cv-href-thumbnail pt-cv-thumb-left\" target=\"_self\" ><img loading=\"lazy\" decoding=\"async\" width=\"768\" height=\"507\" src=\"https:\/\/flavorfiesta.foodiesconnect.net\/vn\/wp-content\/uploads\/sites\/10\/2026\/03\/lumina-ai-slideshow-maker-2-1-768x507.png\" class=\"pt-cv-thumbnail pull-left\" alt=\"\" \/><\/a><\/div>\n<div class=\"pt-cv-colwrap\"><div class=\"pt-cv-taxoterm above_title\"><a href='https:\/\/flavorfiesta.foodiesconnect.net\/vn\/category\/ai-powered-tool\/' title='AI Powered Tool' class='pt-cv-tax-ai-powered-tool'>AI Powered Tool<\/a><\/div><h4 class=\"pt-cv-title\"><a href=\"https:\/\/flavorfiesta.foodiesconnect.net\/vn\/%f0%9f%9a%80-revolutionize-your-presentations-with-illumy-ai-slideshow-maker-from-visual-paradigm\/\" class=\"_self\" target=\"_self\" >\ud83d\ude80 C\u00e1ch m\u1ea1ng h\u00f3a c\u00e1c b\u00e0i thuy\u1ebft tr\u00ecnh c\u1ee7a b\u1ea1n v\u1edbi M\u00e1y t\u1ea1o slideshow AI Illumy t\u1eeb Visual Paradigm!<\/a><\/h4><div class=\"pt-cv-content\">M\u1ec7t m\u1ecfi v\u00ec ph\u1ea3i m\u1ea5t h\u00e0ng gi\u1edd s\u1eed d\u1ee5ng ph\u1ea7n m\u1ec1m tr\u00ecnh chi\u1ebfu c\u1ed3ng k\u1ec1nh, v\u1ea5t v\u1ea3 v\u1edbi c\u00e1c m\u1eabu &#8230;<\/div><div class=\"pt-cv-rmwrap\"><a href=\"https:\/\/flavorfiesta.foodiesconnect.net\/vn\/%f0%9f%9a%80-revolutionize-your-presentations-with-illumy-ai-slideshow-maker-from-visual-paradigm\/\" class=\"_self pt-cv-readmore btn btn-success\" target=\"_self\" >Xem Chi Ti\u1ebft<\/a><\/div><\/div><\/div>\n<div class=\" pt-cv-content-item pt-cv-2-col\" ><div class=\"pt-cv-thumb-wrapper pull-left \"><a href=\"https:\/\/flavorfiesta.foodiesconnect.net\/vn\/strategic-swot-analysis-ai-markmap-studio\/\" class=\"_self pt-cv-href-thumbnail pt-cv-thumb-left\" target=\"_self\" ><img loading=\"lazy\" decoding=\"async\" width=\"768\" height=\"480\" src=\"https:\/\/flavorfiesta.foodiesconnect.net\/vn\/wp-content\/uploads\/sites\/10\/2026\/03\/this_is_a_screenshot_of_visual_paradigms_ai-powere-768x480.png\" class=\"pt-cv-thumbnail pull-left\" alt=\"\" \/><\/a><\/div>\n<div class=\"pt-cv-colwrap\"><div class=\"pt-cv-taxoterm above_title\"><a href='https:\/\/flavorfiesta.foodiesconnect.net\/vn\/category\/ai-chatbot\/' title='AI Chatbot' class='pt-cv-tax-ai-chatbot'>AI Chatbot<\/a><\/div><h4 class=\"pt-cv-title\"><a href=\"https:\/\/flavorfiesta.foodiesconnect.net\/vn\/strategic-swot-analysis-ai-markmap-studio\/\" class=\"_self\" target=\"_self\" >Tr\u1ef1c quan h\u00f3a Ph\u00e2n t\u00edch SWOT Chi\u1ebfn l\u01b0\u1ee3c: Bi\u1ebfn \u0111\u1ed5i Tr\u00ed tu\u1ec7 Kinh doanh b\u1eb1ng Studio Markmap \u0110\u1ed9ng l\u1ef1c AI<\/a><\/h4><div class=\"pt-cv-content\">Transform business intelligence using the AI-Powered Markmap Studio. Create professional SWOT analyses with Markdown and real-time visual feedback &#8230;<\/div><div class=\"pt-cv-rmwrap\"><a href=\"https:\/\/flavorfiesta.foodiesconnect.net\/vn\/strategic-swot-analysis-ai-markmap-studio\/\" class=\"_self pt-cv-readmore btn btn-success\" target=\"_self\" >Xem Chi Ti\u1ebft<\/a><\/div><\/div><\/div>\n<div class=\" pt-cv-content-item pt-cv-2-col\" ><div class=\"pt-cv-thumb-wrapper pull-left \"><a href=\"https:\/\/flavorfiesta.foodiesconnect.net\/vn\/winter-sports-promos-anifuzion-animation-maker\/\" class=\"_self pt-cv-href-thumbnail pt-cv-thumb-left\" target=\"_self\" ><img loading=\"lazy\" decoding=\"async\" width=\"768\" height=\"407\" src=\"https:\/\/flavorfiesta.foodiesconnect.net\/vn\/wp-content\/uploads\/sites\/10\/2026\/03\/3d-character-template-of-call-to-action-768x407.jpg\" class=\"pt-cv-thumbnail pull-left\" alt=\"\" \/><\/a><\/div>\n<div class=\"pt-cv-colwrap\"><div class=\"pt-cv-taxoterm above_title\"><a href='https:\/\/flavorfiesta.foodiesconnect.net\/vn\/category\/animate-video-maker\/' title='Animate Video Maker' class='pt-cv-tax-animate-video-maker'>Animate Video Maker<\/a><\/div><h4 class=\"pt-cv-title\"><a href=\"https:\/\/flavorfiesta.foodiesconnect.net\/vn\/winter-sports-promos-anifuzion-animation-maker\/\" class=\"_self\" target=\"_self\" >B\u1eaft gi\u1eef c\u1ea3m gi\u00e1c h\u1ed3i h\u1ed9p \u0111\u1ec9nh n\u00fai: T\u1ea1o c\u00e1c video qu\u1ea3ng b\u00e1 m\u00f4n th\u1ec3 thao m\u00f9a \u0111\u00f4ng v\u1edbi ph\u1ea7n m\u1ec1m ho\u1ea1t h\u00ecnh tr\u1ef1c tuy\u1ebfn AniFuzion<\/a><\/h4><div class=\"pt-cv-content\">Create stunning winter sports promos with AniFuzion&#8217;s online animation maker. Learn how to use 3D characters and vibrant scenes for &#8230;<\/div><div class=\"pt-cv-rmwrap\"><a href=\"https:\/\/flavorfiesta.foodiesconnect.net\/vn\/winter-sports-promos-anifuzion-animation-maker\/\" class=\"_self pt-cv-readmore btn btn-success\" target=\"_self\" >Xem Chi Ti\u1ebft<\/a><\/div><\/div><\/div><\/div><\/div> <\/div> <style>\n\n#pt-cv-view-4vwo6lzl .pt-cv-meta-fields {  }#pt-cv-view-4vwo6lzl .pt-cv-meta-fields * { font-size: 13px; }.pt-cv-heading-container[data-blockid=\"4vwo6lzl\"] { text-align: center; }.pt-cv-heading-container[data-blockid=\"4vwo6lzl\"] * {  }#pt-cv-view-4vwo6lzl .pt-cv-thumb-wrapper:not(.miniwrap) { width: 40%; }#pt-cv-view-4vwo6lzl .pt-cv-thumbnail:not(.pt-cv-thumbnailsm) { height: 300px; }#pt-cv-view-4vwo6lzl .pt-cv-title a { display: block; }#pt-cv-view-4vwo6lzl .pt-cv-title:not(.pt-cv-titlesm) a { font-weight: 600;text-decoration: none;font-size: 22px; }#pt-cv-view-4vwo6lzl .pt-cv-titlesm a { font-weight: 600;font-size: 18px; }#pt-cv-view-4vwo6lzl .pt-cv-content { font-size: 15px; }#pt-cv-view-4vwo6lzl .pt-cv-readmore { color: #fff;background-color: #0075ff;font-size: 14px; }#pt-cv-view-4vwo6lzl .pt-cv-taxoterm {  }#pt-cv-view-4vwo6lzl .pt-cv-taxoterm * { color: #222;background-color: #fff6f6;font-size: 14px; }#pt-cv-view-4vwo6lzl + .pt-cv-pagination-wrapper {  }#pt-cv-view-4vwo6lzl + .pt-cv-pagination-wrapper a { font-size: 14px; }#pt-cv-view-4vwo6lzl > .pt-cv-page {grid-template-columns: repeat(1, 1fr);grid-gap: 20px;}\n@media all and (max-width: 1024px) { \n#pt-cv-view-4vwo6lzl > .pt-cv-page {grid-template-columns: repeat(1, 1fr);}\n} \n@media all and (max-width: 767px) { \n#pt-cv-view-4vwo6lzl > .pt-cv-page {grid-template-columns: repeat(1, 1fr);}\n} <\/style><\/div>\n\n\n\n<div class=\"wp-block-column is-layout-flow wp-block-column-is-layout-flow\" style=\"flex-basis:33.33%\"><ul class=\"wp-block-categories-list wp-block-categories\">\t<li class=\"cat-item cat-item-28\"><a href=\"https:\/\/flavorfiesta.foodiesconnect.net\/vn\/category\/ai-chatbot\/\">AI Chatbot<\/a>\n<\/li>\n\t<li class=\"cat-item cat-item-18\"><a href=\"https:\/\/flavorfiesta.foodiesconnect.net\/vn\/category\/ai-powered-tool\/\">AI Powered Tool<\/a>\n<\/li>\n\t<li class=\"cat-item cat-item-12\"><a href=\"https:\/\/flavorfiesta.foodiesconnect.net\/vn\/category\/animate-video-maker\/\">Animate Video Maker<\/a>\n<\/li>\n\t<li class=\"cat-item cat-item-4\"><a href=\"https:\/\/flavorfiesta.foodiesconnect.net\/vn\/category\/appetizers\/\">Appetizers<\/a>\n<\/li>\n\t<li class=\"cat-item cat-item-14\"><a href=\"https:\/\/flavorfiesta.foodiesconnect.net\/vn\/category\/bookshelf\/\">Bookshelf<\/a>\n<\/li>\n\t<li class=\"cat-item cat-item-9\"><a href=\"https:\/\/flavorfiesta.foodiesconnect.net\/vn\/category\/cooking-tips\/\">Cooking TIps<\/a>\n<\/li>\n\t<li class=\"cat-item cat-item-17\"><a href=\"https:\/\/flavorfiesta.foodiesconnect.net\/vn\/category\/erd\/\">ERD<\/a>\n<\/li>\n\t<li class=\"cat-item cat-item-15\"><a href=\"https:\/\/flavorfiesta.foodiesconnect.net\/vn\/category\/flipbook-maker\/\">Flipbook Maker<\/a>\n<\/li>\n\t<li class=\"cat-item cat-item-7\"><a href=\"https:\/\/flavorfiesta.foodiesconnect.net\/vn\/category\/pasta\/\">Pasta<\/a>\n<\/li>\n\t<li class=\"cat-item cat-item-5\"><a href=\"https:\/\/flavorfiesta.foodiesconnect.net\/vn\/category\/salads\/\">Salads<\/a>\n<\/li>\n\t<li class=\"cat-item cat-item-10\"><a href=\"https:\/\/flavorfiesta.foodiesconnect.net\/vn\/category\/soup\/\">Soup<\/a>\n<\/li>\n\t<li class=\"cat-item cat-item-43\"><a href=\"https:\/\/flavorfiesta.foodiesconnect.net\/vn\/category\/strategic-analysis\/\">Strategic Analysis<\/a>\n<\/li>\n\t<li class=\"cat-item cat-item-1\"><a href=\"https:\/\/flavorfiesta.foodiesconnect.net\/vn\/category\/uncategorized\/\">Uncategorized<\/a>\n<\/li>\n\t<li class=\"cat-item cat-item-16\"><a href=\"https:\/\/flavorfiesta.foodiesconnect.net\/vn\/category\/unified-modeling-modeling\/\">Unified Modeling Modeling<\/a>\n<\/li>\n<\/ul><\/div>\n<\/div>\n","protected":false},"excerpt":{"rendered":"","protected":false},"author":1,"featured_media":0,"parent":0,"menu_order":0,"comment_status":"closed","ping_status":"closed","template":"","meta":{"footnotes":""},"class_list":["post-346","page","type-page","status-publish","hentry"],"yoast_head":"<!-- This site is optimized with the Yoast SEO plugin v23.9 - https:\/\/yoast.com\/wordpress\/plugins\/seo\/ -->\n<title>Blog - Flavor Fiesta Vietnamese<\/title>\n<meta name=\"robots\" content=\"index, follow, max-snippet:-1, max-image-preview:large, max-video-preview:-1\" \/>\n<link rel=\"canonical\" href=\"https:\/\/flavorfiesta.foodiesconnect.net\/vn\/blog\/\" \/>\n<meta property=\"og:locale\" content=\"vi_VN\" \/>\n<meta property=\"og:type\" content=\"article\" \/>\n<meta property=\"og:title\" content=\"Blog - Flavor Fiesta Vietnamese\" \/>\n<meta property=\"og:url\" content=\"https:\/\/flavorfiesta.foodiesconnect.net\/vn\/blog\/\" \/>\n<meta property=\"og:site_name\" content=\"Flavor Fiesta Vietnamese\" \/>\n<meta property=\"article:modified_time\" content=\"2024-11-25T03:50:44+00:00\" \/>\n<meta name=\"twitter:card\" content=\"summary_large_image\" \/>\n<script type=\"application\/ld+json\" class=\"yoast-schema-graph\">{\"@context\":\"https:\/\/schema.org\",\"@graph\":[{\"@type\":\"WebPage\",\"@id\":\"https:\/\/flavorfiesta.foodiesconnect.net\/vn\/blog\/\",\"url\":\"https:\/\/flavorfiesta.foodiesconnect.net\/vn\/blog\/\",\"name\":\"Blog - Flavor Fiesta Vietnamese\",\"isPartOf\":{\"@id\":\"https:\/\/flavorfiesta.foodiesconnect.net\/vn\/#website\"},\"datePublished\":\"2024-11-25T03:45:24+00:00\",\"dateModified\":\"2024-11-25T03:50:44+00:00\",\"breadcrumb\":{\"@id\":\"https:\/\/flavorfiesta.foodiesconnect.net\/vn\/blog\/#breadcrumb\"},\"inLanguage\":\"vi\",\"potentialAction\":[{\"@type\":\"ReadAction\",\"target\":[\"https:\/\/flavorfiesta.foodiesconnect.net\/vn\/blog\/\"]}]},{\"@type\":\"BreadcrumbList\",\"@id\":\"https:\/\/flavorfiesta.foodiesconnect.net\/vn\/blog\/#breadcrumb\",\"itemListElement\":[{\"@type\":\"ListItem\",\"position\":1,\"name\":\"Home\",\"item\":\"https:\/\/flavorfiesta.foodiesconnect.net\/vn\/\"},{\"@type\":\"ListItem\",\"position\":2,\"name\":\"Blog\"}]},{\"@type\":\"WebSite\",\"@id\":\"https:\/\/flavorfiesta.foodiesconnect.net\/vn\/#website\",\"url\":\"https:\/\/flavorfiesta.foodiesconnect.net\/vn\/\",\"name\":\"Flavor Fiesta Vietnamese\",\"description\":\"\",\"potentialAction\":[{\"@type\":\"SearchAction\",\"target\":{\"@type\":\"EntryPoint\",\"urlTemplate\":\"https:\/\/flavorfiesta.foodiesconnect.net\/vn\/?s={search_term_string}\"},\"query-input\":{\"@type\":\"PropertyValueSpecification\",\"valueRequired\":true,\"valueName\":\"search_term_string\"}}],\"inLanguage\":\"vi\"}]}<\/script>\n<!-- \/ Yoast SEO plugin. -->","yoast_head_json":{"title":"Blog - Flavor Fiesta Vietnamese","robots":{"index":"index","follow":"follow","max-snippet":"max-snippet:-1","max-image-preview":"max-image-preview:large","max-video-preview":"max-video-preview:-1"},"canonical":"https:\/\/flavorfiesta.foodiesconnect.net\/vn\/blog\/","og_locale":"vi_VN","og_type":"article","og_title":"Blog - Flavor Fiesta Vietnamese","og_url":"https:\/\/flavorfiesta.foodiesconnect.net\/vn\/blog\/","og_site_name":"Flavor Fiesta Vietnamese","article_modified_time":"2024-11-25T03:50:44+00:00","twitter_card":"summary_large_image","schema":{"@context":"https:\/\/schema.org","@graph":[{"@type":"WebPage","@id":"https:\/\/flavorfiesta.foodiesconnect.net\/vn\/blog\/","url":"https:\/\/flavorfiesta.foodiesconnect.net\/vn\/blog\/","name":"Blog - Flavor Fiesta Vietnamese","isPartOf":{"@id":"https:\/\/flavorfiesta.foodiesconnect.net\/vn\/#website"},"datePublished":"2024-11-25T03:45:24+00:00","dateModified":"2024-11-25T03:50:44+00:00","breadcrumb":{"@id":"https:\/\/flavorfiesta.foodiesconnect.net\/vn\/blog\/#breadcrumb"},"inLanguage":"vi","potentialAction":[{"@type":"ReadAction","target":["https:\/\/flavorfiesta.foodiesconnect.net\/vn\/blog\/"]}]},{"@type":"BreadcrumbList","@id":"https:\/\/flavorfiesta.foodiesconnect.net\/vn\/blog\/#breadcrumb","itemListElement":[{"@type":"ListItem","position":1,"name":"Home","item":"https:\/\/flavorfiesta.foodiesconnect.net\/vn\/"},{"@type":"ListItem","position":2,"name":"Blog"}]},{"@type":"WebSite","@id":"https:\/\/flavorfiesta.foodiesconnect.net\/vn\/#website","url":"https:\/\/flavorfiesta.foodiesconnect.net\/vn\/","name":"Flavor Fiesta Vietnamese","description":"","potentialAction":[{"@type":"SearchAction","target":{"@type":"EntryPoint","urlTemplate":"https:\/\/flavorfiesta.foodiesconnect.net\/vn\/?s={search_term_string}"},"query-input":{"@type":"PropertyValueSpecification","valueRequired":true,"valueName":"search_term_string"}}],"inLanguage":"vi"}]}},"_links":{"self":[{"href":"https:\/\/flavorfiesta.foodiesconnect.net\/vn\/wp-json\/wp\/v2\/pages\/346","targetHints":{"allow":["GET"]}}],"collection":[{"href":"https:\/\/flavorfiesta.foodiesconnect.net\/vn\/wp-json\/wp\/v2\/pages"}],"about":[{"href":"https:\/\/flavorfiesta.foodiesconnect.net\/vn\/wp-json\/wp\/v2\/types\/page"}],"author":[{"embeddable":true,"href":"https:\/\/flavorfiesta.foodiesconnect.net\/vn\/wp-json\/wp\/v2\/users\/1"}],"replies":[{"embeddable":true,"href":"https:\/\/flavorfiesta.foodiesconnect.net\/vn\/wp-json\/wp\/v2\/comments?post=346"}],"version-history":[{"count":3,"href":"https:\/\/flavorfiesta.foodiesconnect.net\/vn\/wp-json\/wp\/v2\/pages\/346\/revisions"}],"predecessor-version":[{"id":350,"href":"https:\/\/flavorfiesta.foodiesconnect.net\/vn\/wp-json\/wp\/v2\/pages\/346\/revisions\/350"}],"wp:attachment":[{"href":"https:\/\/flavorfiesta.foodiesconnect.net\/vn\/wp-json\/wp\/v2\/media?parent=346"}],"curies":[{"name":"wp","href":"https:\/\/api.w.org\/{rel}","templated":true}]}}