{"id":346,"date":"2024-11-25T11:45:24","date_gmt":"2024-11-25T03:45:24","guid":{"rendered":"https:\/\/flavorfiesta.foodiesconnect.net\/pl\/?page_id=346"},"modified":"2024-11-25T11:50:44","modified_gmt":"2024-11-25T03:50:44","slug":"blog","status":"publish","type":"page","link":"https:\/\/flavorfiesta.foodiesconnect.net\/pl\/blog\/","title":{"rendered":"Blog"},"content":{"rendered":"\n<div class=\"wp-block-columns is-layout-flex wp-container-core-columns-is-layout-28f84493 wp-block-columns-is-layout-flex\">\n<div class=\"wp-block-column is-layout-flow wp-block-column-is-layout-flow\" style=\"flex-basis:66.66%\"><div class='pt-cv-wrapper'> <h3 class='pt-cv-heading-container heading1' data-blockid='4vwo6lzl'><span class='pt-cv-heading'> Blog List <\/span><\/h3><div class=\"pt-cv-view pt-cv-blockgrid iscvblock iscvreal list1 layout1\" id=\"pt-cv-view-4vwo6lzl\"><div data-id=\"pt-cv-page-1\" class=\"pt-cv-page\" data-cvc=\"1\"><div class=\" pt-cv-content-item pt-cv-2-col\" ><div class=\"pt-cv-thumb-wrapper pull-left \"><a href=\"https:\/\/flavorfiesta.foodiesconnect.net\/pl\/hands-on-review-of-dbmodeler-ais-7-step-database-design-journey\/\" class=\"_self pt-cv-href-thumbnail pt-cv-thumb-left\" target=\"_self\" ><img loading=\"lazy\" decoding=\"async\" width=\"768\" height=\"405\" src=\"https:\/\/flavorfiesta.foodiesconnect.net\/pl\/wp-content\/uploads\/sites\/11\/2026\/04\/img_69e5e251cb2b8-768x405.png\" class=\"pt-cv-thumbnail pull-left\" alt=\"\" \/><\/a><\/div>\n<div class=\"pt-cv-colwrap\"><div class=\"pt-cv-taxoterm above_title\"><a href='https:\/\/flavorfiesta.foodiesconnect.net\/pl\/category\/ai-powered-tool\/' title='AI Powered Tool' class='pt-cv-tax-ai-powered-tool'>AI Powered Tool<\/a><a href='https:\/\/flavorfiesta.foodiesconnect.net\/pl\/category\/erd\/' title='ERD' class='pt-cv-tax-erd'>ERD<\/a><a href='https:\/\/flavorfiesta.foodiesconnect.net\/pl\/category\/unified-modeling-modeling\/' title='Unified Modeling Modeling' class='pt-cv-tax-unified-modeling-modeling'>Unified Modeling Modeling<\/a><\/div><h4 class=\"pt-cv-title\"><a href=\"https:\/\/flavorfiesta.foodiesconnect.net\/pl\/hands-on-review-of-dbmodeler-ais-7-step-database-design-journey\/\" class=\"_self\" target=\"_self\" >Praktyczna recenzja 7-krokowej drogi projektowania bazy danych DBModeler AI<\/a><\/h4><div class=\"pt-cv-content\">Wprowadzenie: Dlaczego wypr\u00f3bowa\u0142em DBModeler AI Jako mened\u017cer produktu, kt\u00f3ry cz\u0119sto wsp\u00f3\u0142pracuje z zespo\u0142ami in\u017cynieryjnymi w zakresie architektury danych, sam mia\u0142em &#8230;<\/div><div class=\"pt-cv-rmwrap\"><a href=\"https:\/\/flavorfiesta.foodiesconnect.net\/pl\/hands-on-review-of-dbmodeler-ais-7-step-database-design-journey\/\" class=\"_self pt-cv-readmore btn btn-success\" target=\"_self\" >Dowiedz Si\u0119 Wi\u0119cej\u2026<\/a><\/div><\/div><\/div>\n<div class=\" pt-cv-content-item pt-cv-2-col\" ><div class=\"pt-cv-thumb-wrapper pull-left \"><a href=\"https:\/\/flavorfiesta.foodiesconnect.net\/pl\/from-concept-to-code-mastering-uml-class-diagrams-with-visual-paradigm\/\" class=\"_self pt-cv-href-thumbnail pt-cv-thumb-left\" target=\"_self\" ><img loading=\"lazy\" decoding=\"async\" width=\"768\" height=\"428\" src=\"https:\/\/flavorfiesta.foodiesconnect.net\/pl\/wp-content\/uploads\/sites\/11\/2026\/04\/img_69e5df94a1290-768x428.png\" class=\"pt-cv-thumbnail pull-left\" alt=\"\" \/><\/a><\/div>\n<div class=\"pt-cv-colwrap\"><div class=\"pt-cv-taxoterm above_title\"><a href='https:\/\/flavorfiesta.foodiesconnect.net\/pl\/category\/unified-modeling-modeling\/' title='Unified Modeling Modeling' class='pt-cv-tax-unified-modeling-modeling'>Unified Modeling Modeling<\/a><a href='https:\/\/flavorfiesta.foodiesconnect.net\/pl\/category\/visual-paradigm\/' title='Visual Paradigm' class='pt-cv-tax-visual-paradigm'>Visual Paradigm<\/a><\/div><h4 class=\"pt-cv-title\"><a href=\"https:\/\/flavorfiesta.foodiesconnect.net\/pl\/from-concept-to-code-mastering-uml-class-diagrams-with-visual-paradigm\/\" class=\"_self\" target=\"_self\" >Od koncepcji do kodu: opanowanie diagram\u00f3w klas UML za pomoc\u0105 Visual Paradigm<\/a><\/h4><div class=\"pt-cv-content\">Wprowadzenie: Dlaczego diagramy klas maj\u0105 znaczenie w nowoczesnej in\u017cynierii oprogramowania Kiedy po raz pierwszy rozpocz\u0105\u0142em swoj\u0105 podr\u00f3\u017c w dziedzinie architektury &#8230;<\/div><div class=\"pt-cv-rmwrap\"><a href=\"https:\/\/flavorfiesta.foodiesconnect.net\/pl\/from-concept-to-code-mastering-uml-class-diagrams-with-visual-paradigm\/\" class=\"_self pt-cv-readmore btn btn-success\" target=\"_self\" >Dowiedz Si\u0119 Wi\u0119cej\u2026<\/a><\/div><\/div><\/div>\n<div class=\" pt-cv-content-item pt-cv-2-col\" ><div class=\"pt-cv-thumb-wrapper pull-left \"><a href=\"https:\/\/flavorfiesta.foodiesconnect.net\/pl\/from-stakeholder-notes-to-actionable-scenarios-a-practical-review-of-visual-paradigms-use-case-workflow\/\" class=\"_self pt-cv-href-thumbnail pt-cv-thumb-left\" target=\"_self\" ><img loading=\"lazy\" decoding=\"async\" width=\"768\" height=\"430\" src=\"https:\/\/flavorfiesta.foodiesconnect.net\/pl\/wp-content\/uploads\/sites\/11\/2026\/04\/img_69e5dba8d4476-768x430.png\" class=\"pt-cv-thumbnail pull-left\" alt=\"\" \/><\/a><\/div>\n<div class=\"pt-cv-colwrap\"><div class=\"pt-cv-taxoterm above_title\"><a href='https:\/\/flavorfiesta.foodiesconnect.net\/pl\/category\/unified-modeling-modeling\/' title='Unified Modeling Modeling' class='pt-cv-tax-unified-modeling-modeling'>Unified Modeling Modeling<\/a><a href='https:\/\/flavorfiesta.foodiesconnect.net\/pl\/category\/visual-paradigm\/' title='Visual Paradigm' class='pt-cv-tax-visual-paradigm'>Visual Paradigm<\/a><\/div><h4 class=\"pt-cv-title\"><a href=\"https:\/\/flavorfiesta.foodiesconnect.net\/pl\/from-stakeholder-notes-to-actionable-scenarios-a-practical-review-of-visual-paradigms-use-case-workflow\/\" class=\"_self\" target=\"_self\" >Od notatek stakeholder\u00f3w do wykonalnych scenariuszy: Praktyczna recenzja przep\u0142ywu pracy przypadku u\u017cycia Visual Paradigm<\/a><\/h4><div class=\"pt-cv-content\">Wprowadzenie W dzisiejszych szybkich cyklach rozwoju produkt\u00f3w dok\u0142adne uchwycenie oczekiwa\u0144 stakeholder\u00f3w i przekszta\u0142cenie ich w wykonalne wymagania systemowe to zar\u00f3wno &#8230;<\/div><div class=\"pt-cv-rmwrap\"><a href=\"https:\/\/flavorfiesta.foodiesconnect.net\/pl\/from-stakeholder-notes-to-actionable-scenarios-a-practical-review-of-visual-paradigms-use-case-workflow\/\" class=\"_self pt-cv-readmore btn btn-success\" target=\"_self\" >Dowiedz Si\u0119 Wi\u0119cej\u2026<\/a><\/div><\/div><\/div>\n<div class=\" pt-cv-content-item pt-cv-2-col\" ><div class=\"pt-cv-thumb-wrapper pull-left \"><a href=\"https:\/\/flavorfiesta.foodiesconnect.net\/pl\/mastering-use-case-documentation-a-practitioners-review-of-visual-paradigms-use-case-notes-feature\/\" class=\"_self pt-cv-href-thumbnail pt-cv-thumb-left\" target=\"_self\" ><img decoding=\"async\" src=\"https:\/\/flavorfiesta.foodiesconnect.net\/pl\/wp-content\/plugins\/content-views-query-and-display-post-page\/public\/assets\/images\/default_image.png\" class=\"pt-cv-thumbnail pull-left cv-default-img\" alt=\"Opanowanie dokumentacji przypadk\u00f3w u\u017cycia: Praktyczna recenzja funkcji Notatki przypadk\u00f3w u\u017cycia w Visual Paradigm\" title=\"\" \/><\/a><\/div>\n<div class=\"pt-cv-colwrap\"><div class=\"pt-cv-taxoterm above_title\"><a href='https:\/\/flavorfiesta.foodiesconnect.net\/pl\/category\/unified-modeling-modeling\/' title='Unified Modeling Modeling' class='pt-cv-tax-unified-modeling-modeling'>Unified Modeling Modeling<\/a><\/div><h4 class=\"pt-cv-title\"><a href=\"https:\/\/flavorfiesta.foodiesconnect.net\/pl\/mastering-use-case-documentation-a-practitioners-review-of-visual-paradigms-use-case-notes-feature\/\" class=\"_self\" target=\"_self\" >Opanowanie dokumentacji przypadk\u00f3w u\u017cycia: Praktyczna recenzja funkcji Notatki przypadk\u00f3w u\u017cycia w Visual Paradigm<\/a><\/h4><div class=\"pt-cv-content\">Wprowadzenie W dzisiejszych szybko zmieniaj\u0105cych si\u0119 warunkach rozwoju oprogramowania dok\u0142adne zapisywanie wymaga\u0144 nie jest tylko pomocne \u2013 jest niezb\u0119dne. Mimo &#8230;<\/div><div class=\"pt-cv-rmwrap\"><a href=\"https:\/\/flavorfiesta.foodiesconnect.net\/pl\/mastering-use-case-documentation-a-practitioners-review-of-visual-paradigms-use-case-notes-feature\/\" class=\"_self pt-cv-readmore btn btn-success\" target=\"_self\" >Dowiedz Si\u0119 Wi\u0119cej\u2026<\/a><\/div><\/div><\/div>\n<div class=\" pt-cv-content-item pt-cv-2-col\" ><div class=\"pt-cv-thumb-wrapper pull-left \"><a href=\"https:\/\/flavorfiesta.foodiesconnect.net\/pl\/mastering-use-case-diagrams-a-hands-on-review-of-visual-paradigms-uml-tool\/\" class=\"_self pt-cv-href-thumbnail pt-cv-thumb-left\" target=\"_self\" ><img loading=\"lazy\" decoding=\"async\" width=\"768\" height=\"424\" src=\"https:\/\/flavorfiesta.foodiesconnect.net\/pl\/wp-content\/uploads\/sites\/11\/2026\/04\/img_69e5bfc8b144f-768x424.png\" class=\"pt-cv-thumbnail pull-left\" alt=\"\" \/><\/a><\/div>\n<div class=\"pt-cv-colwrap\"><div class=\"pt-cv-taxoterm above_title\"><a href='https:\/\/flavorfiesta.foodiesconnect.net\/pl\/category\/visual-paradigm\/' title='Visual Paradigm' class='pt-cv-tax-visual-paradigm'>Visual Paradigm<\/a><\/div><h4 class=\"pt-cv-title\"><a href=\"https:\/\/flavorfiesta.foodiesconnect.net\/pl\/mastering-use-case-diagrams-a-hands-on-review-of-visual-paradigms-uml-tool\/\" class=\"_self\" target=\"_self\" >Opanowanie diagram\u00f3w przypadk\u00f3w u\u017cycia: Praktyczna recenzja narz\u0119dzia UML Visual Paradigm<\/a><\/h4><div class=\"pt-cv-content\">Wprowadzenie: Dlaczego diagramy przypadk\u00f3w u\u017cycia maj\u0105 znaczenie (i dlaczego w ko\u0144cu zdecydowa\u0142em si\u0119 na to) Jako specjalista ds. produkt\u00f3w, kt\u00f3ry &#8230;<\/div><div class=\"pt-cv-rmwrap\"><a href=\"https:\/\/flavorfiesta.foodiesconnect.net\/pl\/mastering-use-case-diagrams-a-hands-on-review-of-visual-paradigms-uml-tool\/\" class=\"_self pt-cv-readmore btn btn-success\" target=\"_self\" >Dowiedz Si\u0119 Wi\u0119cej\u2026<\/a><\/div><\/div><\/div>\n<div class=\" pt-cv-content-item pt-cv-2-col\" ><div class=\"pt-cv-thumb-wrapper pull-left \"><a href=\"https:\/\/flavorfiesta.foodiesconnect.net\/pl\/visual-paradigm-a-users-complete-guide-to-mastering-the-interface\/\" class=\"_self pt-cv-href-thumbnail pt-cv-thumb-left\" target=\"_self\" ><img loading=\"lazy\" decoding=\"async\" width=\"768\" height=\"428\" src=\"https:\/\/flavorfiesta.foodiesconnect.net\/pl\/wp-content\/uploads\/sites\/11\/2026\/04\/img_69e5bd5274d5c-768x428.png\" class=\"pt-cv-thumbnail pull-left\" alt=\"\" \/><\/a><\/div>\n<div class=\"pt-cv-colwrap\"><div class=\"pt-cv-taxoterm above_title\"><a href='https:\/\/flavorfiesta.foodiesconnect.net\/pl\/category\/visual-paradigm\/' title='Visual Paradigm' class='pt-cv-tax-visual-paradigm'>Visual Paradigm<\/a><\/div><h4 class=\"pt-cv-title\"><a href=\"https:\/\/flavorfiesta.foodiesconnect.net\/pl\/visual-paradigm-a-users-complete-guide-to-mastering-the-interface\/\" class=\"_self\" target=\"_self\" >Visual Paradigm: Kompletny przewodnik u\u017cytkownika do opanowania interfejsu<\/a><\/h4><div class=\"pt-cv-content\">Przez mened\u017cera produktu, kt\u00f3ry sp\u0119dzi\u0142 ponad 3 lata modelowanie z\u0142o\u017conych system\u00f3w za pomoc\u0105 Visual Paradigm Wprowadzenie: Dlaczego ten przewodnik istnieje &#8230;<\/div><div class=\"pt-cv-rmwrap\"><a href=\"https:\/\/flavorfiesta.foodiesconnect.net\/pl\/visual-paradigm-a-users-complete-guide-to-mastering-the-interface\/\" class=\"_self pt-cv-readmore btn btn-success\" target=\"_self\" >Dowiedz Si\u0119 Wi\u0119cej\u2026<\/a><\/div><\/div><\/div><\/div><\/div> <\/div> <style>\n\n#pt-cv-view-4vwo6lzl .pt-cv-meta-fields {  }#pt-cv-view-4vwo6lzl .pt-cv-meta-fields * { font-size: 13px; }.pt-cv-heading-container[data-blockid=\"4vwo6lzl\"] { text-align: center; }.pt-cv-heading-container[data-blockid=\"4vwo6lzl\"] * {  }#pt-cv-view-4vwo6lzl .pt-cv-thumb-wrapper:not(.miniwrap) { width: 40%; }#pt-cv-view-4vwo6lzl .pt-cv-thumbnail:not(.pt-cv-thumbnailsm) { height: 300px; }#pt-cv-view-4vwo6lzl .pt-cv-title a { display: block; }#pt-cv-view-4vwo6lzl .pt-cv-title:not(.pt-cv-titlesm) a { font-weight: 600;text-decoration: none;font-size: 22px; }#pt-cv-view-4vwo6lzl .pt-cv-titlesm a { font-weight: 600;font-size: 18px; }#pt-cv-view-4vwo6lzl .pt-cv-content { font-size: 15px; }#pt-cv-view-4vwo6lzl .pt-cv-readmore { color: #fff;background-color: #0075ff;font-size: 14px; }#pt-cv-view-4vwo6lzl .pt-cv-taxoterm {  }#pt-cv-view-4vwo6lzl .pt-cv-taxoterm * { color: #222;background-color: #fff6f6;font-size: 14px; }#pt-cv-view-4vwo6lzl + .pt-cv-pagination-wrapper {  }#pt-cv-view-4vwo6lzl + .pt-cv-pagination-wrapper a { font-size: 14px; }#pt-cv-view-4vwo6lzl > .pt-cv-page {grid-template-columns: repeat(1, 1fr);grid-gap: 20px;}\n@media all and (max-width: 1024px) { \n#pt-cv-view-4vwo6lzl > .pt-cv-page {grid-template-columns: repeat(1, 1fr);}\n} \n@media all and (max-width: 767px) { \n#pt-cv-view-4vwo6lzl > .pt-cv-page {grid-template-columns: repeat(1, 1fr);}\n} <\/style><\/div>\n\n\n\n<div class=\"wp-block-column is-layout-flow wp-block-column-is-layout-flow\" style=\"flex-basis:33.33%\"><ul class=\"wp-block-categories-list wp-block-categories\">\t<li class=\"cat-item cat-item-29\"><a href=\"https:\/\/flavorfiesta.foodiesconnect.net\/pl\/category\/agile\/\">Agile<\/a>\n<\/li>\n\t<li class=\"cat-item cat-item-28\"><a href=\"https:\/\/flavorfiesta.foodiesconnect.net\/pl\/category\/ai-chatbot\/\">AI Chatbot<\/a>\n<\/li>\n\t<li class=\"cat-item cat-item-18\"><a href=\"https:\/\/flavorfiesta.foodiesconnect.net\/pl\/category\/ai-powered-tool\/\">AI Powered Tool<\/a>\n<\/li>\n\t<li class=\"cat-item cat-item-12\"><a href=\"https:\/\/flavorfiesta.foodiesconnect.net\/pl\/category\/animate-video-maker\/\">Animate Video Maker<\/a>\n<\/li>\n\t<li class=\"cat-item cat-item-4\"><a href=\"https:\/\/flavorfiesta.foodiesconnect.net\/pl\/category\/appetizers\/\">Appetizers<\/a>\n<\/li>\n\t<li class=\"cat-item cat-item-14\"><a href=\"https:\/\/flavorfiesta.foodiesconnect.net\/pl\/category\/bookshelf\/\">Bookshelf<\/a>\n<\/li>\n\t<li class=\"cat-item cat-item-9\"><a href=\"https:\/\/flavorfiesta.foodiesconnect.net\/pl\/category\/cooking-tips\/\">Cooking TIps<\/a>\n<\/li>\n\t<li class=\"cat-item cat-item-17\"><a href=\"https:\/\/flavorfiesta.foodiesconnect.net\/pl\/category\/erd\/\">ERD<\/a>\n<\/li>\n\t<li class=\"cat-item cat-item-15\"><a href=\"https:\/\/flavorfiesta.foodiesconnect.net\/pl\/category\/flipbook-maker\/\">Flipbook Maker<\/a>\n<\/li>\n\t<li class=\"cat-item cat-item-49\"><a href=\"https:\/\/flavorfiesta.foodiesconnect.net\/pl\/category\/opendocs\/\">OpenDocs<\/a>\n<\/li>\n\t<li class=\"cat-item cat-item-7\"><a href=\"https:\/\/flavorfiesta.foodiesconnect.net\/pl\/category\/pasta\/\">Pasta<\/a>\n<\/li>\n\t<li class=\"cat-item cat-item-5\"><a href=\"https:\/\/flavorfiesta.foodiesconnect.net\/pl\/category\/salads\/\">Salads<\/a>\n<\/li>\n\t<li class=\"cat-item cat-item-10\"><a href=\"https:\/\/flavorfiesta.foodiesconnect.net\/pl\/category\/soup\/\">Soup<\/a>\n<\/li>\n\t<li class=\"cat-item cat-item-43\"><a href=\"https:\/\/flavorfiesta.foodiesconnect.net\/pl\/category\/strategic-analysis\/\">Strategic Analysis<\/a>\n<\/li>\n\t<li class=\"cat-item cat-item-1\"><a href=\"https:\/\/flavorfiesta.foodiesconnect.net\/pl\/category\/uncategorized\/\">Uncategorized<\/a>\n<\/li>\n\t<li class=\"cat-item cat-item-16\"><a href=\"https:\/\/flavorfiesta.foodiesconnect.net\/pl\/category\/unified-modeling-modeling\/\">Unified Modeling Modeling<\/a>\n<\/li>\n\t<li class=\"cat-item cat-item-46\"><a href=\"https:\/\/flavorfiesta.foodiesconnect.net\/pl\/category\/visual-paradigm\/\">Visual Paradigm<\/a>\n<\/li>\n\t<li class=\"cat-item cat-item-52\"><a href=\"https:\/\/flavorfiesta.foodiesconnect.net\/pl\/category\/vsm\/\">VSM<\/a>\n<\/li>\n<\/ul><\/div>\n<\/div>\n","protected":false},"excerpt":{"rendered":"","protected":false},"author":1,"featured_media":0,"parent":0,"menu_order":0,"comment_status":"closed","ping_status":"closed","template":"","meta":{"footnotes":""},"class_list":["post-346","page","type-page","status-publish","hentry"],"yoast_head":"<!-- This site is optimized with the Yoast SEO plugin v23.9 - https:\/\/yoast.com\/wordpress\/plugins\/seo\/ -->\n<title>Blog - Flavor Fiesta Polish<\/title>\n<meta name=\"robots\" content=\"index, follow, max-snippet:-1, max-image-preview:large, max-video-preview:-1\" \/>\n<link rel=\"canonical\" href=\"https:\/\/flavorfiesta.foodiesconnect.net\/pl\/blog\/\" \/>\n<meta property=\"og:locale\" content=\"pl_PL\" \/>\n<meta property=\"og:type\" content=\"article\" \/>\n<meta property=\"og:title\" content=\"Blog - Flavor Fiesta Polish\" \/>\n<meta property=\"og:url\" content=\"https:\/\/flavorfiesta.foodiesconnect.net\/pl\/blog\/\" \/>\n<meta property=\"og:site_name\" content=\"Flavor Fiesta Polish\" \/>\n<meta property=\"article:modified_time\" content=\"2024-11-25T03:50:44+00:00\" \/>\n<meta name=\"twitter:card\" content=\"summary_large_image\" \/>\n<script type=\"application\/ld+json\" class=\"yoast-schema-graph\">{\"@context\":\"https:\/\/schema.org\",\"@graph\":[{\"@type\":\"WebPage\",\"@id\":\"https:\/\/flavorfiesta.foodiesconnect.net\/pl\/blog\/\",\"url\":\"https:\/\/flavorfiesta.foodiesconnect.net\/pl\/blog\/\",\"name\":\"Blog - Flavor Fiesta Polish\",\"isPartOf\":{\"@id\":\"https:\/\/flavorfiesta.foodiesconnect.net\/pl\/#website\"},\"datePublished\":\"2024-11-25T03:45:24+00:00\",\"dateModified\":\"2024-11-25T03:50:44+00:00\",\"breadcrumb\":{\"@id\":\"https:\/\/flavorfiesta.foodiesconnect.net\/pl\/blog\/#breadcrumb\"},\"inLanguage\":\"pl-PL\",\"potentialAction\":[{\"@type\":\"ReadAction\",\"target\":[\"https:\/\/flavorfiesta.foodiesconnect.net\/pl\/blog\/\"]}]},{\"@type\":\"BreadcrumbList\",\"@id\":\"https:\/\/flavorfiesta.foodiesconnect.net\/pl\/blog\/#breadcrumb\",\"itemListElement\":[{\"@type\":\"ListItem\",\"position\":1,\"name\":\"Home\",\"item\":\"https:\/\/flavorfiesta.foodiesconnect.net\/pl\/\"},{\"@type\":\"ListItem\",\"position\":2,\"name\":\"Blog\"}]},{\"@type\":\"WebSite\",\"@id\":\"https:\/\/flavorfiesta.foodiesconnect.net\/pl\/#website\",\"url\":\"https:\/\/flavorfiesta.foodiesconnect.net\/pl\/\",\"name\":\"Flavor Fiesta Polish\",\"description\":\"\",\"potentialAction\":[{\"@type\":\"SearchAction\",\"target\":{\"@type\":\"EntryPoint\",\"urlTemplate\":\"https:\/\/flavorfiesta.foodiesconnect.net\/pl\/?s={search_term_string}\"},\"query-input\":{\"@type\":\"PropertyValueSpecification\",\"valueRequired\":true,\"valueName\":\"search_term_string\"}}],\"inLanguage\":\"pl-PL\"}]}<\/script>\n<!-- \/ Yoast SEO plugin. -->","yoast_head_json":{"title":"Blog - Flavor Fiesta Polish","robots":{"index":"index","follow":"follow","max-snippet":"max-snippet:-1","max-image-preview":"max-image-preview:large","max-video-preview":"max-video-preview:-1"},"canonical":"https:\/\/flavorfiesta.foodiesconnect.net\/pl\/blog\/","og_locale":"pl_PL","og_type":"article","og_title":"Blog - Flavor Fiesta Polish","og_url":"https:\/\/flavorfiesta.foodiesconnect.net\/pl\/blog\/","og_site_name":"Flavor Fiesta Polish","article_modified_time":"2024-11-25T03:50:44+00:00","twitter_card":"summary_large_image","schema":{"@context":"https:\/\/schema.org","@graph":[{"@type":"WebPage","@id":"https:\/\/flavorfiesta.foodiesconnect.net\/pl\/blog\/","url":"https:\/\/flavorfiesta.foodiesconnect.net\/pl\/blog\/","name":"Blog - Flavor Fiesta Polish","isPartOf":{"@id":"https:\/\/flavorfiesta.foodiesconnect.net\/pl\/#website"},"datePublished":"2024-11-25T03:45:24+00:00","dateModified":"2024-11-25T03:50:44+00:00","breadcrumb":{"@id":"https:\/\/flavorfiesta.foodiesconnect.net\/pl\/blog\/#breadcrumb"},"inLanguage":"pl-PL","potentialAction":[{"@type":"ReadAction","target":["https:\/\/flavorfiesta.foodiesconnect.net\/pl\/blog\/"]}]},{"@type":"BreadcrumbList","@id":"https:\/\/flavorfiesta.foodiesconnect.net\/pl\/blog\/#breadcrumb","itemListElement":[{"@type":"ListItem","position":1,"name":"Home","item":"https:\/\/flavorfiesta.foodiesconnect.net\/pl\/"},{"@type":"ListItem","position":2,"name":"Blog"}]},{"@type":"WebSite","@id":"https:\/\/flavorfiesta.foodiesconnect.net\/pl\/#website","url":"https:\/\/flavorfiesta.foodiesconnect.net\/pl\/","name":"Flavor Fiesta Polish","description":"","potentialAction":[{"@type":"SearchAction","target":{"@type":"EntryPoint","urlTemplate":"https:\/\/flavorfiesta.foodiesconnect.net\/pl\/?s={search_term_string}"},"query-input":{"@type":"PropertyValueSpecification","valueRequired":true,"valueName":"search_term_string"}}],"inLanguage":"pl-PL"}]}},"_links":{"self":[{"href":"https:\/\/flavorfiesta.foodiesconnect.net\/pl\/wp-json\/wp\/v2\/pages\/346","targetHints":{"allow":["GET"]}}],"collection":[{"href":"https:\/\/flavorfiesta.foodiesconnect.net\/pl\/wp-json\/wp\/v2\/pages"}],"about":[{"href":"https:\/\/flavorfiesta.foodiesconnect.net\/pl\/wp-json\/wp\/v2\/types\/page"}],"author":[{"embeddable":true,"href":"https:\/\/flavorfiesta.foodiesconnect.net\/pl\/wp-json\/wp\/v2\/users\/1"}],"replies":[{"embeddable":true,"href":"https:\/\/flavorfiesta.foodiesconnect.net\/pl\/wp-json\/wp\/v2\/comments?post=346"}],"version-history":[{"count":3,"href":"https:\/\/flavorfiesta.foodiesconnect.net\/pl\/wp-json\/wp\/v2\/pages\/346\/revisions"}],"predecessor-version":[{"id":350,"href":"https:\/\/flavorfiesta.foodiesconnect.net\/pl\/wp-json\/wp\/v2\/pages\/346\/revisions\/350"}],"wp:attachment":[{"href":"https:\/\/flavorfiesta.foodiesconnect.net\/pl\/wp-json\/wp\/v2\/media?parent=346"}],"curies":[{"name":"wp","href":"https:\/\/api.w.org\/{rel}","templated":true}]}}