{"id":72,"date":"2024-02-08T11:12:14","date_gmt":"2024-02-08T03:12:14","guid":{"rendered":"https:\/\/flavorfiesta.foodiesconnect.net\/fr\/?page_id=72"},"modified":"2024-03-13T16:44:25","modified_gmt":"2024-03-13T08:44:25","slug":"salads","status":"publish","type":"page","link":"https:\/\/flavorfiesta.foodiesconnect.net\/fr\/salads\/","title":{"rendered":"Salads"},"content":{"rendered":"<div class='pt-cv-wrapper'> <div class=\"pt-cv-view pt-cv-blockgrid iscvblock iscvreal grid1 layout1 cveffect-zoomin\" id=\"pt-cv-view-7dr8k85x\"><div data-id=\"pt-cv-page-1\" class=\"pt-cv-page\" data-cvc=\"3\"><div class=\" pt-cv-content-item pt-cv-1-col\" ><div class=\"pt-cv-thumb-wrapper  \"><a href=\"https:\/\/flavorfiesta.foodiesconnect.net\/fr\/fresh-and-flavorful-5-popular-salad-recipes-unveiled\/\" class=\"_self pt-cv-href-thumbnail pt-cv-thumb-default\" target=\"_self\" ><img loading=\"lazy\" decoding=\"async\" width=\"680\" height=\"681\" src=\"https:\/\/flavorfiesta.foodiesconnect.net\/fr\/wp-content\/uploads\/sites\/6\/2026\/03\/Screenshot-2024-02-08-at-11.13.13-AM.png\" class=\"pt-cv-thumbnail\" alt=\"\" \/><\/a><\/div>\n<div class=\"pt-cv-taxoterm above_title\"><a href='https:\/\/flavorfiesta.foodiesconnect.net\/fr\/category\/salads\/' title='Salads' class='pt-cv-tax-salads'>Salads<\/a><\/div>\n<h4 class=\"pt-cv-title\"><a href=\"https:\/\/flavorfiesta.foodiesconnect.net\/fr\/fresh-and-flavorful-5-popular-salad-recipes-unveiled\/\" class=\"_self\" target=\"_self\" >Frais et savoureux : 5 recettes de salades populaires d\u00e9voil\u00e9es<\/a><\/h4>\n<div class=\"pt-cv-rmwrap\"><a href=\"https:\/\/flavorfiesta.foodiesconnect.net\/fr\/fresh-and-flavorful-5-popular-salad-recipes-unveiled\/\" class=\"_self pt-cv-readmore btn btn-success\" target=\"_self\" >Lire La Suite\u2026<\/a><\/div><\/div>\n<div class=\" pt-cv-content-item pt-cv-1-col\" ><div class=\"pt-cv-thumb-wrapper  \"><a href=\"https:\/\/flavorfiesta.foodiesconnect.net\/fr\/sensational-salad-creations-elevate-your-greens-game-with-these-must-try-recipes\/\" class=\"_self pt-cv-href-thumbnail pt-cv-thumb-default\" target=\"_self\" ><img loading=\"lazy\" decoding=\"async\" width=\"680\" height=\"680\" src=\"https:\/\/flavorfiesta.foodiesconnect.net\/fr\/wp-content\/uploads\/sites\/6\/2026\/03\/Screenshot-2024-02-08-at-1.58.50-PM.png\" class=\"pt-cv-thumbnail\" alt=\"\" \/><\/a><\/div>\n<div class=\"pt-cv-taxoterm above_title\"><a href='https:\/\/flavorfiesta.foodiesconnect.net\/fr\/category\/salads\/' title='Salads' class='pt-cv-tax-salads'>Salads<\/a><\/div>\n<h4 class=\"pt-cv-title\"><a href=\"https:\/\/flavorfiesta.foodiesconnect.net\/fr\/sensational-salad-creations-elevate-your-greens-game-with-these-must-try-recipes\/\" class=\"_self\" target=\"_self\" >Cr\u00e9ations de salades sensationnelles : am\u00e9liorez votre jeu avec les l\u00e9gumes gr\u00e2ce \u00e0 ces recettes incontournables<\/a><\/h4>\n<div class=\"pt-cv-rmwrap\"><a href=\"https:\/\/flavorfiesta.foodiesconnect.net\/fr\/sensational-salad-creations-elevate-your-greens-game-with-these-must-try-recipes\/\" class=\"_self pt-cv-readmore btn btn-success\" target=\"_self\" >Lire La Suite\u2026<\/a><\/div><\/div>\n<div class=\" pt-cv-content-item pt-cv-1-col\" ><div class=\"pt-cv-thumb-wrapper  \"><a href=\"https:\/\/flavorfiesta.foodiesconnect.net\/fr\/chicken-salad-sensations-a-medley-of-international-flavors\/\" class=\"_self pt-cv-href-thumbnail pt-cv-thumb-default\" target=\"_self\" ><img loading=\"lazy\" decoding=\"async\" width=\"680\" height=\"679\" src=\"https:\/\/flavorfiesta.foodiesconnect.net\/fr\/wp-content\/uploads\/sites\/6\/2026\/03\/Screenshot-2024-02-14-at-2.39.48-PM.png\" class=\"pt-cv-thumbnail\" alt=\"\" \/><\/a><\/div>\n<div class=\"pt-cv-taxoterm above_title\"><a href='https:\/\/flavorfiesta.foodiesconnect.net\/fr\/category\/salads\/' title='Salads' class='pt-cv-tax-salads'>Salads<\/a><\/div>\n<h4 class=\"pt-cv-title\"><a href=\"https:\/\/flavorfiesta.foodiesconnect.net\/fr\/chicken-salad-sensations-a-medley-of-international-flavors\/\" class=\"_self\" target=\"_self\" >Sensations de salade de poulet : un m\u00e9lange de saveurs internationales<\/a><\/h4>\n<div class=\"pt-cv-rmwrap\"><a href=\"https:\/\/flavorfiesta.foodiesconnect.net\/fr\/chicken-salad-sensations-a-medley-of-international-flavors\/\" class=\"_self pt-cv-readmore btn btn-success\" target=\"_self\" >Lire La Suite\u2026<\/a><\/div><\/div>\n<div class=\" pt-cv-content-item pt-cv-1-col\" ><div class=\"pt-cv-thumb-wrapper  \"><a href=\"https:\/\/flavorfiesta.foodiesconnect.net\/fr\/salad-symphony-a-culinary-overture-of-fresh-greens\/\" class=\"_self pt-cv-href-thumbnail pt-cv-thumb-default\" target=\"_self\" ><img loading=\"lazy\" decoding=\"async\" width=\"680\" height=\"680\" src=\"https:\/\/flavorfiesta.foodiesconnect.net\/fr\/wp-content\/uploads\/sites\/6\/2026\/03\/Salad-Symphony_-A-Culinary-Overture-of-Fresh-Greens-COVER.jpg\" class=\"pt-cv-thumbnail\" alt=\"\" \/><\/a><\/div>\n<div class=\"pt-cv-taxoterm above_title\"><a href='https:\/\/flavorfiesta.foodiesconnect.net\/fr\/category\/salads\/' title='Salads' class='pt-cv-tax-salads'>Salads<\/a><\/div>\n<h4 class=\"pt-cv-title\"><a href=\"https:\/\/flavorfiesta.foodiesconnect.net\/fr\/salad-symphony-a-culinary-overture-of-fresh-greens\/\" class=\"_self\" target=\"_self\" >Symphonie de salade : Une ouverture culinaire de l\u00e9gumes frais<\/a><\/h4>\n<div class=\"pt-cv-rmwrap\"><a href=\"https:\/\/flavorfiesta.foodiesconnect.net\/fr\/salad-symphony-a-culinary-overture-of-fresh-greens\/\" class=\"_self pt-cv-readmore btn btn-success\" target=\"_self\" >Lire La Suite\u2026<\/a><\/div><\/div>\n<div class=\" pt-cv-content-item pt-cv-1-col\" ><div class=\"pt-cv-thumb-wrapper  \"><a href=\"https:\/\/flavorfiesta.foodiesconnect.net\/fr\/fresh-flavorful-a-handbook-for-perfectly-balanced-salads\/\" class=\"_self pt-cv-href-thumbnail pt-cv-thumb-default\" target=\"_self\" ><img loading=\"lazy\" decoding=\"async\" width=\"680\" height=\"680\" src=\"https:\/\/flavorfiesta.foodiesconnect.net\/fr\/wp-content\/uploads\/sites\/6\/2026\/03\/Fresh-Flavorful_-A-Handbook-for-Perfectly-Balanced-Salads-Cover-Page.jpg\" class=\"pt-cv-thumbnail\" alt=\"\" \/><\/a><\/div>\n<div class=\"pt-cv-taxoterm above_title\"><a href='https:\/\/flavorfiesta.foodiesconnect.net\/fr\/category\/salads\/' title='Salads' class='pt-cv-tax-salads'>Salads<\/a><\/div>\n<h4 class=\"pt-cv-title\"><a href=\"https:\/\/flavorfiesta.foodiesconnect.net\/fr\/fresh-flavorful-a-handbook-for-perfectly-balanced-salads\/\" class=\"_self\" target=\"_self\" >Frais et savoureux : un manuel pour des salades parfaitement \u00e9quilibr\u00e9es<\/a><\/h4>\n<div class=\"pt-cv-rmwrap\"><a href=\"https:\/\/flavorfiesta.foodiesconnect.net\/fr\/fresh-flavorful-a-handbook-for-perfectly-balanced-salads\/\" class=\"_self pt-cv-readmore btn btn-success\" target=\"_self\" >Lire La Suite\u2026<\/a><\/div><\/div>\n<div class=\" pt-cv-content-item pt-cv-1-col\" ><div class=\"pt-cv-thumb-wrapper  \"><a href=\"https:\/\/flavorfiesta.foodiesconnect.net\/fr\/leafy-marvels-wholesome-and-delicious-salad-recipes\/\" class=\"_self pt-cv-href-thumbnail pt-cv-thumb-default\" target=\"_self\" ><img loading=\"lazy\" decoding=\"async\" width=\"680\" height=\"680\" src=\"https:\/\/flavorfiesta.foodiesconnect.net\/fr\/wp-content\/uploads\/sites\/6\/2026\/03\/Leafy-Marvels_-Wholesome-and-Delicious-Salad-Recipes-Cover-Page.jpg\" class=\"pt-cv-thumbnail\" alt=\"\" \/><\/a><\/div>\n<div class=\"pt-cv-taxoterm above_title\"><a href='https:\/\/flavorfiesta.foodiesconnect.net\/fr\/category\/salads\/' title='Salads' class='pt-cv-tax-salads'>Salads<\/a><\/div>\n<h4 class=\"pt-cv-title\"><a href=\"https:\/\/flavorfiesta.foodiesconnect.net\/fr\/leafy-marvels-wholesome-and-delicious-salad-recipes\/\" class=\"_self\" target=\"_self\" >Merveilles feuillues : des recettes de salades saines et d\u00e9licieuses<\/a><\/h4>\n<div class=\"pt-cv-rmwrap\"><a href=\"https:\/\/flavorfiesta.foodiesconnect.net\/fr\/leafy-marvels-wholesome-and-delicious-salad-recipes\/\" class=\"_self pt-cv-readmore btn btn-success\" target=\"_self\" >Lire La Suite\u2026<\/a><\/div><\/div>\n<div class=\" pt-cv-content-item pt-cv-1-col\" ><div class=\"pt-cv-thumb-wrapper  \"><a href=\"https:\/\/flavorfiesta.foodiesconnect.net\/fr\/garden-to-table-a-journey-through-wholesome-salad\/\" class=\"_self pt-cv-href-thumbnail pt-cv-thumb-default\" target=\"_self\" ><img loading=\"lazy\" decoding=\"async\" width=\"680\" height=\"680\" src=\"https:\/\/flavorfiesta.foodiesconnect.net\/fr\/wp-content\/uploads\/sites\/6\/2026\/03\/Garden-to-Table_-A-Journey-Through-Wholesome-Salad-Cover-Page.jpg\" class=\"pt-cv-thumbnail\" alt=\"\" \/><\/a><\/div>\n<div class=\"pt-cv-taxoterm above_title\"><a href='https:\/\/flavorfiesta.foodiesconnect.net\/fr\/category\/salads\/' title='Salads' class='pt-cv-tax-salads'>Salads<\/a><\/div>\n<h4 class=\"pt-cv-title\"><a href=\"https:\/\/flavorfiesta.foodiesconnect.net\/fr\/garden-to-table-a-journey-through-wholesome-salad\/\" class=\"_self\" target=\"_self\" >Du jardin \u00e0 la table : un voyage \u00e0 travers la salade saine<\/a><\/h4>\n<div class=\"pt-cv-rmwrap\"><a href=\"https:\/\/flavorfiesta.foodiesconnect.net\/fr\/garden-to-table-a-journey-through-wholesome-salad\/\" class=\"_self pt-cv-readmore btn btn-success\" target=\"_self\" >Lire La Suite\u2026<\/a><\/div><\/div>\n<div class=\" pt-cv-content-item pt-cv-1-col\" ><div class=\"pt-cv-thumb-wrapper  \"><a href=\"https:\/\/flavorfiesta.foodiesconnect.net\/fr\/seasonal-greens-harvesting-the-best-for-your-signature-salads\/\" class=\"_self pt-cv-href-thumbnail pt-cv-thumb-default\" target=\"_self\" ><img loading=\"lazy\" decoding=\"async\" width=\"680\" height=\"680\" src=\"https:\/\/flavorfiesta.foodiesconnect.net\/fr\/wp-content\/uploads\/sites\/6\/2026\/03\/Seasonal-Greens_-Harvesting-the-Best-for-Your-Signature-Salads-Cover-Page.jpg\" class=\"pt-cv-thumbnail\" alt=\"\" \/><\/a><\/div>\n<div class=\"pt-cv-taxoterm above_title\"><a href='https:\/\/flavorfiesta.foodiesconnect.net\/fr\/category\/salads\/' title='Salads' class='pt-cv-tax-salads'>Salads<\/a><\/div>\n<h4 class=\"pt-cv-title\"><a href=\"https:\/\/flavorfiesta.foodiesconnect.net\/fr\/seasonal-greens-harvesting-the-best-for-your-signature-salads\/\" class=\"_self\" target=\"_self\" >L\u00e9gumes de saison : r\u00e9colter le meilleur pour vos salades signature<\/a><\/h4>\n<div class=\"pt-cv-rmwrap\"><a href=\"https:\/\/flavorfiesta.foodiesconnect.net\/fr\/seasonal-greens-harvesting-the-best-for-your-signature-salads\/\" class=\"_self pt-cv-readmore btn btn-success\" target=\"_self\" >Lire La Suite\u2026<\/a><\/div><\/div>\n<div class=\" pt-cv-content-item pt-cv-1-col\" ><div class=\"pt-cv-thumb-wrapper  \"><a href=\"https:\/\/flavorfiesta.foodiesconnect.net\/fr\/elevate-your-plate-creative-salad-ideas-for-every-occasion\/\" class=\"_self pt-cv-href-thumbnail pt-cv-thumb-default\" target=\"_self\" ><img loading=\"lazy\" decoding=\"async\" width=\"680\" height=\"680\" src=\"https:\/\/flavorfiesta.foodiesconnect.net\/fr\/wp-content\/uploads\/sites\/6\/2026\/03\/Elevate-Your-Plate_-Creative-Salad-Ideas-for-Every-Occasion-Cover-Page.jpg\" class=\"pt-cv-thumbnail\" alt=\"\" \/><\/a><\/div>\n<div class=\"pt-cv-taxoterm above_title\"><a href='https:\/\/flavorfiesta.foodiesconnect.net\/fr\/category\/salads\/' title='Salads' class='pt-cv-tax-salads'>Salads<\/a><\/div>\n<h4 class=\"pt-cv-title\"><a href=\"https:\/\/flavorfiesta.foodiesconnect.net\/fr\/elevate-your-plate-creative-salad-ideas-for-every-occasion\/\" class=\"_self\" target=\"_self\" >\u00c9levez votre assiette : des id\u00e9es cr\u00e9atives de salades pour toutes les occasions<\/a><\/h4>\n<div class=\"pt-cv-rmwrap\"><a href=\"https:\/\/flavorfiesta.foodiesconnect.net\/fr\/elevate-your-plate-creative-salad-ideas-for-every-occasion\/\" class=\"_self pt-cv-readmore btn btn-success\" target=\"_self\" >Lire La Suite\u2026<\/a><\/div><\/div><\/div><\/div>\n<div class=\" pt-cv-pagination-wrapper\"><ul class=\"pt-cv-pagination pt-cv-ajax pagination\" data-totalpages=\"2\" data-currentpage=\"1\" data-sid=\"7dr8k85x\" data-unid=\"\" data-isblock=\"grid1\" data-postid=\"0\"><li class=\"active\"><a href=\"#\">1<\/a><\/li>\n\t<li ><a class=\"\" href=\"https:\/\/flavorfiesta.foodiesconnect.net\/fr\/wp-json\/wp\/v2\/pages\/72\/?_page=2\">2<\/a><\/li>\n\t<li ><a class=\" \" href=\"https:\/\/flavorfiesta.foodiesconnect.net\/fr\/wp-json\/wp\/v2\/pages\/72\/?_page=2\">&rsaquo;<\/a><\/li>\n\t<\/ul><img loading=\"lazy\" decoding=\"async\" width=\"15\" height=\"15\" class=\"pt-cv-spinner\" alt=\"Chargement\u2026\" src=\"data:image\/gif;base64,R0lGODlhDwAPALMPAMrKygwMDJOTkz09PZWVla+vr3p6euTk5M7OzuXl5TMzMwAAAJmZmWZmZszMzP\/\/\/yH\/C05FVFNDQVBFMi4wAwEAAAAh+QQFCgAPACwAAAAADwAPAAAEQvDJaZaZOIcV8iQK8VRX4iTYoAwZ4iCYoAjZ4RxejhVNoT+mRGP4cyF4Pp0N98sBGIBMEMOotl6YZ3S61Bmbkm4mAgAh+QQFCgAPACwAAAAADQANAAAENPDJSRSZeA418itN8QiK8BiLITVsFiyBBIoYqnoewAD4xPw9iY4XLGYSjkQR4UAUD45DLwIAIfkEBQoADwAsAAAAAA8ACQAABC\/wyVlamTi3nSdgwFNdhEJgTJoNyoB9ISYoQmdjiZPcj7EYCAeCF1gEDo4Dz2eIAAAh+QQFCgAPACwCAAAADQANAAAEM\/DJBxiYeLKdX3IJZT1FU0iIg2RNKx3OkZVnZ98ToRD4MyiDnkAh6BkNC0MvsAj0kMpHBAAh+QQFCgAPACwGAAAACQAPAAAEMDC59KpFDll73HkAA2wVY5KgiK5b0RRoI6MuzG6EQqCDMlSGheEhUAgqgUUAFRySIgAh+QQFCgAPACwCAAIADQANAAAEM\/DJKZNLND\/kkKaHc3xk+QAMYDKsiaqmZCxGVjSFFCxB1vwy2oOgIDxuucxAMTAJFAJNBAAh+QQFCgAPACwAAAYADwAJAAAEMNAs86q1yaWwwv2Ig0jUZx3OYa4XoRAfwADXoAwfo1+CIjyFRuEho60aSNYlOPxEAAAh+QQFCgAPACwAAAIADQANAAAENPA9s4y8+IUVcqaWJ4qEQozSoAzoIyhCK2NFU2SJk0hNnyEOhKR2AzAAj4Pj4GE4W0bkJQIAOw==\" \/><div class=\"clear pt-cv-clear-pagination\"><\/div><\/div> <\/div> <style>\n\n#pt-cv-view-7dr8k85x .pt-cv-meta-fields {  }#pt-cv-view-7dr8k85x .pt-cv-meta-fields * { font-size: 13px; }#pt-cv-view-7dr8k85x .pt-cv-thumb-wrapper:not(.miniwrap) {  }#pt-cv-view-7dr8k85x .pt-cv-thumbnail:not(.pt-cv-thumbnailsm) { height: 400px; }#pt-cv-view-7dr8k85x .pt-cv-title a { display: block; }#pt-cv-view-7dr8k85x .pt-cv-title:not(.pt-cv-titlesm) a { font-weight: 600;text-decoration: none;font-size: 20px; }#pt-cv-view-7dr8k85x .pt-cv-titlesm a { font-weight: 600;font-size: 18px; }#pt-cv-view-7dr8k85x .pt-cv-content { font-size: 15px; }#pt-cv-view-7dr8k85x .pt-cv-readmore { color: #fff;background-color: #0075ff;font-size: 14px; }#pt-cv-view-7dr8k85x .pt-cv-taxoterm {  }#pt-cv-view-7dr8k85x .pt-cv-taxoterm * { color: #222;background-color: #fff6f6;font-size: 14px; }#pt-cv-view-7dr8k85x + .pt-cv-pagination-wrapper {  }#pt-cv-view-7dr8k85x + .pt-cv-pagination-wrapper a { font-size: 14px; }#pt-cv-view-7dr8k85x > .pt-cv-page {grid-template-columns: repeat(3, 1fr);grid-gap: 20px;}\n@media all and (max-width: 1024px) { \n#pt-cv-view-7dr8k85x > .pt-cv-page {grid-template-columns: repeat(2, 1fr);}\n} \n@media all and (max-width: 767px) { \n#pt-cv-view-7dr8k85x > .pt-cv-page {grid-template-columns: repeat(1, 1fr);}\n} <\/style>","protected":false},"excerpt":{"rendered":"","protected":false},"author":1,"featured_media":0,"parent":0,"menu_order":0,"comment_status":"closed","ping_status":"closed","template":"","meta":{"footnotes":""},"class_list":["post-72","page","type-page","status-publish","hentry"],"yoast_head":"<!-- This site is optimized with the Yoast SEO plugin v23.9 - https:\/\/yoast.com\/wordpress\/plugins\/seo\/ -->\n<title>Salads - Flavor Fiesta French<\/title>\n<meta name=\"robots\" content=\"index, follow, max-snippet:-1, max-image-preview:large, max-video-preview:-1\" \/>\n<link rel=\"canonical\" href=\"https:\/\/flavorfiesta.foodiesconnect.net\/fr\/salads\/\" \/>\n<meta property=\"og:locale\" content=\"fr_FR\" \/>\n<meta property=\"og:type\" content=\"article\" \/>\n<meta property=\"og:title\" content=\"Salads - Flavor Fiesta French\" \/>\n<meta property=\"og:url\" content=\"https:\/\/flavorfiesta.foodiesconnect.net\/fr\/salads\/\" \/>\n<meta property=\"og:site_name\" content=\"Flavor Fiesta French\" \/>\n<meta property=\"article:modified_time\" content=\"2024-03-13T08:44:25+00:00\" \/>\n<meta name=\"twitter:card\" content=\"summary_large_image\" \/>\n<script type=\"application\/ld+json\" class=\"yoast-schema-graph\">{\"@context\":\"https:\/\/schema.org\",\"@graph\":[{\"@type\":\"WebPage\",\"@id\":\"https:\/\/flavorfiesta.foodiesconnect.net\/fr\/salads\/\",\"url\":\"https:\/\/flavorfiesta.foodiesconnect.net\/fr\/salads\/\",\"name\":\"Salads - Flavor Fiesta French\",\"isPartOf\":{\"@id\":\"https:\/\/flavorfiesta.foodiesconnect.net\/fr\/#website\"},\"datePublished\":\"2024-02-08T03:12:14+00:00\",\"dateModified\":\"2024-03-13T08:44:25+00:00\",\"breadcrumb\":{\"@id\":\"https:\/\/flavorfiesta.foodiesconnect.net\/fr\/salads\/#breadcrumb\"},\"inLanguage\":\"fr-FR\",\"potentialAction\":[{\"@type\":\"ReadAction\",\"target\":[\"https:\/\/flavorfiesta.foodiesconnect.net\/fr\/salads\/\"]}]},{\"@type\":\"BreadcrumbList\",\"@id\":\"https:\/\/flavorfiesta.foodiesconnect.net\/fr\/salads\/#breadcrumb\",\"itemListElement\":[{\"@type\":\"ListItem\",\"position\":1,\"name\":\"Home\",\"item\":\"https:\/\/flavorfiesta.foodiesconnect.net\/fr\/\"},{\"@type\":\"ListItem\",\"position\":2,\"name\":\"Salads\"}]},{\"@type\":\"WebSite\",\"@id\":\"https:\/\/flavorfiesta.foodiesconnect.net\/fr\/#website\",\"url\":\"https:\/\/flavorfiesta.foodiesconnect.net\/fr\/\",\"name\":\"Flavor Fiesta French\",\"description\":\"\",\"potentialAction\":[{\"@type\":\"SearchAction\",\"target\":{\"@type\":\"EntryPoint\",\"urlTemplate\":\"https:\/\/flavorfiesta.foodiesconnect.net\/fr\/?s={search_term_string}\"},\"query-input\":{\"@type\":\"PropertyValueSpecification\",\"valueRequired\":true,\"valueName\":\"search_term_string\"}}],\"inLanguage\":\"fr-FR\"}]}<\/script>\n<!-- \/ Yoast SEO plugin. -->","yoast_head_json":{"title":"Salads - Flavor Fiesta French","robots":{"index":"index","follow":"follow","max-snippet":"max-snippet:-1","max-image-preview":"max-image-preview:large","max-video-preview":"max-video-preview:-1"},"canonical":"https:\/\/flavorfiesta.foodiesconnect.net\/fr\/salads\/","og_locale":"fr_FR","og_type":"article","og_title":"Salads - Flavor Fiesta French","og_url":"https:\/\/flavorfiesta.foodiesconnect.net\/fr\/salads\/","og_site_name":"Flavor Fiesta French","article_modified_time":"2024-03-13T08:44:25+00:00","twitter_card":"summary_large_image","schema":{"@context":"https:\/\/schema.org","@graph":[{"@type":"WebPage","@id":"https:\/\/flavorfiesta.foodiesconnect.net\/fr\/salads\/","url":"https:\/\/flavorfiesta.foodiesconnect.net\/fr\/salads\/","name":"Salads - Flavor Fiesta French","isPartOf":{"@id":"https:\/\/flavorfiesta.foodiesconnect.net\/fr\/#website"},"datePublished":"2024-02-08T03:12:14+00:00","dateModified":"2024-03-13T08:44:25+00:00","breadcrumb":{"@id":"https:\/\/flavorfiesta.foodiesconnect.net\/fr\/salads\/#breadcrumb"},"inLanguage":"fr-FR","potentialAction":[{"@type":"ReadAction","target":["https:\/\/flavorfiesta.foodiesconnect.net\/fr\/salads\/"]}]},{"@type":"BreadcrumbList","@id":"https:\/\/flavorfiesta.foodiesconnect.net\/fr\/salads\/#breadcrumb","itemListElement":[{"@type":"ListItem","position":1,"name":"Home","item":"https:\/\/flavorfiesta.foodiesconnect.net\/fr\/"},{"@type":"ListItem","position":2,"name":"Salads"}]},{"@type":"WebSite","@id":"https:\/\/flavorfiesta.foodiesconnect.net\/fr\/#website","url":"https:\/\/flavorfiesta.foodiesconnect.net\/fr\/","name":"Flavor Fiesta French","description":"","potentialAction":[{"@type":"SearchAction","target":{"@type":"EntryPoint","urlTemplate":"https:\/\/flavorfiesta.foodiesconnect.net\/fr\/?s={search_term_string}"},"query-input":{"@type":"PropertyValueSpecification","valueRequired":true,"valueName":"search_term_string"}}],"inLanguage":"fr-FR"}]}},"_links":{"self":[{"href":"https:\/\/flavorfiesta.foodiesconnect.net\/fr\/wp-json\/wp\/v2\/pages\/72","targetHints":{"allow":["GET"]}}],"collection":[{"href":"https:\/\/flavorfiesta.foodiesconnect.net\/fr\/wp-json\/wp\/v2\/pages"}],"about":[{"href":"https:\/\/flavorfiesta.foodiesconnect.net\/fr\/wp-json\/wp\/v2\/types\/page"}],"author":[{"embeddable":true,"href":"https:\/\/flavorfiesta.foodiesconnect.net\/fr\/wp-json\/wp\/v2\/users\/1"}],"replies":[{"embeddable":true,"href":"https:\/\/flavorfiesta.foodiesconnect.net\/fr\/wp-json\/wp\/v2\/comments?post=72"}],"version-history":[{"count":4,"href":"https:\/\/flavorfiesta.foodiesconnect.net\/fr\/wp-json\/wp\/v2\/pages\/72\/revisions"}],"predecessor-version":[{"id":340,"href":"https:\/\/flavorfiesta.foodiesconnect.net\/fr\/wp-json\/wp\/v2\/pages\/72\/revisions\/340"}],"wp:attachment":[{"href":"https:\/\/flavorfiesta.foodiesconnect.net\/fr\/wp-json\/wp\/v2\/media?parent=72"}],"curies":[{"name":"wp","href":"https:\/\/api.w.org\/{rel}","templated":true}]}}