{"id":346,"date":"2024-11-25T11:45:24","date_gmt":"2024-11-25T03:45:24","guid":{"rendered":"https:\/\/flavorfiesta.foodiesconnect.net\/fr\/?page_id=346"},"modified":"2024-11-25T11:50:44","modified_gmt":"2024-11-25T03:50:44","slug":"blog","status":"publish","type":"page","link":"https:\/\/flavorfiesta.foodiesconnect.net\/fr\/blog\/","title":{"rendered":"Blog"},"content":{"rendered":"\n<div class=\"wp-block-columns is-layout-flex wp-container-core-columns-is-layout-28f84493 wp-block-columns-is-layout-flex\">\n<div class=\"wp-block-column is-layout-flow wp-block-column-is-layout-flow\" style=\"flex-basis:66.66%\"><div class='pt-cv-wrapper'> <h3 class='pt-cv-heading-container heading1' data-blockid='4vwo6lzl'><span class='pt-cv-heading'> Blog List <\/span><\/h3><div class=\"pt-cv-view pt-cv-blockgrid iscvblock iscvreal list1 layout1\" id=\"pt-cv-view-4vwo6lzl\"><div data-id=\"pt-cv-page-1\" class=\"pt-cv-page\" data-cvc=\"1\"><div class=\" pt-cv-content-item pt-cv-2-col\" ><div class=\"pt-cv-thumb-wrapper pull-left \"><a href=\"https:\/\/flavorfiesta.foodiesconnect.net\/fr\/comprehensive-guide-to-uml-class-diagrams-with-visual-paradigm\/\" class=\"_self pt-cv-href-thumbnail pt-cv-thumb-left\" target=\"_self\" ><img decoding=\"async\" src=\"https:\/\/flavorfiesta.foodiesconnect.net\/fr\/wp-content\/plugins\/content-views-query-and-display-post-page\/public\/assets\/images\/default_image.png\" class=\"pt-cv-thumbnail pull-left cv-default-img\" alt=\"Guide complet sur les diagrammes de classes UML avec Visual Paradigm\" title=\"\" \/><\/a><\/div>\n<div class=\"pt-cv-colwrap\"><div class=\"pt-cv-taxoterm above_title\"><a href='https:\/\/flavorfiesta.foodiesconnect.net\/fr\/category\/unified-modeling-modeling\/' title='Unified Modeling Modeling' class='pt-cv-tax-unified-modeling-modeling'>Unified Modeling Modeling<\/a><\/div><h4 class=\"pt-cv-title\"><a href=\"https:\/\/flavorfiesta.foodiesconnect.net\/fr\/comprehensive-guide-to-uml-class-diagrams-with-visual-paradigm\/\" class=\"_self\" target=\"_self\" >Guide complet sur les diagrammes de classes UML avec Visual Paradigm<\/a><\/h4><div class=\"pt-cv-content\">Un diagramme UML Diagramme de classes est un pilier de la mod\u00e9lisation orient\u00e9e objet, offrant une repr\u00e9sentation visuelle de la &#8230;<\/div><div class=\"pt-cv-rmwrap\"><a href=\"https:\/\/flavorfiesta.foodiesconnect.net\/fr\/comprehensive-guide-to-uml-class-diagrams-with-visual-paradigm\/\" class=\"_self pt-cv-readmore btn btn-success\" target=\"_self\" >Lire La Suite\u2026<\/a><\/div><\/div><\/div>\n<div class=\" pt-cv-content-item pt-cv-2-col\" ><div class=\"pt-cv-thumb-wrapper pull-left \"><a href=\"https:\/\/flavorfiesta.foodiesconnect.net\/fr\/revolutionize-your-slides-meet-visual-paradigms-ai-markdown-presentation-maker\/\" class=\"_self pt-cv-href-thumbnail pt-cv-thumb-left\" target=\"_self\" ><img loading=\"lazy\" decoding=\"async\" width=\"768\" height=\"612\" src=\"https:\/\/flavorfiesta.foodiesconnect.net\/fr\/wp-content\/uploads\/sites\/6\/2026\/03\/slideshow-maker-1-768x612.png\" class=\"pt-cv-thumbnail pull-left\" alt=\"\" \/><\/a><\/div>\n<div class=\"pt-cv-colwrap\"><div class=\"pt-cv-taxoterm above_title\"><a href='https:\/\/flavorfiesta.foodiesconnect.net\/fr\/category\/ai-powered-tool\/' title='AI Powered Tool' class='pt-cv-tax-ai-powered-tool'>AI Powered Tool<\/a><\/div><h4 class=\"pt-cv-title\"><a href=\"https:\/\/flavorfiesta.foodiesconnect.net\/fr\/revolutionize-your-slides-meet-visual-paradigms-ai-markdown-presentation-maker\/\" class=\"_self\" target=\"_self\" >R\u00e9volutionnez vos diapositives : D\u00e9couvrez le g\u00e9n\u00e9rateur de pr\u00e9sentations AI Markdown de Visual Paradigm !<\/a><\/h4><div class=\"pt-cv-content\">Fatigu\u00e9 de passer des heures \u00e0 lutter contre des logiciels de diapositives lourds, pour finir par des pr\u00e9sentations fades et &#8230;<\/div><div class=\"pt-cv-rmwrap\"><a href=\"https:\/\/flavorfiesta.foodiesconnect.net\/fr\/revolutionize-your-slides-meet-visual-paradigms-ai-markdown-presentation-maker\/\" class=\"_self pt-cv-readmore btn btn-success\" target=\"_self\" >Lire La Suite\u2026<\/a><\/div><\/div><\/div>\n<div class=\" pt-cv-content-item pt-cv-2-col\" ><div class=\"pt-cv-thumb-wrapper pull-left \"><a href=\"https:\/\/flavorfiesta.foodiesconnect.net\/fr\/creating-class-diagrams-with-visual-paradigm-a-modern-guide\/\" class=\"_self pt-cv-href-thumbnail pt-cv-thumb-left\" target=\"_self\" ><img loading=\"lazy\" decoding=\"async\" width=\"768\" height=\"429\" src=\"https:\/\/flavorfiesta.foodiesconnect.net\/fr\/wp-content\/uploads\/sites\/6\/2026\/03\/ai-class-diagram-generation-visual-paradigm-768x429.png\" class=\"pt-cv-thumbnail pull-left\" alt=\"\" \/><\/a><\/div>\n<div class=\"pt-cv-colwrap\"><div class=\"pt-cv-taxoterm above_title\"><a href='https:\/\/flavorfiesta.foodiesconnect.net\/fr\/category\/ai-chatbot\/' title='AI Chatbot' class='pt-cv-tax-ai-chatbot'>AI Chatbot<\/a><a href='https:\/\/flavorfiesta.foodiesconnect.net\/fr\/category\/ai-powered-tool\/' title='AI Powered Tool' class='pt-cv-tax-ai-powered-tool'>AI Powered Tool<\/a><a href='https:\/\/flavorfiesta.foodiesconnect.net\/fr\/category\/unified-modeling-modeling\/' title='Unified Modeling Modeling' class='pt-cv-tax-unified-modeling-modeling'>Unified Modeling Modeling<\/a><\/div><h4 class=\"pt-cv-title\"><a href=\"https:\/\/flavorfiesta.foodiesconnect.net\/fr\/creating-class-diagrams-with-visual-paradigm-a-modern-guide\/\" class=\"_self\" target=\"_self\" >Cr\u00e9er des diagrammes de classes avec Visual Paradigm : un guide moderne<\/a><\/h4><div class=\"pt-cv-content\">Les diagrammes de classes sont une pierre angulaire de la conception logicielle orient\u00e9e objet, offrant une repr\u00e9sentation claire et visuelle &#8230;<\/div><div class=\"pt-cv-rmwrap\"><a href=\"https:\/\/flavorfiesta.foodiesconnect.net\/fr\/creating-class-diagrams-with-visual-paradigm-a-modern-guide\/\" class=\"_self pt-cv-readmore btn btn-success\" target=\"_self\" >Lire La Suite\u2026<\/a><\/div><\/div><\/div>\n<div class=\" pt-cv-content-item pt-cv-2-col\" ><div class=\"pt-cv-thumb-wrapper pull-left \"><a href=\"https:\/\/flavorfiesta.foodiesconnect.net\/fr\/the-visual-paradigm-flipbook-ecosystem-a-complete-ai-powered-digital-publishing-revolution\/\" class=\"_self pt-cv-href-thumbnail pt-cv-thumb-left\" target=\"_self\" ><img decoding=\"async\" src=\"https:\/\/flavorfiesta.foodiesconnect.net\/fr\/wp-content\/plugins\/content-views-query-and-display-post-page\/public\/assets\/images\/default_image.png\" class=\"pt-cv-thumbnail pull-left cv-default-img\" alt=\"L\u2019\u00e9cosyst\u00e8me Visual Paradigm Flipbook : une r\u00e9volution compl\u00e8te de publication num\u00e9rique pilot\u00e9e par l\u2019IA\" title=\"\" \/><\/a><\/div>\n<div class=\"pt-cv-colwrap\"><div class=\"pt-cv-taxoterm above_title\"><a href='https:\/\/flavorfiesta.foodiesconnect.net\/fr\/category\/ai-powered-tool\/' title='AI Powered Tool' class='pt-cv-tax-ai-powered-tool'>AI Powered Tool<\/a><a href='https:\/\/flavorfiesta.foodiesconnect.net\/fr\/category\/flipbook-maker\/' title='Flipbook Maker' class='pt-cv-tax-flipbook-maker'>Flipbook Maker<\/a><\/div><h4 class=\"pt-cv-title\"><a href=\"https:\/\/flavorfiesta.foodiesconnect.net\/fr\/the-visual-paradigm-flipbook-ecosystem-a-complete-ai-powered-digital-publishing-revolution\/\" class=\"_self\" target=\"_self\" >L\u2019\u00e9cosyst\u00e8me Visual Paradigm Flipbook : une r\u00e9volution compl\u00e8te de publication num\u00e9rique pilot\u00e9e par l\u2019IA<\/a><\/h4><div class=\"pt-cv-content\">Transformez vos id\u00e9es en publications num\u00e9riques immersives et anim\u00e9es en quelques minutes Dans le monde num\u00e9rique actuel, les PDF statiques &#8230;<\/div><div class=\"pt-cv-rmwrap\"><a href=\"https:\/\/flavorfiesta.foodiesconnect.net\/fr\/the-visual-paradigm-flipbook-ecosystem-a-complete-ai-powered-digital-publishing-revolution\/\" class=\"_self pt-cv-readmore btn btn-success\" target=\"_self\" >Lire La Suite\u2026<\/a><\/div><\/div><\/div>\n<div class=\" pt-cv-content-item pt-cv-2-col\" ><div class=\"pt-cv-thumb-wrapper pull-left \"><a href=\"https:\/\/flavorfiesta.foodiesconnect.net\/fr\/%f0%9f%8e%af-user-experience-sharing-guide-fliplify-by-visual-paradigm-an-excellent-flipbook-marker\/\" class=\"_self pt-cv-href-thumbnail pt-cv-thumb-left\" target=\"_self\" ><img decoding=\"async\" src=\"https:\/\/flavorfiesta.foodiesconnect.net\/fr\/wp-content\/plugins\/content-views-query-and-display-post-page\/public\/assets\/images\/default_image.png\" class=\"pt-cv-thumbnail pull-left cv-default-img\" alt=\"\ud83c\udfaf Guide de partage de l&#039;exp\u00e9rience utilisateur : Fliplify par Visual Paradigm \u2013 Un excellent marqueur de flipbook\" title=\"\" \/><\/a><\/div>\n<div class=\"pt-cv-colwrap\"><div class=\"pt-cv-taxoterm above_title\"><a href='https:\/\/flavorfiesta.foodiesconnect.net\/fr\/category\/ai-chatbot\/' title='AI Chatbot' class='pt-cv-tax-ai-chatbot'>AI Chatbot<\/a><a href='https:\/\/flavorfiesta.foodiesconnect.net\/fr\/category\/bookshelf\/' title='Bookshelf' class='pt-cv-tax-bookshelf'>Bookshelf<\/a><a href='https:\/\/flavorfiesta.foodiesconnect.net\/fr\/category\/flipbook-maker\/' title='Flipbook Maker' class='pt-cv-tax-flipbook-maker'>Flipbook Maker<\/a><\/div><h4 class=\"pt-cv-title\"><a href=\"https:\/\/flavorfiesta.foodiesconnect.net\/fr\/%f0%9f%8e%af-user-experience-sharing-guide-fliplify-by-visual-paradigm-an-excellent-flipbook-marker\/\" class=\"_self\" target=\"_self\" >\ud83c\udfaf Guide de partage de l&#8217;exp\u00e9rience utilisateur : Fliplify par Visual Paradigm \u2013 Un excellent marqueur de flipbook<\/a><\/h4><div class=\"pt-cv-content\">Fliplify, faisant partie de la suite dynamique de productivit\u00e9 de Visual Paradigm, red\u00e9finit la mani\u00e8re dont les utilisateurs interagissent avec &#8230;<\/div><div class=\"pt-cv-rmwrap\"><a href=\"https:\/\/flavorfiesta.foodiesconnect.net\/fr\/%f0%9f%8e%af-user-experience-sharing-guide-fliplify-by-visual-paradigm-an-excellent-flipbook-marker\/\" class=\"_self pt-cv-readmore btn btn-success\" target=\"_self\" >Lire La Suite\u2026<\/a><\/div><\/div><\/div>\n<div class=\" pt-cv-content-item pt-cv-2-col\" ><div class=\"pt-cv-thumb-wrapper pull-left \"><a href=\"https:\/\/flavorfiesta.foodiesconnect.net\/fr\/comprehensive-guide-ai-flipbook-generator-vs-fliplify-choosing-the-right-tool-for-your-digital-publishing-needs\/\" class=\"_self pt-cv-href-thumbnail pt-cv-thumb-left\" target=\"_self\" ><img loading=\"lazy\" decoding=\"async\" width=\"768\" height=\"479\" src=\"https:\/\/flavorfiesta.foodiesconnect.net\/fr\/wp-content\/uploads\/sites\/6\/2026\/03\/creating-flipbooks-with-ai-768x479.png\" class=\"pt-cv-thumbnail pull-left\" alt=\"\" \/><\/a><\/div>\n<div class=\"pt-cv-colwrap\"><div class=\"pt-cv-taxoterm above_title\"><a href='https:\/\/flavorfiesta.foodiesconnect.net\/fr\/category\/ai-powered-tool\/' title='AI Powered Tool' class='pt-cv-tax-ai-powered-tool'>AI Powered Tool<\/a><a href='https:\/\/flavorfiesta.foodiesconnect.net\/fr\/category\/flipbook-maker\/' title='Flipbook Maker' class='pt-cv-tax-flipbook-maker'>Flipbook Maker<\/a><\/div><h4 class=\"pt-cv-title\"><a href=\"https:\/\/flavorfiesta.foodiesconnect.net\/fr\/comprehensive-guide-ai-flipbook-generator-vs-fliplify-choosing-the-right-tool-for-your-digital-publishing-needs\/\" class=\"_self\" target=\"_self\" >Guide complet : G\u00e9n\u00e9rateur de flipbooks IA vs. Fliplify \u2013 Choisissez l\u2019outil adapt\u00e9 \u00e0 vos besoins de publication num\u00e9rique<\/a><\/h4><div class=\"pt-cv-content\">Dans l\u2019environnement num\u00e9rique actuel, o\u00f9 les contenus \u00e9voluent rapidement, cr\u00e9er des flipbooks captivants et interactifs n\u2019est plus un luxe, c\u2019est &#8230;<\/div><div class=\"pt-cv-rmwrap\"><a href=\"https:\/\/flavorfiesta.foodiesconnect.net\/fr\/comprehensive-guide-ai-flipbook-generator-vs-fliplify-choosing-the-right-tool-for-your-digital-publishing-needs\/\" class=\"_self pt-cv-readmore btn btn-success\" target=\"_self\" >Lire La Suite\u2026<\/a><\/div><\/div><\/div><\/div><\/div> <\/div> <style>\n\n#pt-cv-view-4vwo6lzl .pt-cv-meta-fields {  }#pt-cv-view-4vwo6lzl .pt-cv-meta-fields * { font-size: 13px; }.pt-cv-heading-container[data-blockid=\"4vwo6lzl\"] { text-align: center; }.pt-cv-heading-container[data-blockid=\"4vwo6lzl\"] * {  }#pt-cv-view-4vwo6lzl .pt-cv-thumb-wrapper:not(.miniwrap) { width: 40%; }#pt-cv-view-4vwo6lzl .pt-cv-thumbnail:not(.pt-cv-thumbnailsm) { height: 300px; }#pt-cv-view-4vwo6lzl .pt-cv-title a { display: block; }#pt-cv-view-4vwo6lzl .pt-cv-title:not(.pt-cv-titlesm) a { font-weight: 600;text-decoration: none;font-size: 22px; }#pt-cv-view-4vwo6lzl .pt-cv-titlesm a { font-weight: 600;font-size: 18px; }#pt-cv-view-4vwo6lzl .pt-cv-content { font-size: 15px; }#pt-cv-view-4vwo6lzl .pt-cv-readmore { color: #fff;background-color: #0075ff;font-size: 14px; }#pt-cv-view-4vwo6lzl .pt-cv-taxoterm {  }#pt-cv-view-4vwo6lzl .pt-cv-taxoterm * { color: #222;background-color: #fff6f6;font-size: 14px; }#pt-cv-view-4vwo6lzl + .pt-cv-pagination-wrapper {  }#pt-cv-view-4vwo6lzl + .pt-cv-pagination-wrapper a { font-size: 14px; }#pt-cv-view-4vwo6lzl > .pt-cv-page {grid-template-columns: repeat(1, 1fr);grid-gap: 20px;}\n@media all and (max-width: 1024px) { \n#pt-cv-view-4vwo6lzl > .pt-cv-page {grid-template-columns: repeat(1, 1fr);}\n} \n@media all and (max-width: 767px) { \n#pt-cv-view-4vwo6lzl > .pt-cv-page {grid-template-columns: repeat(1, 1fr);}\n} <\/style><\/div>\n\n\n\n<div class=\"wp-block-column is-layout-flow wp-block-column-is-layout-flow\" style=\"flex-basis:33.33%\"><ul class=\"wp-block-categories-list wp-block-categories\">\t<li class=\"cat-item cat-item-28\"><a href=\"https:\/\/flavorfiesta.foodiesconnect.net\/fr\/category\/ai-chatbot\/\">AI Chatbot<\/a>\n<\/li>\n\t<li class=\"cat-item cat-item-18\"><a href=\"https:\/\/flavorfiesta.foodiesconnect.net\/fr\/category\/ai-powered-tool\/\">AI Powered Tool<\/a>\n<\/li>\n\t<li class=\"cat-item cat-item-12\"><a href=\"https:\/\/flavorfiesta.foodiesconnect.net\/fr\/category\/animate-video-maker\/\">Animate Video Maker<\/a>\n<\/li>\n\t<li class=\"cat-item cat-item-4\"><a href=\"https:\/\/flavorfiesta.foodiesconnect.net\/fr\/category\/appetizers\/\">Appetizers<\/a>\n<\/li>\n\t<li class=\"cat-item cat-item-14\"><a href=\"https:\/\/flavorfiesta.foodiesconnect.net\/fr\/category\/bookshelf\/\">Bookshelf<\/a>\n<\/li>\n\t<li class=\"cat-item cat-item-9\"><a href=\"https:\/\/flavorfiesta.foodiesconnect.net\/fr\/category\/cooking-tips\/\">Cooking TIps<\/a>\n<\/li>\n\t<li class=\"cat-item cat-item-17\"><a href=\"https:\/\/flavorfiesta.foodiesconnect.net\/fr\/category\/erd\/\">ERD<\/a>\n<\/li>\n\t<li class=\"cat-item cat-item-15\"><a href=\"https:\/\/flavorfiesta.foodiesconnect.net\/fr\/category\/flipbook-maker\/\">Flipbook Maker<\/a>\n<\/li>\n\t<li class=\"cat-item cat-item-7\"><a href=\"https:\/\/flavorfiesta.foodiesconnect.net\/fr\/category\/pasta\/\">Pasta<\/a>\n<\/li>\n\t<li class=\"cat-item cat-item-5\"><a href=\"https:\/\/flavorfiesta.foodiesconnect.net\/fr\/category\/salads\/\">Salads<\/a>\n<\/li>\n\t<li class=\"cat-item cat-item-10\"><a href=\"https:\/\/flavorfiesta.foodiesconnect.net\/fr\/category\/soup\/\">Soup<\/a>\n<\/li>\n\t<li class=\"cat-item cat-item-43\"><a href=\"https:\/\/flavorfiesta.foodiesconnect.net\/fr\/category\/strategic-analysis\/\">Strategic Analysis<\/a>\n<\/li>\n\t<li class=\"cat-item cat-item-1\"><a href=\"https:\/\/flavorfiesta.foodiesconnect.net\/fr\/category\/uncategorized\/\">Uncategorized<\/a>\n<\/li>\n\t<li class=\"cat-item cat-item-16\"><a href=\"https:\/\/flavorfiesta.foodiesconnect.net\/fr\/category\/unified-modeling-modeling\/\">Unified Modeling Modeling<\/a>\n<\/li>\n<\/ul><\/div>\n<\/div>\n","protected":false},"excerpt":{"rendered":"","protected":false},"author":1,"featured_media":0,"parent":0,"menu_order":0,"comment_status":"closed","ping_status":"closed","template":"","meta":{"footnotes":""},"class_list":["post-346","page","type-page","status-publish","hentry"],"yoast_head":"<!-- This site is optimized with the Yoast SEO plugin v23.9 - https:\/\/yoast.com\/wordpress\/plugins\/seo\/ -->\n<title>Blog - Flavor Fiesta French<\/title>\n<meta name=\"robots\" content=\"index, follow, max-snippet:-1, max-image-preview:large, max-video-preview:-1\" \/>\n<link rel=\"canonical\" href=\"https:\/\/flavorfiesta.foodiesconnect.net\/fr\/blog\/\" \/>\n<meta property=\"og:locale\" content=\"fr_FR\" \/>\n<meta property=\"og:type\" content=\"article\" \/>\n<meta property=\"og:title\" content=\"Blog - Flavor Fiesta French\" \/>\n<meta property=\"og:url\" content=\"https:\/\/flavorfiesta.foodiesconnect.net\/fr\/blog\/\" \/>\n<meta property=\"og:site_name\" content=\"Flavor Fiesta French\" \/>\n<meta property=\"article:modified_time\" content=\"2024-11-25T03:50:44+00:00\" \/>\n<meta name=\"twitter:card\" content=\"summary_large_image\" \/>\n<script type=\"application\/ld+json\" class=\"yoast-schema-graph\">{\"@context\":\"https:\/\/schema.org\",\"@graph\":[{\"@type\":\"WebPage\",\"@id\":\"https:\/\/flavorfiesta.foodiesconnect.net\/fr\/blog\/\",\"url\":\"https:\/\/flavorfiesta.foodiesconnect.net\/fr\/blog\/\",\"name\":\"Blog - Flavor Fiesta French\",\"isPartOf\":{\"@id\":\"https:\/\/flavorfiesta.foodiesconnect.net\/fr\/#website\"},\"datePublished\":\"2024-11-25T03:45:24+00:00\",\"dateModified\":\"2024-11-25T03:50:44+00:00\",\"breadcrumb\":{\"@id\":\"https:\/\/flavorfiesta.foodiesconnect.net\/fr\/blog\/#breadcrumb\"},\"inLanguage\":\"fr-FR\",\"potentialAction\":[{\"@type\":\"ReadAction\",\"target\":[\"https:\/\/flavorfiesta.foodiesconnect.net\/fr\/blog\/\"]}]},{\"@type\":\"BreadcrumbList\",\"@id\":\"https:\/\/flavorfiesta.foodiesconnect.net\/fr\/blog\/#breadcrumb\",\"itemListElement\":[{\"@type\":\"ListItem\",\"position\":1,\"name\":\"Home\",\"item\":\"https:\/\/flavorfiesta.foodiesconnect.net\/fr\/\"},{\"@type\":\"ListItem\",\"position\":2,\"name\":\"Blog\"}]},{\"@type\":\"WebSite\",\"@id\":\"https:\/\/flavorfiesta.foodiesconnect.net\/fr\/#website\",\"url\":\"https:\/\/flavorfiesta.foodiesconnect.net\/fr\/\",\"name\":\"Flavor Fiesta French\",\"description\":\"\",\"potentialAction\":[{\"@type\":\"SearchAction\",\"target\":{\"@type\":\"EntryPoint\",\"urlTemplate\":\"https:\/\/flavorfiesta.foodiesconnect.net\/fr\/?s={search_term_string}\"},\"query-input\":{\"@type\":\"PropertyValueSpecification\",\"valueRequired\":true,\"valueName\":\"search_term_string\"}}],\"inLanguage\":\"fr-FR\"}]}<\/script>\n<!-- \/ Yoast SEO plugin. -->","yoast_head_json":{"title":"Blog - Flavor Fiesta French","robots":{"index":"index","follow":"follow","max-snippet":"max-snippet:-1","max-image-preview":"max-image-preview:large","max-video-preview":"max-video-preview:-1"},"canonical":"https:\/\/flavorfiesta.foodiesconnect.net\/fr\/blog\/","og_locale":"fr_FR","og_type":"article","og_title":"Blog - Flavor Fiesta French","og_url":"https:\/\/flavorfiesta.foodiesconnect.net\/fr\/blog\/","og_site_name":"Flavor Fiesta French","article_modified_time":"2024-11-25T03:50:44+00:00","twitter_card":"summary_large_image","schema":{"@context":"https:\/\/schema.org","@graph":[{"@type":"WebPage","@id":"https:\/\/flavorfiesta.foodiesconnect.net\/fr\/blog\/","url":"https:\/\/flavorfiesta.foodiesconnect.net\/fr\/blog\/","name":"Blog - Flavor Fiesta French","isPartOf":{"@id":"https:\/\/flavorfiesta.foodiesconnect.net\/fr\/#website"},"datePublished":"2024-11-25T03:45:24+00:00","dateModified":"2024-11-25T03:50:44+00:00","breadcrumb":{"@id":"https:\/\/flavorfiesta.foodiesconnect.net\/fr\/blog\/#breadcrumb"},"inLanguage":"fr-FR","potentialAction":[{"@type":"ReadAction","target":["https:\/\/flavorfiesta.foodiesconnect.net\/fr\/blog\/"]}]},{"@type":"BreadcrumbList","@id":"https:\/\/flavorfiesta.foodiesconnect.net\/fr\/blog\/#breadcrumb","itemListElement":[{"@type":"ListItem","position":1,"name":"Home","item":"https:\/\/flavorfiesta.foodiesconnect.net\/fr\/"},{"@type":"ListItem","position":2,"name":"Blog"}]},{"@type":"WebSite","@id":"https:\/\/flavorfiesta.foodiesconnect.net\/fr\/#website","url":"https:\/\/flavorfiesta.foodiesconnect.net\/fr\/","name":"Flavor Fiesta French","description":"","potentialAction":[{"@type":"SearchAction","target":{"@type":"EntryPoint","urlTemplate":"https:\/\/flavorfiesta.foodiesconnect.net\/fr\/?s={search_term_string}"},"query-input":{"@type":"PropertyValueSpecification","valueRequired":true,"valueName":"search_term_string"}}],"inLanguage":"fr-FR"}]}},"_links":{"self":[{"href":"https:\/\/flavorfiesta.foodiesconnect.net\/fr\/wp-json\/wp\/v2\/pages\/346","targetHints":{"allow":["GET"]}}],"collection":[{"href":"https:\/\/flavorfiesta.foodiesconnect.net\/fr\/wp-json\/wp\/v2\/pages"}],"about":[{"href":"https:\/\/flavorfiesta.foodiesconnect.net\/fr\/wp-json\/wp\/v2\/types\/page"}],"author":[{"embeddable":true,"href":"https:\/\/flavorfiesta.foodiesconnect.net\/fr\/wp-json\/wp\/v2\/users\/1"}],"replies":[{"embeddable":true,"href":"https:\/\/flavorfiesta.foodiesconnect.net\/fr\/wp-json\/wp\/v2\/comments?post=346"}],"version-history":[{"count":3,"href":"https:\/\/flavorfiesta.foodiesconnect.net\/fr\/wp-json\/wp\/v2\/pages\/346\/revisions"}],"predecessor-version":[{"id":350,"href":"https:\/\/flavorfiesta.foodiesconnect.net\/fr\/wp-json\/wp\/v2\/pages\/346\/revisions\/350"}],"wp:attachment":[{"href":"https:\/\/flavorfiesta.foodiesconnect.net\/fr\/wp-json\/wp\/v2\/media?parent=346"}],"curies":[{"name":"wp","href":"https:\/\/api.w.org\/{rel}","templated":true}]}}