{"id":611,"date":"2025-02-24T14:03:00","date_gmt":"2025-02-24T06:03:00","guid":{"rendered":"https:\/\/flavorfiesta.foodiesconnect.net\/es\/?page_id=611"},"modified":"2025-02-24T14:03:37","modified_gmt":"2025-02-24T06:03:37","slug":"virtual-bookshelf","status":"publish","type":"page","link":"https:\/\/flavorfiesta.foodiesconnect.net\/es\/virtual-bookshelf\/","title":{"rendered":"Virtual Bookshelf"},"content":{"rendered":"<div class=\"pt-cv-wrapper\"><div class=\"pt-cv-view pt-cv-grid pt-cv-colsys\" id=\"pt-cv-view-1387f4blqs\"><div data-id=\"pt-cv-page-1\" class=\"pt-cv-page\" data-cvc=\"2\"><div class=\"col-md-6 col-sm-12 col-xs-12 pt-cv-content-item pt-cv-1-col\" ><div class='pt-cv-ifield'><a href=\"https:\/\/flavorfiesta.foodiesconnect.net\/es\/explore-our-culinary-flipbook-collection\/\" class=\"_self pt-cv-href-thumbnail pt-cv-thumb-default\" target=\"_self\" ><img loading=\"lazy\" decoding=\"async\" width=\"300\" height=\"207\" src=\"https:\/\/flavorfiesta.foodiesconnect.net\/es\/wp-content\/uploads\/sites\/5\/2026\/03\/Screenshot-2025-03-03-101335-300x207.png\" class=\"pt-cv-thumbnail\" alt=\"\" srcset=\"https:\/\/flavorfiesta.foodiesconnect.net\/es\/wp-content\/uploads\/sites\/5\/2026\/03\/Screenshot-2025-03-03-101335-300x207.png 300w, https:\/\/flavorfiesta.foodiesconnect.net\/es\/wp-content\/uploads\/sites\/5\/2026\/03\/Screenshot-2025-03-03-101335-768x530.png 768w, https:\/\/flavorfiesta.foodiesconnect.net\/es\/wp-content\/uploads\/sites\/5\/2026\/03\/Screenshot-2025-03-03-101335.png 1013w\" sizes=\"auto, (max-width: 300px) 100vw, 300px\" \/><\/a>\n<div class=\"pt-cv-taxoterm above_title\"><a href='https:\/\/flavorfiesta.foodiesconnect.net\/es\/category\/bookshelf\/' title='Bookshelf' class='pt-cv-tax-bookshelf'>Bookshelf<\/a><\/div>\n<h4 class=\"pt-cv-title\"><a href=\"https:\/\/flavorfiesta.foodiesconnect.net\/es\/explore-our-culinary-flipbook-collection\/\" class=\"_self\" target=\"_self\" >Descubre nuestra colecci\u00f3n de libros digitales culinarios<\/a><\/h4>\n<div class=\"pt-cv-content\">Descubre una deliciosa variedad de experiencias culinarias con nuestra colecci\u00f3n de libros digitales, elaborados con precisi\u00f3n utilizando una potente herramienta ...<br \/><div class=\"pt-cv-rmwrap\"><a href=\"https:\/\/flavorfiesta.foodiesconnect.net\/es\/explore-our-culinary-flipbook-collection\/\" class=\"_self pt-cv-readmore btn btn-success\" target=\"_self\">Leer m\u00e1s<\/a><\/div><\/div><\/div><\/div>\n<div class=\"col-md-6 col-sm-12 col-xs-12 pt-cv-content-item pt-cv-1-col\" ><div class='pt-cv-ifield'><a href=\"https:\/\/flavorfiesta.foodiesconnect.net\/es\/discover-an-amazing-collection-of-cookbooks\/\" class=\"_self pt-cv-href-thumbnail pt-cv-thumb-default\" target=\"_self\" ><img loading=\"lazy\" decoding=\"async\" width=\"300\" height=\"211\" src=\"https:\/\/flavorfiesta.foodiesconnect.net\/es\/wp-content\/uploads\/sites\/5\/2026\/03\/Screenshot-2025-03-04-143940-300x211.png\" class=\"pt-cv-thumbnail\" alt=\"\" srcset=\"https:\/\/flavorfiesta.foodiesconnect.net\/es\/wp-content\/uploads\/sites\/5\/2026\/03\/Screenshot-2025-03-04-143940-300x211.png 300w, https:\/\/flavorfiesta.foodiesconnect.net\/es\/wp-content\/uploads\/sites\/5\/2026\/03\/Screenshot-2025-03-04-143940-768x541.png 768w, https:\/\/flavorfiesta.foodiesconnect.net\/es\/wp-content\/uploads\/sites\/5\/2026\/03\/Screenshot-2025-03-04-143940.png 854w\" sizes=\"auto, (max-width: 300px) 100vw, 300px\" \/><\/a>\n<div class=\"pt-cv-taxoterm above_title\"><a href='https:\/\/flavorfiesta.foodiesconnect.net\/es\/category\/bookshelf\/' title='Bookshelf' class='pt-cv-tax-bookshelf'>Bookshelf<\/a><\/div>\n<h4 class=\"pt-cv-title\"><a href=\"https:\/\/flavorfiesta.foodiesconnect.net\/es\/discover-an-amazing-collection-of-cookbooks\/\" class=\"_self\" target=\"_self\" >Descubre una incre\u00edble colecci\u00f3n de libros de cocina<\/a><\/h4>\n<div class=\"pt-cv-content\">Explora una fant\u00e1stica colecci\u00f3n de libros de cocina que mejorar\u00e1n tus habilidades culinarias e inspirar\u00e1n tus preparaciones de comidas. Esta ...<br \/><div class=\"pt-cv-rmwrap\"><a href=\"https:\/\/flavorfiesta.foodiesconnect.net\/es\/discover-an-amazing-collection-of-cookbooks\/\" class=\"_self pt-cv-readmore btn btn-success\" target=\"_self\">Leer m\u00e1s<\/a><\/div><\/div><\/div><\/div><\/div><\/div><\/div>\n","protected":false},"excerpt":{"rendered":"","protected":false},"author":1,"featured_media":0,"parent":0,"menu_order":0,"comment_status":"closed","ping_status":"closed","template":"","meta":{"footnotes":""},"class_list":["post-611","page","type-page","status-publish","hentry"],"yoast_head":"<!-- This site is optimized with the Yoast SEO plugin v23.9 - https:\/\/yoast.com\/wordpress\/plugins\/seo\/ -->\n<title>Virtual Bookshelf - Flavor Fiesta Spanish<\/title>\n<meta name=\"robots\" content=\"index, follow, max-snippet:-1, max-image-preview:large, max-video-preview:-1\" \/>\n<link rel=\"canonical\" href=\"https:\/\/flavorfiesta.foodiesconnect.net\/es\/virtual-bookshelf\/\" \/>\n<meta property=\"og:locale\" content=\"es_ES\" \/>\n<meta property=\"og:type\" content=\"article\" \/>\n<meta property=\"og:title\" content=\"Virtual Bookshelf - Flavor Fiesta Spanish\" \/>\n<meta property=\"og:url\" content=\"https:\/\/flavorfiesta.foodiesconnect.net\/es\/virtual-bookshelf\/\" \/>\n<meta property=\"og:site_name\" content=\"Flavor Fiesta Spanish\" \/>\n<meta property=\"article:modified_time\" content=\"2025-02-24T06:03:37+00:00\" \/>\n<meta name=\"twitter:card\" content=\"summary_large_image\" \/>\n<script type=\"application\/ld+json\" class=\"yoast-schema-graph\">{\"@context\":\"https:\/\/schema.org\",\"@graph\":[{\"@type\":\"WebPage\",\"@id\":\"https:\/\/flavorfiesta.foodiesconnect.net\/es\/virtual-bookshelf\/\",\"url\":\"https:\/\/flavorfiesta.foodiesconnect.net\/es\/virtual-bookshelf\/\",\"name\":\"Virtual Bookshelf - Flavor Fiesta Spanish\",\"isPartOf\":{\"@id\":\"https:\/\/flavorfiesta.foodiesconnect.net\/es\/#website\"},\"datePublished\":\"2025-02-24T06:03:00+00:00\",\"dateModified\":\"2025-02-24T06:03:37+00:00\",\"breadcrumb\":{\"@id\":\"https:\/\/flavorfiesta.foodiesconnect.net\/es\/virtual-bookshelf\/#breadcrumb\"},\"inLanguage\":\"es\",\"potentialAction\":[{\"@type\":\"ReadAction\",\"target\":[\"https:\/\/flavorfiesta.foodiesconnect.net\/es\/virtual-bookshelf\/\"]}]},{\"@type\":\"BreadcrumbList\",\"@id\":\"https:\/\/flavorfiesta.foodiesconnect.net\/es\/virtual-bookshelf\/#breadcrumb\",\"itemListElement\":[{\"@type\":\"ListItem\",\"position\":1,\"name\":\"Home\",\"item\":\"https:\/\/flavorfiesta.foodiesconnect.net\/es\/\"},{\"@type\":\"ListItem\",\"position\":2,\"name\":\"Virtual Bookshelf\"}]},{\"@type\":\"WebSite\",\"@id\":\"https:\/\/flavorfiesta.foodiesconnect.net\/es\/#website\",\"url\":\"https:\/\/flavorfiesta.foodiesconnect.net\/es\/\",\"name\":\"Flavor Fiesta Spanish\",\"description\":\"\",\"potentialAction\":[{\"@type\":\"SearchAction\",\"target\":{\"@type\":\"EntryPoint\",\"urlTemplate\":\"https:\/\/flavorfiesta.foodiesconnect.net\/es\/?s={search_term_string}\"},\"query-input\":{\"@type\":\"PropertyValueSpecification\",\"valueRequired\":true,\"valueName\":\"search_term_string\"}}],\"inLanguage\":\"es\"}]}<\/script>\n<!-- \/ Yoast SEO plugin. -->","yoast_head_json":{"title":"Virtual Bookshelf - Flavor Fiesta Spanish","robots":{"index":"index","follow":"follow","max-snippet":"max-snippet:-1","max-image-preview":"max-image-preview:large","max-video-preview":"max-video-preview:-1"},"canonical":"https:\/\/flavorfiesta.foodiesconnect.net\/es\/virtual-bookshelf\/","og_locale":"es_ES","og_type":"article","og_title":"Virtual Bookshelf - Flavor Fiesta Spanish","og_url":"https:\/\/flavorfiesta.foodiesconnect.net\/es\/virtual-bookshelf\/","og_site_name":"Flavor Fiesta Spanish","article_modified_time":"2025-02-24T06:03:37+00:00","twitter_card":"summary_large_image","schema":{"@context":"https:\/\/schema.org","@graph":[{"@type":"WebPage","@id":"https:\/\/flavorfiesta.foodiesconnect.net\/es\/virtual-bookshelf\/","url":"https:\/\/flavorfiesta.foodiesconnect.net\/es\/virtual-bookshelf\/","name":"Virtual Bookshelf - Flavor Fiesta Spanish","isPartOf":{"@id":"https:\/\/flavorfiesta.foodiesconnect.net\/es\/#website"},"datePublished":"2025-02-24T06:03:00+00:00","dateModified":"2025-02-24T06:03:37+00:00","breadcrumb":{"@id":"https:\/\/flavorfiesta.foodiesconnect.net\/es\/virtual-bookshelf\/#breadcrumb"},"inLanguage":"es","potentialAction":[{"@type":"ReadAction","target":["https:\/\/flavorfiesta.foodiesconnect.net\/es\/virtual-bookshelf\/"]}]},{"@type":"BreadcrumbList","@id":"https:\/\/flavorfiesta.foodiesconnect.net\/es\/virtual-bookshelf\/#breadcrumb","itemListElement":[{"@type":"ListItem","position":1,"name":"Home","item":"https:\/\/flavorfiesta.foodiesconnect.net\/es\/"},{"@type":"ListItem","position":2,"name":"Virtual Bookshelf"}]},{"@type":"WebSite","@id":"https:\/\/flavorfiesta.foodiesconnect.net\/es\/#website","url":"https:\/\/flavorfiesta.foodiesconnect.net\/es\/","name":"Flavor Fiesta Spanish","description":"","potentialAction":[{"@type":"SearchAction","target":{"@type":"EntryPoint","urlTemplate":"https:\/\/flavorfiesta.foodiesconnect.net\/es\/?s={search_term_string}"},"query-input":{"@type":"PropertyValueSpecification","valueRequired":true,"valueName":"search_term_string"}}],"inLanguage":"es"}]}},"_links":{"self":[{"href":"https:\/\/flavorfiesta.foodiesconnect.net\/es\/wp-json\/wp\/v2\/pages\/611","targetHints":{"allow":["GET"]}}],"collection":[{"href":"https:\/\/flavorfiesta.foodiesconnect.net\/es\/wp-json\/wp\/v2\/pages"}],"about":[{"href":"https:\/\/flavorfiesta.foodiesconnect.net\/es\/wp-json\/wp\/v2\/types\/page"}],"author":[{"embeddable":true,"href":"https:\/\/flavorfiesta.foodiesconnect.net\/es\/wp-json\/wp\/v2\/users\/1"}],"replies":[{"embeddable":true,"href":"https:\/\/flavorfiesta.foodiesconnect.net\/es\/wp-json\/wp\/v2\/comments?post=611"}],"version-history":[{"count":2,"href":"https:\/\/flavorfiesta.foodiesconnect.net\/es\/wp-json\/wp\/v2\/pages\/611\/revisions"}],"predecessor-version":[{"id":614,"href":"https:\/\/flavorfiesta.foodiesconnect.net\/es\/wp-json\/wp\/v2\/pages\/611\/revisions\/614"}],"wp:attachment":[{"href":"https:\/\/flavorfiesta.foodiesconnect.net\/es\/wp-json\/wp\/v2\/media?parent=611"}],"curies":[{"name":"wp","href":"https:\/\/api.w.org\/{rel}","templated":true}]}}