{"id":104,"date":"2024-02-08T14:13:50","date_gmt":"2024-02-08T06:13:50","guid":{"rendered":"https:\/\/flavorfiesta.foodiesconnect.net\/es\/?page_id=104"},"modified":"2024-03-13T16:44:00","modified_gmt":"2024-03-13T08:44:00","slug":"appetizers","status":"publish","type":"page","link":"https:\/\/flavorfiesta.foodiesconnect.net\/es\/appetizers\/","title":{"rendered":"Appetizers"},"content":{"rendered":"<div class='pt-cv-wrapper'> <div class=\"pt-cv-view pt-cv-blockgrid iscvblock iscvreal grid1 layout1 cveffect-zoomin\" id=\"pt-cv-view-7dr8k85x\"><div data-id=\"pt-cv-page-1\" class=\"pt-cv-page\" data-cvc=\"3\"><div class=\" pt-cv-content-item pt-cv-1-col\" ><div class=\"pt-cv-thumb-wrapper  \"><a href=\"https:\/\/flavorfiesta.foodiesconnect.net\/es\/savory-bites-unveiled-5-exquisite-appetizer-recipes-in-a-flipbook-delight\/\" class=\"_self pt-cv-href-thumbnail pt-cv-thumb-default\" target=\"_self\" ><img loading=\"lazy\" decoding=\"async\" width=\"681\" height=\"681\" src=\"https:\/\/flavorfiesta.foodiesconnect.net\/es\/wp-content\/uploads\/sites\/5\/2026\/03\/Screenshot-2024-02-08-at-1.30.53-PM.png\" class=\"pt-cv-thumbnail\" alt=\"\" \/><\/a><\/div>\n<div class=\"pt-cv-taxoterm above_title\"><a href='https:\/\/flavorfiesta.foodiesconnect.net\/es\/category\/appetizers\/' title='Appetizers' class='pt-cv-tax-appetizers'>Appetizers<\/a><\/div>\n<h4 class=\"pt-cv-title\"><a href=\"https:\/\/flavorfiesta.foodiesconnect.net\/es\/savory-bites-unveiled-5-exquisite-appetizer-recipes-in-a-flipbook-delight\/\" class=\"_self\" target=\"_self\" >Bocados Sabrosos Revelados: 5 Exquisitas Recetas de Aperitivos en un Delicioso Libro de Bolsillo<\/a><\/h4>\n<div class=\"pt-cv-rmwrap\"><a href=\"https:\/\/flavorfiesta.foodiesconnect.net\/es\/savory-bites-unveiled-5-exquisite-appetizer-recipes-in-a-flipbook-delight\/\" class=\"_self pt-cv-readmore btn btn-success\" target=\"_self\" >Leer M\u00e1s<\/a><\/div><\/div>\n<div class=\" pt-cv-content-item pt-cv-1-col\" ><div class=\"pt-cv-thumb-wrapper  \"><a href=\"https:\/\/flavorfiesta.foodiesconnect.net\/es\/creative-and-delicious-appetizers-a-culinary-journey\/\" class=\"_self pt-cv-href-thumbnail pt-cv-thumb-default\" target=\"_self\" ><img loading=\"lazy\" decoding=\"async\" width=\"681\" height=\"681\" src=\"https:\/\/flavorfiesta.foodiesconnect.net\/es\/wp-content\/uploads\/sites\/5\/2026\/03\/Screenshot-2024-02-14-at-11.47.09-AM.png\" class=\"pt-cv-thumbnail\" alt=\"\" \/><\/a><\/div>\n<div class=\"pt-cv-taxoterm above_title\"><a href='https:\/\/flavorfiesta.foodiesconnect.net\/es\/category\/appetizers\/' title='Appetizers' class='pt-cv-tax-appetizers'>Appetizers<\/a><\/div>\n<h4 class=\"pt-cv-title\"><a href=\"https:\/\/flavorfiesta.foodiesconnect.net\/es\/creative-and-delicious-appetizers-a-culinary-journey\/\" class=\"_self\" target=\"_self\" >Aperitivos creativos y deliciosos: un viaje culinario<\/a><\/h4>\n<div class=\"pt-cv-rmwrap\"><a href=\"https:\/\/flavorfiesta.foodiesconnect.net\/es\/creative-and-delicious-appetizers-a-culinary-journey\/\" class=\"_self pt-cv-readmore btn btn-success\" target=\"_self\" >Leer M\u00e1s<\/a><\/div><\/div>\n<div class=\" pt-cv-content-item pt-cv-1-col\" ><div class=\"pt-cv-thumb-wrapper  \"><a href=\"https:\/\/flavorfiesta.foodiesconnect.net\/es\/appetizers-unveiled-festive-culinary-delights\/\" class=\"_self pt-cv-href-thumbnail pt-cv-thumb-default\" target=\"_self\" ><img loading=\"lazy\" decoding=\"async\" width=\"681\" height=\"681\" src=\"https:\/\/flavorfiesta.foodiesconnect.net\/es\/wp-content\/uploads\/sites\/5\/2026\/03\/Appetizers-Unveiled_-Festive-Culinary-Delights.jpg\" class=\"pt-cv-thumbnail\" alt=\"\" \/><\/a><\/div>\n<div class=\"pt-cv-taxoterm above_title\"><a href='https:\/\/flavorfiesta.foodiesconnect.net\/es\/category\/appetizers\/' title='Appetizers' class='pt-cv-tax-appetizers'>Appetizers<\/a><\/div>\n<h4 class=\"pt-cv-title\"><a href=\"https:\/\/flavorfiesta.foodiesconnect.net\/es\/appetizers-unveiled-festive-culinary-delights\/\" class=\"_self\" target=\"_self\" >Aperitivos revelados: delicias culinarias festivas<\/a><\/h4>\n<div class=\"pt-cv-rmwrap\"><a href=\"https:\/\/flavorfiesta.foodiesconnect.net\/es\/appetizers-unveiled-festive-culinary-delights\/\" class=\"_self pt-cv-readmore btn btn-success\" target=\"_self\" >Leer M\u00e1s<\/a><\/div><\/div>\n<div class=\" pt-cv-content-item pt-cv-1-col\" ><div class=\"pt-cv-thumb-wrapper  \"><a href=\"https:\/\/flavorfiesta.foodiesconnect.net\/es\/effortless-elegance-quick-and-easy-appetizers\/\" class=\"_self pt-cv-href-thumbnail pt-cv-thumb-default\" target=\"_self\" ><img loading=\"lazy\" decoding=\"async\" width=\"681\" height=\"681\" src=\"https:\/\/flavorfiesta.foodiesconnect.net\/es\/wp-content\/uploads\/sites\/5\/2026\/03\/Effortless-Elegance_-Quick-and-Easy-Appetizers-Cover.jpg\" class=\"pt-cv-thumbnail\" alt=\"\" \/><\/a><\/div>\n<div class=\"pt-cv-taxoterm above_title\"><a href='https:\/\/flavorfiesta.foodiesconnect.net\/es\/category\/appetizers\/' title='Appetizers' class='pt-cv-tax-appetizers'>Appetizers<\/a><\/div>\n<h4 class=\"pt-cv-title\"><a href=\"https:\/\/flavorfiesta.foodiesconnect.net\/es\/effortless-elegance-quick-and-easy-appetizers\/\" class=\"_self\" target=\"_self\" >Elegancia sin esfuerzo: aperitivos r\u00e1pidos y f\u00e1ciles<\/a><\/h4>\n<div class=\"pt-cv-rmwrap\"><a href=\"https:\/\/flavorfiesta.foodiesconnect.net\/es\/effortless-elegance-quick-and-easy-appetizers\/\" class=\"_self pt-cv-readmore btn btn-success\" target=\"_self\" >Leer M\u00e1s<\/a><\/div><\/div>\n<div class=\" pt-cv-content-item pt-cv-1-col\" ><div class=\"pt-cv-thumb-wrapper  \"><a href=\"https:\/\/flavorfiesta.foodiesconnect.net\/es\/small-plates-symphony\/\" class=\"_self pt-cv-href-thumbnail pt-cv-thumb-default\" target=\"_self\" ><img loading=\"lazy\" decoding=\"async\" width=\"681\" height=\"681\" src=\"https:\/\/flavorfiesta.foodiesconnect.net\/es\/wp-content\/uploads\/sites\/5\/2026\/03\/Small-Plates-Symphony.jpg\" class=\"pt-cv-thumbnail\" alt=\"\" \/><\/a><\/div>\n<div class=\"pt-cv-taxoterm above_title\"><a href='https:\/\/flavorfiesta.foodiesconnect.net\/es\/category\/appetizers\/' title='Appetizers' class='pt-cv-tax-appetizers'>Appetizers<\/a><\/div>\n<h4 class=\"pt-cv-title\"><a href=\"https:\/\/flavorfiesta.foodiesconnect.net\/es\/small-plates-symphony\/\" class=\"_self\" target=\"_self\" >Navegando el paisaje culinario con maravillas de platos peque\u00f1os<\/a><\/h4>\n<div class=\"pt-cv-rmwrap\"><a href=\"https:\/\/flavorfiesta.foodiesconnect.net\/es\/small-plates-symphony\/\" class=\"_self pt-cv-readmore btn btn-success\" target=\"_self\" >Leer M\u00e1s<\/a><\/div><\/div>\n<div class=\" pt-cv-content-item pt-cv-1-col\" ><div class=\"pt-cv-thumb-wrapper  \"><a href=\"https:\/\/flavorfiesta.foodiesconnect.net\/es\/international-bites-explore-appetizers-from-around-the-world\/\" class=\"_self pt-cv-href-thumbnail pt-cv-thumb-default\" target=\"_self\" ><img loading=\"lazy\" decoding=\"async\" width=\"681\" height=\"681\" src=\"https:\/\/flavorfiesta.foodiesconnect.net\/es\/wp-content\/uploads\/sites\/5\/2026\/03\/International-Bites-Explore-Appetizers-from-Around-the-World.jpg\" class=\"pt-cv-thumbnail\" alt=\"\" \/><\/a><\/div>\n<div class=\"pt-cv-taxoterm above_title\"><a href='https:\/\/flavorfiesta.foodiesconnect.net\/es\/category\/appetizers\/' title='Appetizers' class='pt-cv-tax-appetizers'>Appetizers<\/a><\/div>\n<h4 class=\"pt-cv-title\"><a href=\"https:\/\/flavorfiesta.foodiesconnect.net\/es\/international-bites-explore-appetizers-from-around-the-world\/\" class=\"_self\" target=\"_self\" >Bocados internacionales: Explora aperitivos de todo el mundo<\/a><\/h4>\n<div class=\"pt-cv-rmwrap\"><a href=\"https:\/\/flavorfiesta.foodiesconnect.net\/es\/international-bites-explore-appetizers-from-around-the-world\/\" class=\"_self pt-cv-readmore btn btn-success\" target=\"_self\" >Leer M\u00e1s<\/a><\/div><\/div>\n<div class=\" pt-cv-content-item pt-cv-1-col\" ><div class=\"pt-cv-thumb-wrapper  \"><a href=\"https:\/\/flavorfiesta.foodiesconnect.net\/es\/art-of-presentation-elevating-appetizer-aesthetics\/\" class=\"_self pt-cv-href-thumbnail pt-cv-thumb-default\" target=\"_self\" ><img loading=\"lazy\" decoding=\"async\" width=\"680\" height=\"680\" src=\"https:\/\/flavorfiesta.foodiesconnect.net\/es\/wp-content\/uploads\/sites\/5\/2026\/03\/Art-of-Presentation_-Elevating-Appetizer-Aesthetics-Cover-Page-1.jpg\" class=\"pt-cv-thumbnail\" alt=\"\" \/><\/a><\/div>\n<div class=\"pt-cv-taxoterm above_title\"><a href='https:\/\/flavorfiesta.foodiesconnect.net\/es\/category\/appetizers\/' title='Appetizers' class='pt-cv-tax-appetizers'>Appetizers<\/a><\/div>\n<h4 class=\"pt-cv-title\"><a href=\"https:\/\/flavorfiesta.foodiesconnect.net\/es\/art-of-presentation-elevating-appetizer-aesthetics\/\" class=\"_self\" target=\"_self\" >Arte de la presentaci\u00f3n: Elevar la est\u00e9tica de los aperitivos<\/a><\/h4>\n<div class=\"pt-cv-rmwrap\"><a href=\"https:\/\/flavorfiesta.foodiesconnect.net\/es\/art-of-presentation-elevating-appetizer-aesthetics\/\" class=\"_self pt-cv-readmore btn btn-success\" target=\"_self\" >Leer M\u00e1s<\/a><\/div><\/div>\n<div class=\" pt-cv-content-item pt-cv-1-col\" ><div class=\"pt-cv-thumb-wrapper  \"><a href=\"https:\/\/flavorfiesta.foodiesconnect.net\/es\/dips-and-dazzle-irresistible-appetizer-dips-and-spreads\/\" class=\"_self pt-cv-href-thumbnail pt-cv-thumb-default\" target=\"_self\" ><img loading=\"lazy\" decoding=\"async\" width=\"680\" height=\"680\" src=\"https:\/\/flavorfiesta.foodiesconnect.net\/es\/wp-content\/uploads\/sites\/5\/2026\/03\/Dips-and-Dazzle_-Irresistible-Appetizer-Dips-and-Spreads-Cover-Page.jpg\" class=\"pt-cv-thumbnail\" alt=\"\" \/><\/a><\/div>\n<div class=\"pt-cv-taxoterm above_title\"><a href='https:\/\/flavorfiesta.foodiesconnect.net\/es\/category\/appetizers\/' title='Appetizers' class='pt-cv-tax-appetizers'>Appetizers<\/a><\/div>\n<h4 class=\"pt-cv-title\"><a href=\"https:\/\/flavorfiesta.foodiesconnect.net\/es\/dips-and-dazzle-irresistible-appetizer-dips-and-spreads\/\" class=\"_self\" target=\"_self\" >Bocados y esplendor: Bocadillos y cremas para aperitivos irresistibles<\/a><\/h4>\n<div class=\"pt-cv-rmwrap\"><a href=\"https:\/\/flavorfiesta.foodiesconnect.net\/es\/dips-and-dazzle-irresistible-appetizer-dips-and-spreads\/\" class=\"_self pt-cv-readmore btn btn-success\" target=\"_self\" >Leer M\u00e1s<\/a><\/div><\/div>\n<div class=\" pt-cv-content-item pt-cv-1-col\" ><div class=\"pt-cv-thumb-wrapper  \"><a href=\"https:\/\/flavorfiesta.foodiesconnect.net\/es\/tiny-temptations-mini-appetizers-with-maximum-flavor\/\" class=\"_self pt-cv-href-thumbnail pt-cv-thumb-default\" target=\"_self\" ><img loading=\"lazy\" decoding=\"async\" width=\"680\" height=\"680\" src=\"https:\/\/flavorfiesta.foodiesconnect.net\/es\/wp-content\/uploads\/sites\/5\/2026\/03\/Tiny-Temptations_-Mini-Appetizers-with-Maximum-Flavor-Cover-Page.jpg\" class=\"pt-cv-thumbnail\" alt=\"\" \/><\/a><\/div>\n<div class=\"pt-cv-taxoterm above_title\"><a href='https:\/\/flavorfiesta.foodiesconnect.net\/es\/category\/appetizers\/' title='Appetizers' class='pt-cv-tax-appetizers'>Appetizers<\/a><\/div>\n<h4 class=\"pt-cv-title\"><a href=\"https:\/\/flavorfiesta.foodiesconnect.net\/es\/tiny-temptations-mini-appetizers-with-maximum-flavor\/\" class=\"_self\" target=\"_self\" >Peque\u00f1os tentempi\u00e9s: aperitivos miniatura con sabor m\u00e1ximo<\/a><\/h4>\n<div class=\"pt-cv-rmwrap\"><a href=\"https:\/\/flavorfiesta.foodiesconnect.net\/es\/tiny-temptations-mini-appetizers-with-maximum-flavor\/\" class=\"_self pt-cv-readmore btn btn-success\" target=\"_self\" >Leer M\u00e1s<\/a><\/div><\/div><\/div><\/div> <\/div> <style>\n\n#pt-cv-view-7dr8k85x .pt-cv-meta-fields {  }#pt-cv-view-7dr8k85x .pt-cv-meta-fields * { font-size: 13px; }#pt-cv-view-7dr8k85x .pt-cv-thumb-wrapper:not(.miniwrap) {  }#pt-cv-view-7dr8k85x .pt-cv-thumbnail:not(.pt-cv-thumbnailsm) { height: 400px; }#pt-cv-view-7dr8k85x .pt-cv-title a { display: block; }#pt-cv-view-7dr8k85x .pt-cv-title:not(.pt-cv-titlesm) a { font-weight: 600;text-decoration: none;font-size: 20px; }#pt-cv-view-7dr8k85x .pt-cv-titlesm a { font-weight: 600;font-size: 18px; }#pt-cv-view-7dr8k85x .pt-cv-content { font-size: 15px; }#pt-cv-view-7dr8k85x .pt-cv-readmore { color: #fff;background-color: #0075ff;font-size: 14px; }#pt-cv-view-7dr8k85x .pt-cv-taxoterm {  }#pt-cv-view-7dr8k85x .pt-cv-taxoterm * { color: #222;background-color: #fff6f6;font-size: 14px; }#pt-cv-view-7dr8k85x + .pt-cv-pagination-wrapper {  }#pt-cv-view-7dr8k85x + .pt-cv-pagination-wrapper a { font-size: 14px; }#pt-cv-view-7dr8k85x > .pt-cv-page {grid-template-columns: repeat(3, 1fr);grid-gap: 20px;}\n@media all and (max-width: 1024px) { \n#pt-cv-view-7dr8k85x > .pt-cv-page {grid-template-columns: repeat(2, 1fr);}\n} \n@media all and (max-width: 767px) { \n#pt-cv-view-7dr8k85x > .pt-cv-page {grid-template-columns: repeat(1, 1fr);}\n} <\/style>","protected":false},"excerpt":{"rendered":"","protected":false},"author":1,"featured_media":0,"parent":0,"menu_order":0,"comment_status":"closed","ping_status":"closed","template":"","meta":{"footnotes":""},"class_list":["post-104","page","type-page","status-publish","hentry"],"yoast_head":"<!-- This site is optimized with the Yoast SEO plugin v23.9 - https:\/\/yoast.com\/wordpress\/plugins\/seo\/ -->\n<title>Appetizers - Flavor Fiesta Spanish<\/title>\n<meta name=\"robots\" content=\"index, follow, max-snippet:-1, max-image-preview:large, max-video-preview:-1\" \/>\n<link rel=\"canonical\" href=\"https:\/\/flavorfiesta.foodiesconnect.net\/es\/appetizers\/\" \/>\n<meta property=\"og:locale\" content=\"es_ES\" \/>\n<meta property=\"og:type\" content=\"article\" \/>\n<meta property=\"og:title\" content=\"Appetizers - Flavor Fiesta Spanish\" \/>\n<meta property=\"og:url\" content=\"https:\/\/flavorfiesta.foodiesconnect.net\/es\/appetizers\/\" \/>\n<meta property=\"og:site_name\" content=\"Flavor Fiesta Spanish\" \/>\n<meta property=\"article:modified_time\" content=\"2024-03-13T08:44:00+00:00\" \/>\n<meta name=\"twitter:card\" content=\"summary_large_image\" \/>\n<script type=\"application\/ld+json\" class=\"yoast-schema-graph\">{\"@context\":\"https:\/\/schema.org\",\"@graph\":[{\"@type\":\"WebPage\",\"@id\":\"https:\/\/flavorfiesta.foodiesconnect.net\/es\/appetizers\/\",\"url\":\"https:\/\/flavorfiesta.foodiesconnect.net\/es\/appetizers\/\",\"name\":\"Appetizers - Flavor Fiesta Spanish\",\"isPartOf\":{\"@id\":\"https:\/\/flavorfiesta.foodiesconnect.net\/es\/#website\"},\"datePublished\":\"2024-02-08T06:13:50+00:00\",\"dateModified\":\"2024-03-13T08:44:00+00:00\",\"breadcrumb\":{\"@id\":\"https:\/\/flavorfiesta.foodiesconnect.net\/es\/appetizers\/#breadcrumb\"},\"inLanguage\":\"es\",\"potentialAction\":[{\"@type\":\"ReadAction\",\"target\":[\"https:\/\/flavorfiesta.foodiesconnect.net\/es\/appetizers\/\"]}]},{\"@type\":\"BreadcrumbList\",\"@id\":\"https:\/\/flavorfiesta.foodiesconnect.net\/es\/appetizers\/#breadcrumb\",\"itemListElement\":[{\"@type\":\"ListItem\",\"position\":1,\"name\":\"Home\",\"item\":\"https:\/\/flavorfiesta.foodiesconnect.net\/es\/\"},{\"@type\":\"ListItem\",\"position\":2,\"name\":\"Appetizers\"}]},{\"@type\":\"WebSite\",\"@id\":\"https:\/\/flavorfiesta.foodiesconnect.net\/es\/#website\",\"url\":\"https:\/\/flavorfiesta.foodiesconnect.net\/es\/\",\"name\":\"Flavor Fiesta Spanish\",\"description\":\"\",\"potentialAction\":[{\"@type\":\"SearchAction\",\"target\":{\"@type\":\"EntryPoint\",\"urlTemplate\":\"https:\/\/flavorfiesta.foodiesconnect.net\/es\/?s={search_term_string}\"},\"query-input\":{\"@type\":\"PropertyValueSpecification\",\"valueRequired\":true,\"valueName\":\"search_term_string\"}}],\"inLanguage\":\"es\"}]}<\/script>\n<!-- \/ Yoast SEO plugin. -->","yoast_head_json":{"title":"Appetizers - Flavor Fiesta Spanish","robots":{"index":"index","follow":"follow","max-snippet":"max-snippet:-1","max-image-preview":"max-image-preview:large","max-video-preview":"max-video-preview:-1"},"canonical":"https:\/\/flavorfiesta.foodiesconnect.net\/es\/appetizers\/","og_locale":"es_ES","og_type":"article","og_title":"Appetizers - Flavor Fiesta Spanish","og_url":"https:\/\/flavorfiesta.foodiesconnect.net\/es\/appetizers\/","og_site_name":"Flavor Fiesta Spanish","article_modified_time":"2024-03-13T08:44:00+00:00","twitter_card":"summary_large_image","schema":{"@context":"https:\/\/schema.org","@graph":[{"@type":"WebPage","@id":"https:\/\/flavorfiesta.foodiesconnect.net\/es\/appetizers\/","url":"https:\/\/flavorfiesta.foodiesconnect.net\/es\/appetizers\/","name":"Appetizers - Flavor Fiesta Spanish","isPartOf":{"@id":"https:\/\/flavorfiesta.foodiesconnect.net\/es\/#website"},"datePublished":"2024-02-08T06:13:50+00:00","dateModified":"2024-03-13T08:44:00+00:00","breadcrumb":{"@id":"https:\/\/flavorfiesta.foodiesconnect.net\/es\/appetizers\/#breadcrumb"},"inLanguage":"es","potentialAction":[{"@type":"ReadAction","target":["https:\/\/flavorfiesta.foodiesconnect.net\/es\/appetizers\/"]}]},{"@type":"BreadcrumbList","@id":"https:\/\/flavorfiesta.foodiesconnect.net\/es\/appetizers\/#breadcrumb","itemListElement":[{"@type":"ListItem","position":1,"name":"Home","item":"https:\/\/flavorfiesta.foodiesconnect.net\/es\/"},{"@type":"ListItem","position":2,"name":"Appetizers"}]},{"@type":"WebSite","@id":"https:\/\/flavorfiesta.foodiesconnect.net\/es\/#website","url":"https:\/\/flavorfiesta.foodiesconnect.net\/es\/","name":"Flavor Fiesta Spanish","description":"","potentialAction":[{"@type":"SearchAction","target":{"@type":"EntryPoint","urlTemplate":"https:\/\/flavorfiesta.foodiesconnect.net\/es\/?s={search_term_string}"},"query-input":{"@type":"PropertyValueSpecification","valueRequired":true,"valueName":"search_term_string"}}],"inLanguage":"es"}]}},"_links":{"self":[{"href":"https:\/\/flavorfiesta.foodiesconnect.net\/es\/wp-json\/wp\/v2\/pages\/104","targetHints":{"allow":["GET"]}}],"collection":[{"href":"https:\/\/flavorfiesta.foodiesconnect.net\/es\/wp-json\/wp\/v2\/pages"}],"about":[{"href":"https:\/\/flavorfiesta.foodiesconnect.net\/es\/wp-json\/wp\/v2\/types\/page"}],"author":[{"embeddable":true,"href":"https:\/\/flavorfiesta.foodiesconnect.net\/es\/wp-json\/wp\/v2\/users\/1"}],"replies":[{"embeddable":true,"href":"https:\/\/flavorfiesta.foodiesconnect.net\/es\/wp-json\/wp\/v2\/comments?post=104"}],"version-history":[{"count":3,"href":"https:\/\/flavorfiesta.foodiesconnect.net\/es\/wp-json\/wp\/v2\/pages\/104\/revisions"}],"predecessor-version":[{"id":337,"href":"https:\/\/flavorfiesta.foodiesconnect.net\/es\/wp-json\/wp\/v2\/pages\/104\/revisions\/337"}],"wp:attachment":[{"href":"https:\/\/flavorfiesta.foodiesconnect.net\/es\/wp-json\/wp\/v2\/media?parent=104"}],"curies":[{"name":"wp","href":"https:\/\/api.w.org\/{rel}","templated":true}]}}