{"id":94,"date":"2024-02-08T11:41:54","date_gmt":"2024-02-08T03:41:54","guid":{"rendered":"https:\/\/flavorfiesta.foodiesconnect.net\/de\/?page_id=94"},"modified":"2024-03-13T16:44:19","modified_gmt":"2024-03-13T08:44:19","slug":"pasta","status":"publish","type":"page","link":"https:\/\/flavorfiesta.foodiesconnect.net\/de\/pasta\/","title":{"rendered":"Pasta"},"content":{"rendered":"<div class='pt-cv-wrapper'> <div class=\"pt-cv-view pt-cv-blockgrid iscvblock iscvreal grid1 layout1 cveffect-zoomin\" id=\"pt-cv-view-7dr8k85x\"><div data-id=\"pt-cv-page-1\" class=\"pt-cv-page\" data-cvc=\"3\"><div class=\" pt-cv-content-item pt-cv-1-col\" ><div class=\"pt-cv-thumb-wrapper  \"><a href=\"https:\/\/flavorfiesta.foodiesconnect.net\/de\/flavors-of-the-pasta-world-a-flipbook-journey-through-5-classic-pasta-paste-recipes\/\" class=\"_self pt-cv-href-thumbnail pt-cv-thumb-default\" target=\"_self\" ><img loading=\"lazy\" decoding=\"async\" width=\"681\" height=\"682\" src=\"https:\/\/flavorfiesta.foodiesconnect.net\/de\/wp-content\/uploads\/sites\/9\/2026\/03\/Screenshot-2024-02-08-at-10.31.40-AM.png\" class=\"pt-cv-thumbnail\" alt=\"\" \/><\/a><\/div>\n<div class=\"pt-cv-taxoterm above_title\"><a href='https:\/\/flavorfiesta.foodiesconnect.net\/de\/category\/pasta\/' title='Pasta' class='pt-cv-tax-pasta'>Pasta<\/a><\/div>\n<h4 class=\"pt-cv-title\"><a href=\"https:\/\/flavorfiesta.foodiesconnect.net\/de\/flavors-of-the-pasta-world-a-flipbook-journey-through-5-classic-pasta-paste-recipes\/\" class=\"_self\" target=\"_self\" >Geschm\u00e4cker der Pasta-Welt: Eine Flipbook-Reise durch 5 klassische Pasta-Paste-Rezepte<\/a><\/h4>\n<div class=\"pt-cv-rmwrap\"><a href=\"https:\/\/flavorfiesta.foodiesconnect.net\/de\/flavors-of-the-pasta-world-a-flipbook-journey-through-5-classic-pasta-paste-recipes\/\" class=\"_self pt-cv-readmore btn btn-success\" target=\"_self\" >Weiterlesen\u00a0\u2026<\/a><\/div><\/div>\n<div class=\" pt-cv-content-item pt-cv-1-col\" ><div class=\"pt-cv-thumb-wrapper  \"><a href=\"https:\/\/flavorfiesta.foodiesconnect.net\/de\/the-art-of-pasta-a-journey-through-flavors-and-techniques\/\" class=\"_self pt-cv-href-thumbnail pt-cv-thumb-default\" target=\"_self\" ><img loading=\"lazy\" decoding=\"async\" width=\"680\" height=\"680\" src=\"https:\/\/flavorfiesta.foodiesconnect.net\/de\/wp-content\/uploads\/sites\/9\/2026\/03\/Screenshot-2024-02-14-at-1.59.43-PM.png\" class=\"pt-cv-thumbnail\" alt=\"\" \/><\/a><\/div>\n<div class=\"pt-cv-taxoterm above_title\"><a href='https:\/\/flavorfiesta.foodiesconnect.net\/de\/category\/pasta\/' title='Pasta' class='pt-cv-tax-pasta'>Pasta<\/a><\/div>\n<h4 class=\"pt-cv-title\"><a href=\"https:\/\/flavorfiesta.foodiesconnect.net\/de\/the-art-of-pasta-a-journey-through-flavors-and-techniques\/\" class=\"_self\" target=\"_self\" >Die Kunst der Pasta: Eine Reise durch Aromen und Techniken<\/a><\/h4>\n<div class=\"pt-cv-rmwrap\"><a href=\"https:\/\/flavorfiesta.foodiesconnect.net\/de\/the-art-of-pasta-a-journey-through-flavors-and-techniques\/\" class=\"_self pt-cv-readmore btn btn-success\" target=\"_self\" >Weiterlesen\u00a0\u2026<\/a><\/div><\/div>\n<div class=\" pt-cv-content-item pt-cv-1-col\" ><div class=\"pt-cv-thumb-wrapper  \"><a href=\"https:\/\/flavorfiesta.foodiesconnect.net\/de\/global-pasta-delights-a-culinary-journey-of-international-flavors\/\" class=\"_self pt-cv-href-thumbnail pt-cv-thumb-default\" target=\"_self\" ><img loading=\"lazy\" decoding=\"async\" width=\"680\" height=\"681\" src=\"https:\/\/flavorfiesta.foodiesconnect.net\/de\/wp-content\/uploads\/sites\/9\/2026\/03\/Screenshot-2024-02-14-at-2.19.30-PM.png\" class=\"pt-cv-thumbnail\" alt=\"\" \/><\/a><\/div>\n<div class=\"pt-cv-taxoterm above_title\"><a href='https:\/\/flavorfiesta.foodiesconnect.net\/de\/category\/pasta\/' title='Pasta' class='pt-cv-tax-pasta'>Pasta<\/a><\/div>\n<h4 class=\"pt-cv-title\"><a href=\"https:\/\/flavorfiesta.foodiesconnect.net\/de\/global-pasta-delights-a-culinary-journey-of-international-flavors\/\" class=\"_self\" target=\"_self\" >Globale Pasta-Gen\u00fcsse: Eine kulinarische Reise durch internationale Aromen<\/a><\/h4>\n<div class=\"pt-cv-rmwrap\"><a href=\"https:\/\/flavorfiesta.foodiesconnect.net\/de\/global-pasta-delights-a-culinary-journey-of-international-flavors\/\" class=\"_self pt-cv-readmore btn btn-success\" target=\"_self\" >Weiterlesen\u00a0\u2026<\/a><\/div><\/div>\n<div class=\" pt-cv-content-item pt-cv-1-col\" ><div class=\"pt-cv-thumb-wrapper  \"><a href=\"https:\/\/flavorfiesta.foodiesconnect.net\/de\/pasta-primer-a-beginners-guide-to-noodles\/\" class=\"_self pt-cv-href-thumbnail pt-cv-thumb-default\" target=\"_self\" ><img loading=\"lazy\" decoding=\"async\" width=\"680\" height=\"680\" src=\"https:\/\/flavorfiesta.foodiesconnect.net\/de\/wp-content\/uploads\/sites\/9\/2026\/03\/Pasta-Primer_-A-Beginners-Guide-to-Noodles-Cover-Page-1.jpg\" class=\"pt-cv-thumbnail\" alt=\"\" \/><\/a><\/div>\n<div class=\"pt-cv-taxoterm above_title\"><a href='https:\/\/flavorfiesta.foodiesconnect.net\/de\/category\/pasta\/' title='Pasta' class='pt-cv-tax-pasta'>Pasta<\/a><\/div>\n<h4 class=\"pt-cv-title\"><a href=\"https:\/\/flavorfiesta.foodiesconnect.net\/de\/pasta-primer-a-beginners-guide-to-noodles\/\" class=\"_self\" target=\"_self\" >Pasta-Grundlagen: Ein Leitfaden f\u00fcr Anf\u00e4nger zu Nudeln<\/a><\/h4>\n<div class=\"pt-cv-rmwrap\"><a href=\"https:\/\/flavorfiesta.foodiesconnect.net\/de\/pasta-primer-a-beginners-guide-to-noodles\/\" class=\"_self pt-cv-readmore btn btn-success\" target=\"_self\" >Weiterlesen\u00a0\u2026<\/a><\/div><\/div>\n<div class=\" pt-cv-content-item pt-cv-1-col\" ><div class=\"pt-cv-thumb-wrapper  \"><a href=\"https:\/\/flavorfiesta.foodiesconnect.net\/de\/saucy-secrets-exploring-pasta-sauces-from-around-the-world\/\" class=\"_self pt-cv-href-thumbnail pt-cv-thumb-default\" target=\"_self\" ><img loading=\"lazy\" decoding=\"async\" width=\"680\" height=\"680\" src=\"https:\/\/flavorfiesta.foodiesconnect.net\/de\/wp-content\/uploads\/sites\/9\/2026\/03\/Saucy-Secrets_-Exploring-Pasta-Sauces-from-Around-the-World-Cover-Page.jpg\" class=\"pt-cv-thumbnail\" alt=\"\" \/><\/a><\/div>\n<div class=\"pt-cv-taxoterm above_title\"><a href='https:\/\/flavorfiesta.foodiesconnect.net\/de\/category\/pasta\/' title='Pasta' class='pt-cv-tax-pasta'>Pasta<\/a><\/div>\n<h4 class=\"pt-cv-title\"><a href=\"https:\/\/flavorfiesta.foodiesconnect.net\/de\/saucy-secrets-exploring-pasta-sauces-from-around-the-world\/\" class=\"_self\" target=\"_self\" >Saucy Secrets: Entdecken von Pasta-Saucen aus aller Welt<\/a><\/h4>\n<div class=\"pt-cv-rmwrap\"><a href=\"https:\/\/flavorfiesta.foodiesconnect.net\/de\/saucy-secrets-exploring-pasta-sauces-from-around-the-world\/\" class=\"_self pt-cv-readmore btn btn-success\" target=\"_self\" >Weiterlesen\u00a0\u2026<\/a><\/div><\/div>\n<div class=\" pt-cv-content-item pt-cv-1-col\" ><div class=\"pt-cv-thumb-wrapper  \"><a href=\"https:\/\/flavorfiesta.foodiesconnect.net\/de\/one-pot-wonders-easy-and-effortless-pasta-meals\/\" class=\"_self pt-cv-href-thumbnail pt-cv-thumb-default\" target=\"_self\" ><img loading=\"lazy\" decoding=\"async\" width=\"680\" height=\"680\" src=\"https:\/\/flavorfiesta.foodiesconnect.net\/de\/wp-content\/uploads\/sites\/9\/2026\/03\/One-Pot-Wonders_-Easy-and-Effortless-Pasta-Meals-Cover-Page.jpg\" class=\"pt-cv-thumbnail\" alt=\"\" \/><\/a><\/div>\n<div class=\"pt-cv-taxoterm above_title\"><a href='https:\/\/flavorfiesta.foodiesconnect.net\/de\/category\/pasta\/' title='Pasta' class='pt-cv-tax-pasta'>Pasta<\/a><\/div>\n<h4 class=\"pt-cv-title\"><a href=\"https:\/\/flavorfiesta.foodiesconnect.net\/de\/one-pot-wonders-easy-and-effortless-pasta-meals\/\" class=\"_self\" target=\"_self\" >Eintopf-Wunder: Einfache und m\u00fchelose Pasta-Mahlzeiten<\/a><\/h4>\n<div class=\"pt-cv-rmwrap\"><a href=\"https:\/\/flavorfiesta.foodiesconnect.net\/de\/one-pot-wonders-easy-and-effortless-pasta-meals\/\" class=\"_self pt-cv-readmore btn btn-success\" target=\"_self\" >Weiterlesen\u00a0\u2026<\/a><\/div><\/div>\n<div class=\" pt-cv-content-item pt-cv-1-col\" ><div class=\"pt-cv-thumb-wrapper  \"><a href=\"https:\/\/flavorfiesta.foodiesconnect.net\/de\/pasta-for-health-nutrient-packed-recipes-for-wellness\/\" class=\"_self pt-cv-href-thumbnail pt-cv-thumb-default\" target=\"_self\" ><img loading=\"lazy\" decoding=\"async\" width=\"680\" height=\"680\" src=\"https:\/\/flavorfiesta.foodiesconnect.net\/de\/wp-content\/uploads\/sites\/9\/2026\/03\/Pasta-for-Health_-Nutrient-Packed-Recipes-for-Wellness-Cover-Page-1.jpg\" class=\"pt-cv-thumbnail\" alt=\"\" \/><\/a><\/div>\n<div class=\"pt-cv-taxoterm above_title\"><a href='https:\/\/flavorfiesta.foodiesconnect.net\/de\/category\/pasta\/' title='Pasta' class='pt-cv-tax-pasta'>Pasta<\/a><\/div>\n<h4 class=\"pt-cv-title\"><a href=\"https:\/\/flavorfiesta.foodiesconnect.net\/de\/pasta-for-health-nutrient-packed-recipes-for-wellness\/\" class=\"_self\" target=\"_self\" >Pasta f\u00fcr Gesundheit: N\u00e4hrstoffreiche Rezepte f\u00fcr Wohlbefinden<\/a><\/h4>\n<div class=\"pt-cv-rmwrap\"><a href=\"https:\/\/flavorfiesta.foodiesconnect.net\/de\/pasta-for-health-nutrient-packed-recipes-for-wellness\/\" class=\"_self pt-cv-readmore btn btn-success\" target=\"_self\" >Weiterlesen\u00a0\u2026<\/a><\/div><\/div>\n<div class=\" pt-cv-content-item pt-cv-1-col\" ><div class=\"pt-cv-thumb-wrapper  \"><a href=\"https:\/\/flavorfiesta.foodiesconnect.net\/de\/diy-pasta-homemade-noodles-from-scratch\/\" class=\"_self pt-cv-href-thumbnail pt-cv-thumb-default\" target=\"_self\" ><img loading=\"lazy\" decoding=\"async\" width=\"680\" height=\"680\" src=\"https:\/\/flavorfiesta.foodiesconnect.net\/de\/wp-content\/uploads\/sites\/9\/2026\/03\/DIY-Pasta_-Homemade-Noodles-from-Scratch-.jpg\" class=\"pt-cv-thumbnail\" alt=\"\" \/><\/a><\/div>\n<div class=\"pt-cv-taxoterm above_title\"><a href='https:\/\/flavorfiesta.foodiesconnect.net\/de\/category\/pasta\/' title='Pasta' class='pt-cv-tax-pasta'>Pasta<\/a><\/div>\n<h4 class=\"pt-cv-title\"><a href=\"https:\/\/flavorfiesta.foodiesconnect.net\/de\/diy-pasta-homemade-noodles-from-scratch\/\" class=\"_self\" target=\"_self\" >Selbstgemachte Pasta: Handgemachte Nudeln von Grund auf<\/a><\/h4>\n<div class=\"pt-cv-rmwrap\"><a href=\"https:\/\/flavorfiesta.foodiesconnect.net\/de\/diy-pasta-homemade-noodles-from-scratch\/\" class=\"_self pt-cv-readmore btn btn-success\" target=\"_self\" >Weiterlesen\u00a0\u2026<\/a><\/div><\/div>\n<div class=\" pt-cv-content-item pt-cv-1-col\" ><div class=\"pt-cv-thumb-wrapper  \"><a href=\"https:\/\/flavorfiesta.foodiesconnect.net\/de\/tips-and-tricks-from-professional-chefs\/\" class=\"_self pt-cv-href-thumbnail pt-cv-thumb-default\" target=\"_self\" ><img loading=\"lazy\" decoding=\"async\" width=\"680\" height=\"680\" src=\"https:\/\/flavorfiesta.foodiesconnect.net\/de\/wp-content\/uploads\/sites\/9\/2026\/03\/Tips-and-Tricks-from-Professional-Chefs-Cover-Page.jpg\" class=\"pt-cv-thumbnail\" alt=\"\" \/><\/a><\/div>\n<div class=\"pt-cv-taxoterm above_title\"><a href='https:\/\/flavorfiesta.foodiesconnect.net\/de\/category\/pasta\/' title='Pasta' class='pt-cv-tax-pasta'>Pasta<\/a><\/div>\n<h4 class=\"pt-cv-title\"><a href=\"https:\/\/flavorfiesta.foodiesconnect.net\/de\/tips-and-tricks-from-professional-chefs\/\" class=\"_self\" target=\"_self\" >Tipps und Tricks von professionellen K\u00f6chen<\/a><\/h4>\n<div class=\"pt-cv-rmwrap\"><a href=\"https:\/\/flavorfiesta.foodiesconnect.net\/de\/tips-and-tricks-from-professional-chefs\/\" class=\"_self pt-cv-readmore btn btn-success\" target=\"_self\" >Weiterlesen\u00a0\u2026<\/a><\/div><\/div><\/div><\/div>\n<div class=\" pt-cv-pagination-wrapper\"><ul class=\"pt-cv-pagination pt-cv-ajax pagination\" data-totalpages=\"2\" data-currentpage=\"1\" data-sid=\"7dr8k85x\" data-unid=\"\" data-isblock=\"grid1\" data-postid=\"0\"><li class=\"active\"><a href=\"#\">1<\/a><\/li>\n\t<li ><a class=\"\" href=\"https:\/\/flavorfiesta.foodiesconnect.net\/de\/wp-json\/wp\/v2\/pages\/94\/?_page=2\">2<\/a><\/li>\n\t<li ><a class=\" \" href=\"https:\/\/flavorfiesta.foodiesconnect.net\/de\/wp-json\/wp\/v2\/pages\/94\/?_page=2\">&rsaquo;<\/a><\/li>\n\t<\/ul><img loading=\"lazy\" decoding=\"async\" width=\"15\" height=\"15\" class=\"pt-cv-spinner\" alt=\"Wird geladen\u00a0\u2026\" src=\"data:image\/gif;base64,R0lGODlhDwAPALMPAMrKygwMDJOTkz09PZWVla+vr3p6euTk5M7OzuXl5TMzMwAAAJmZmWZmZszMzP\/\/\/yH\/C05FVFNDQVBFMi4wAwEAAAAh+QQFCgAPACwAAAAADwAPAAAEQvDJaZaZOIcV8iQK8VRX4iTYoAwZ4iCYoAjZ4RxejhVNoT+mRGP4cyF4Pp0N98sBGIBMEMOotl6YZ3S61Bmbkm4mAgAh+QQFCgAPACwAAAAADQANAAAENPDJSRSZeA418itN8QiK8BiLITVsFiyBBIoYqnoewAD4xPw9iY4XLGYSjkQR4UAUD45DLwIAIfkEBQoADwAsAAAAAA8ACQAABC\/wyVlamTi3nSdgwFNdhEJgTJoNyoB9ISYoQmdjiZPcj7EYCAeCF1gEDo4Dz2eIAAAh+QQFCgAPACwCAAAADQANAAAEM\/DJBxiYeLKdX3IJZT1FU0iIg2RNKx3OkZVnZ98ToRD4MyiDnkAh6BkNC0MvsAj0kMpHBAAh+QQFCgAPACwGAAAACQAPAAAEMDC59KpFDll73HkAA2wVY5KgiK5b0RRoI6MuzG6EQqCDMlSGheEhUAgqgUUAFRySIgAh+QQFCgAPACwCAAIADQANAAAEM\/DJKZNLND\/kkKaHc3xk+QAMYDKsiaqmZCxGVjSFFCxB1vwy2oOgIDxuucxAMTAJFAJNBAAh+QQFCgAPACwAAAYADwAJAAAEMNAs86q1yaWwwv2Ig0jUZx3OYa4XoRAfwADXoAwfo1+CIjyFRuEho60aSNYlOPxEAAAh+QQFCgAPACwAAAIADQANAAAENPA9s4y8+IUVcqaWJ4qEQozSoAzoIyhCK2NFU2SJk0hNnyEOhKR2AzAAj4Pj4GE4W0bkJQIAOw==\" \/><div class=\"clear pt-cv-clear-pagination\"><\/div><\/div> <\/div> <style>\n\n#pt-cv-view-7dr8k85x .pt-cv-meta-fields {  }#pt-cv-view-7dr8k85x .pt-cv-meta-fields * { font-size: 13px; }#pt-cv-view-7dr8k85x .pt-cv-thumb-wrapper:not(.miniwrap) {  }#pt-cv-view-7dr8k85x .pt-cv-thumbnail:not(.pt-cv-thumbnailsm) { height: 400px; }#pt-cv-view-7dr8k85x .pt-cv-title a { display: block; }#pt-cv-view-7dr8k85x .pt-cv-title:not(.pt-cv-titlesm) a { font-weight: 600;text-decoration: none;font-size: 20px; }#pt-cv-view-7dr8k85x .pt-cv-titlesm a { font-weight: 600;font-size: 18px; }#pt-cv-view-7dr8k85x .pt-cv-content { font-size: 15px; }#pt-cv-view-7dr8k85x .pt-cv-readmore { color: #fff;background-color: #0075ff;font-size: 14px; }#pt-cv-view-7dr8k85x .pt-cv-taxoterm {  }#pt-cv-view-7dr8k85x .pt-cv-taxoterm * { color: #222;background-color: #fff6f6;font-size: 14px; }#pt-cv-view-7dr8k85x + .pt-cv-pagination-wrapper {  }#pt-cv-view-7dr8k85x + .pt-cv-pagination-wrapper a { font-size: 14px; }#pt-cv-view-7dr8k85x > .pt-cv-page {grid-template-columns: repeat(3, 1fr);grid-gap: 20px;}\n@media all and (max-width: 1024px) { \n#pt-cv-view-7dr8k85x > .pt-cv-page {grid-template-columns: repeat(2, 1fr);}\n} \n@media all and (max-width: 767px) { \n#pt-cv-view-7dr8k85x > .pt-cv-page {grid-template-columns: repeat(1, 1fr);}\n} <\/style>","protected":false},"excerpt":{"rendered":"","protected":false},"author":1,"featured_media":0,"parent":0,"menu_order":0,"comment_status":"closed","ping_status":"closed","template":"","meta":{"footnotes":""},"class_list":["post-94","page","type-page","status-publish","hentry"],"yoast_head":"<!-- This site is optimized with the Yoast SEO plugin v23.9 - https:\/\/yoast.com\/wordpress\/plugins\/seo\/ -->\n<title>Pasta - Flavor Fiesta German<\/title>\n<meta name=\"robots\" content=\"index, follow, max-snippet:-1, max-image-preview:large, max-video-preview:-1\" \/>\n<link rel=\"canonical\" href=\"https:\/\/flavorfiesta.foodiesconnect.net\/de\/pasta\/\" \/>\n<meta property=\"og:locale\" content=\"de_DE\" \/>\n<meta property=\"og:type\" content=\"article\" \/>\n<meta property=\"og:title\" content=\"Pasta - Flavor Fiesta German\" \/>\n<meta property=\"og:url\" content=\"https:\/\/flavorfiesta.foodiesconnect.net\/de\/pasta\/\" \/>\n<meta property=\"og:site_name\" content=\"Flavor Fiesta German\" \/>\n<meta property=\"article:modified_time\" content=\"2024-03-13T08:44:19+00:00\" \/>\n<meta name=\"twitter:card\" content=\"summary_large_image\" \/>\n<script type=\"application\/ld+json\" class=\"yoast-schema-graph\">{\"@context\":\"https:\/\/schema.org\",\"@graph\":[{\"@type\":\"WebPage\",\"@id\":\"https:\/\/flavorfiesta.foodiesconnect.net\/de\/pasta\/\",\"url\":\"https:\/\/flavorfiesta.foodiesconnect.net\/de\/pasta\/\",\"name\":\"Pasta - Flavor Fiesta German\",\"isPartOf\":{\"@id\":\"https:\/\/flavorfiesta.foodiesconnect.net\/de\/#website\"},\"datePublished\":\"2024-02-08T03:41:54+00:00\",\"dateModified\":\"2024-03-13T08:44:19+00:00\",\"breadcrumb\":{\"@id\":\"https:\/\/flavorfiesta.foodiesconnect.net\/de\/pasta\/#breadcrumb\"},\"inLanguage\":\"de\",\"potentialAction\":[{\"@type\":\"ReadAction\",\"target\":[\"https:\/\/flavorfiesta.foodiesconnect.net\/de\/pasta\/\"]}]},{\"@type\":\"BreadcrumbList\",\"@id\":\"https:\/\/flavorfiesta.foodiesconnect.net\/de\/pasta\/#breadcrumb\",\"itemListElement\":[{\"@type\":\"ListItem\",\"position\":1,\"name\":\"Home\",\"item\":\"https:\/\/flavorfiesta.foodiesconnect.net\/de\/\"},{\"@type\":\"ListItem\",\"position\":2,\"name\":\"Pasta\"}]},{\"@type\":\"WebSite\",\"@id\":\"https:\/\/flavorfiesta.foodiesconnect.net\/de\/#website\",\"url\":\"https:\/\/flavorfiesta.foodiesconnect.net\/de\/\",\"name\":\"Flavor Fiesta German\",\"description\":\"\",\"potentialAction\":[{\"@type\":\"SearchAction\",\"target\":{\"@type\":\"EntryPoint\",\"urlTemplate\":\"https:\/\/flavorfiesta.foodiesconnect.net\/de\/?s={search_term_string}\"},\"query-input\":{\"@type\":\"PropertyValueSpecification\",\"valueRequired\":true,\"valueName\":\"search_term_string\"}}],\"inLanguage\":\"de\"}]}<\/script>\n<!-- \/ Yoast SEO plugin. -->","yoast_head_json":{"title":"Pasta - Flavor Fiesta German","robots":{"index":"index","follow":"follow","max-snippet":"max-snippet:-1","max-image-preview":"max-image-preview:large","max-video-preview":"max-video-preview:-1"},"canonical":"https:\/\/flavorfiesta.foodiesconnect.net\/de\/pasta\/","og_locale":"de_DE","og_type":"article","og_title":"Pasta - Flavor Fiesta German","og_url":"https:\/\/flavorfiesta.foodiesconnect.net\/de\/pasta\/","og_site_name":"Flavor Fiesta German","article_modified_time":"2024-03-13T08:44:19+00:00","twitter_card":"summary_large_image","schema":{"@context":"https:\/\/schema.org","@graph":[{"@type":"WebPage","@id":"https:\/\/flavorfiesta.foodiesconnect.net\/de\/pasta\/","url":"https:\/\/flavorfiesta.foodiesconnect.net\/de\/pasta\/","name":"Pasta - Flavor Fiesta German","isPartOf":{"@id":"https:\/\/flavorfiesta.foodiesconnect.net\/de\/#website"},"datePublished":"2024-02-08T03:41:54+00:00","dateModified":"2024-03-13T08:44:19+00:00","breadcrumb":{"@id":"https:\/\/flavorfiesta.foodiesconnect.net\/de\/pasta\/#breadcrumb"},"inLanguage":"de","potentialAction":[{"@type":"ReadAction","target":["https:\/\/flavorfiesta.foodiesconnect.net\/de\/pasta\/"]}]},{"@type":"BreadcrumbList","@id":"https:\/\/flavorfiesta.foodiesconnect.net\/de\/pasta\/#breadcrumb","itemListElement":[{"@type":"ListItem","position":1,"name":"Home","item":"https:\/\/flavorfiesta.foodiesconnect.net\/de\/"},{"@type":"ListItem","position":2,"name":"Pasta"}]},{"@type":"WebSite","@id":"https:\/\/flavorfiesta.foodiesconnect.net\/de\/#website","url":"https:\/\/flavorfiesta.foodiesconnect.net\/de\/","name":"Flavor Fiesta German","description":"","potentialAction":[{"@type":"SearchAction","target":{"@type":"EntryPoint","urlTemplate":"https:\/\/flavorfiesta.foodiesconnect.net\/de\/?s={search_term_string}"},"query-input":{"@type":"PropertyValueSpecification","valueRequired":true,"valueName":"search_term_string"}}],"inLanguage":"de"}]}},"_links":{"self":[{"href":"https:\/\/flavorfiesta.foodiesconnect.net\/de\/wp-json\/wp\/v2\/pages\/94","targetHints":{"allow":["GET"]}}],"collection":[{"href":"https:\/\/flavorfiesta.foodiesconnect.net\/de\/wp-json\/wp\/v2\/pages"}],"about":[{"href":"https:\/\/flavorfiesta.foodiesconnect.net\/de\/wp-json\/wp\/v2\/types\/page"}],"author":[{"embeddable":true,"href":"https:\/\/flavorfiesta.foodiesconnect.net\/de\/wp-json\/wp\/v2\/users\/1"}],"replies":[{"embeddable":true,"href":"https:\/\/flavorfiesta.foodiesconnect.net\/de\/wp-json\/wp\/v2\/comments?post=94"}],"version-history":[{"count":3,"href":"https:\/\/flavorfiesta.foodiesconnect.net\/de\/wp-json\/wp\/v2\/pages\/94\/revisions"}],"predecessor-version":[{"id":339,"href":"https:\/\/flavorfiesta.foodiesconnect.net\/de\/wp-json\/wp\/v2\/pages\/94\/revisions\/339"}],"wp:attachment":[{"href":"https:\/\/flavorfiesta.foodiesconnect.net\/de\/wp-json\/wp\/v2\/media?parent=94"}],"curies":[{"name":"wp","href":"https:\/\/api.w.org\/{rel}","templated":true}]}}